{"id":809,"date":"2015-11-24T13:59:45","date_gmt":"2015-11-24T12:59:45","guid":{"rendered":"http:\/\/amaqy.fr\/Liberte\/?page_id=809"},"modified":"2026-04-01T14:16:27","modified_gmt":"2026-04-01T13:16:27","slug":"accueil","status":"publish","type":"page","link":"https:\/\/amaqy.fr\/Liberte\/","title":{"rendered":"Bienvenue !"},"content":{"rendered":"<div class=\"wpb-content-wrapper\"><p>[vc_row][vc_column width=\u00a0\u00bb2\/3&Prime;][vc_single_image image=\u00a0\u00bb3200&Prime; img_size=\u00a0\u00bblarge\u00a0\u00bb css=\u00a0\u00bb\u00a0\u00bb][vc_column_text css=\u00a0\u00bb.vc_custom_1734601920423{margin-right: 50px !important;padding-top: 50px !important;padding-right: 50px !important;padding-bottom: 50px !important;padding-left: 50px !important;background-color: #c220db !important;border-radius: 25px !important;}\u00a0\u00bb]<strong style=\"color: white\">La Maison de Quartier de la Libert\u00e9 est heureuse de vous accueillir et de vous proposer des services, des animations et des activit\u00e9s tout au long de l\u2019ann\u00e9e.<\/strong><\/p>\n<p style=\"color: white\">Sa priorit\u00e9 est de d\u00e9velopper le mieux vivre ensemble dans ce quartier riche de ses diversit\u00e9s, de favoriser la participation des habitants et de d\u00e9velopper la solidarit\u00e9 en cr\u00e9ant du lien social et en soutenant la fonction \u00e9ducative.<\/p>\n<p style=\"color: white\">La Maison de Quartier g\u00e8re en collaboration avec la Maison de Quartier Centre Ville &#8211; Pont Morineau , le club de jeunes tous les samedis et pendant les vacances scolaire ainsi que l&rsquo;accompagnement scolaire coll\u00e9gien.<\/p>\n<p style=\"color: white\">Pour tout savoir sur notre Maison de Quartier n\u2019h\u00e9sitez pas \u00e0 venir chercher le Guide. Il vous permettra de conna\u00eetre les activit\u00e9s permanentes propos\u00e9es et\u00a0les associations qui interviennent au sein de la structure.<\/p>\n<p>[\/vc_column_text][\/vc_column][vc_column width=\u00a0\u00bb1\/3&Prime;][vc_column_text css=\u00a0\u00bb.vc_custom_1750941006048{background-color: #ffffff !important;}\u00a0\u00bb]<\/p>\n<h2 style=\"color: #c220db\"><strong>Horaires &amp; contact<\/strong><\/h2>\n<h2 class=\"vc_custom_heading\" style=\"text-align: left\"><span style=\"color: #ff00ff\"><strong style=\"color: #333333;font-size: 16px\">Hors Vacances scolaires:<\/strong><\/span><\/h2>\n<div class=\"wpb_text_column wpb_content_element \" style=\"text-align: left\">\n<div class=\"wpb_wrapper\">\n<p>Le Lundi 9h00 \u00e0 12h00 et 14h00 \u00e0 18h00<br \/>\nLe Mardi de 8h30 \u00e0 12h30 et 13h30 \u00e0 17h30<br \/>\nLe Mercredi 14h00 \u00e0 17h00 (ferm\u00e9 le mercredi matin au public)<br \/>\nLe Jeudi de 8h30 \u00e0 12h30 et 13h30 \u00e0 17h30<br \/>\nLe Vendredi de 09h00 \u00e0 12h et 14h \u00e0 17h00<\/p>\n<p><strong>Pendant les vacances scolaires<\/strong> :<\/p>\n<p>Du Lundi au Vendredi de 09h00 \u00e0 12h30 et de 13h30 \u00e0 17h00<\/p>\n<p class=\"vc_custom_heading\" style=\"text-align: left\"><strong><span style=\"font-size: 16px\">Standard : 02.51.36.05.22<br \/>\n<\/span><span style=\"font-size: 16px\">Mail : liberte@amaqy.fr<\/span><\/strong><\/div>\n<\/div>\n<p>[\/vc_column_text][vc_row_inner][vc_column_inner width=\u00a0\u00bb1\/2&Prime;][vc_single_image image=\u00a0\u00bb2633&Prime; img_size=\u00a0\u00bb56&#215;56&Prime; alignment=\u00a0\u00bbcenter\u00a0\u00bb onclick=\u00a0\u00bbcustom_link\u00a0\u00bb img_link_target=\u00a0\u00bb_blank\u00a0\u00bb link=\u00a0\u00bbhttps:\/\/www.facebook.com\/MaisondeQuartierLiberte\u00a0\u00bb][\/vc_column_inner][vc_column_inner width=\u00a0\u00bb1\/2&Prime;][vc_single_image image=\u00a0\u00bb2850&Prime; img_size=\u00a0\u00bb56&#215;56&Prime; alignment=\u00a0\u00bbcenter\u00a0\u00bb onclick=\u00a0\u00bbcustom_link\u00a0\u00bb img_link_target=\u00a0\u00bb_blank\u00a0\u00bb link=\u00a0\u00bbhttps:\/\/www.instagram.com\/amaqy_liberte\/\u00a0\u00bb][\/vc_column_inner][\/vc_row_inner][\/vc_column][\/vc_row][vc_row][vc_column][vc_empty_space][vc_row_inner][vc_column_inner][vc_column_text css=\u00a0\u00bb\u00a0\u00bb]<\/p>\n<h2 style=\"color: #c220db; text-align: center;\"><span style=\"text-decoration: underline;\"><strong>Actualit\u00e9s<\/strong><\/span><\/h2>\n<p>[\/vc_column_text][\/vc_column_inner][\/vc_row_inner][vc_row_inner][vc_column_inner width=\u00a0\u00bb1\/6&Prime;][vc_gallery interval=\u00a0\u00bb3&Prime; images=\u00a0\u00bb3272&Prime; img_size=\u00a0\u00bbmedium\u00a0\u00bb onclick=\u00a0\u00bbcustom_link\u00a0\u00bb custom_links_target=\u00a0\u00bb_blank\u00a0\u00bb css=\u00a0\u00bb\u00a0\u00bb title=\u00a0\u00bb\u00c9chos de la Libert\u00e9 d&rsquo;avril \u00e0 juin 2026&Prime; custom_links=\u00a0\u00bb#E-8_aHR0cHMlM0ElMkYlMkZkcml2ZS5nb29nbGUuY29tJTJGZmlsZSUyRmQlMkYxbnJreDFwUV81bUg1Um5ybGgtMldHdFpZSmJ3RlV3RDElMkZ2aWV3JTNGdXNwJTNEc2hhcmluZw==\u00a0\u00bb][\/vc_column_inner][vc_column_inner width=\u00a0\u00bb1\/6&Prime;][vc_gallery interval=\u00a0\u00bb3&Prime; images=\u00a0\u00bb3276&Prime; img_size=\u00a0\u00bbmedium\u00a0\u00bb onclick=\u00a0\u00bbimg_link_large\u00a0\u00bb custom_links_target=\u00a0\u00bb_blank\u00a0\u00bb css=\u00a0\u00bb\u00a0\u00bb title=\u00a0\u00bbExposition \u00e0 venir \u00e0 la MQ Libert\u00e9\u00a0\u00bb][\/vc_column_inner][vc_column_inner width=\u00a0\u00bb1\/6&Prime;][vc_gallery interval=\u00a0\u00bb3&Prime; images=\u00a0\u00bb3284&Prime; img_size=\u00a0\u00bbmedium\u00a0\u00bb onclick=\u00a0\u00bbcustom_link\u00a0\u00bb custom_links_target=\u00a0\u00bb_blank\u00a0\u00bb css=\u00a0\u00bb\u00a0\u00bb title=\u00a0\u00bbPlanning Vacances d&rsquo;avril 2026&Prime; custom_links=\u00a0\u00bb#E-8_aHR0cHMlM0ElMkYlMkZkcml2ZS5nb29nbGUuY29tJTJGZmlsZSUyRmQlMkYxTXdwaG5Ydk1kbDlNVzdEdUR6ME5PMlNHRDFjTkZWQ0klMkZ2aWV3JTNGdXNwJTNEc2hhcmluZw==\u00a0\u00bb][\/vc_column_inner][vc_column_inner width=\u00a0\u00bb1\/6&Prime;][vc_gallery interval=\u00a0\u00bb3&Prime; images=\u00a0\u00bb3288&Prime; img_size=\u00a0\u00bbmedium\u00a0\u00bb onclick=\u00a0\u00bbcustom_link\u00a0\u00bb custom_links_target=\u00a0\u00bb_blank\u00a0\u00bb css=\u00a0\u00bb\u00a0\u00bb title=\u00a0\u00bbGo\u00fbter Loto Libert\u00e9 du 17.04.2026&Prime; custom_links=\u00a0\u00bb#E-8_aHR0cHMlM0ElMkYlMkZkcml2ZS5nb29nbGUuY29tJTJGZmlsZSUyRmQlMkYxaEhDQzlETGVBU0tZWEF2b0hGem0xUktMM0x4SUt5ZGUlMkZ2aWV3JTNGdXNwJTNEc2hhcmluZw==\u00a0\u00bb][\/vc_column_inner][vc_column_inner width=\u00a0\u00bb1\/6&Prime;][\/vc_column_inner][vc_column_inner width=\u00a0\u00bb1\/6&Prime;][\/vc_column_inner][\/vc_row_inner][\/vc_column][\/vc_row][vc_row][vc_column][vc_column_text]<\/p>\n<h2 style=\"color: #c220db\"><strong>Documents utiles<\/strong><\/h2>\n<p>[\/vc_column_text][vc_btn title=\u00a0\u00bbGuide de l&rsquo;ann\u00e9e 2025-2026&Prime; color=\u00a0\u00bbwarning\u00a0\u00bb size=\u00a0\u00bblg\u00a0\u00bb align=\u00a0\u00bbcenter\u00a0\u00bb css_animation=\u00a0\u00bbfadeIn\u00a0\u00bb css=\u00a0\u00bb.vc_custom_1756805743302{margin-right: 50px !important;}\u00a0\u00bb button_block=\u00a0\u00bbtrue\u00a0\u00bb custom_onclick=\u00a0\u00bbtrue\u00a0\u00bb link=\u00a0\u00bburl:https%3A%2F%2Fdrive.google.com%2Ffile%2Fd%2F1Goufk1tSZmWyVaE60JOBLnfB-3fXiTtu%2Fview%3Fusp%3Dsharing|target:_blank\u00a0\u00bb][vc_btn title=\u00a0\u00bbPr\u00eat de mat\u00e9riel pour vos \u00e9v\u00e8nements\u00a0\u00bb color=\u00a0\u00bbjuicy-pink\u00a0\u00bb size=\u00a0\u00bblg\u00a0\u00bb align=\u00a0\u00bbcenter\u00a0\u00bb css_animation=\u00a0\u00bbfadeIn\u00a0\u00bb css=\u00a0\u00bb.vc_custom_1771492654233{margin-right: 50px !important;}\u00a0\u00bb button_block=\u00a0\u00bbtrue\u00a0\u00bb custom_onclick=\u00a0\u00bbtrue\u00a0\u00bb link=\u00a0\u00bburl:https%3A%2F%2Fdrive.google.com%2Ffile%2Fd%2F1udHpEkRLIYT26EACpPCtZ2npls5eIDzk%2Fview%3Fusp%3Dsharing|target:_blank\u00a0\u00bb][vc_btn title=\u00a0\u00bbINSCRIPTION AMAQY EN LIGNE\u00a0\u00bb color=\u00a0\u00bbsuccess\u00a0\u00bb size=\u00a0\u00bblg\u00a0\u00bb align=\u00a0\u00bbcenter\u00a0\u00bb css_animation=\u00a0\u00bbfadeIn\u00a0\u00bb css=\u00a0\u00bb.vc_custom_1734605499399{margin-right: 50px !important;}\u00a0\u00bb button_block=\u00a0\u00bbtrue\u00a0\u00bb custom_onclick=\u00a0\u00bbtrue\u00a0\u00bb link=\u00a0\u00bburl:http%3A%2F%2Famaqy.fr%2Famaqy-en-ligne%2F|||\u00a0\u00bb][vc_btn title=\u00a0\u00bbLaverie solidaire\u00a0\u00bb color=\u00a0\u00bbsky\u00a0\u00bb size=\u00a0\u00bblg\u00a0\u00bb align=\u00a0\u00bbcenter\u00a0\u00bb css_animation=\u00a0\u00bbfadeIn\u00a0\u00bb css=\u00a0\u00bb.vc_custom_1756805871850{margin-right: 50px !important;}\u00a0\u00bb button_block=\u00a0\u00bbtrue\u00a0\u00bb custom_onclick=\u00a0\u00bbtrue\u00a0\u00bb link=\u00a0\u00bburl:https%3A%2F%2Fdrive.google.com%2Ffile%2Fd%2F1X88czNpPBlVUyfeu3yuqTLz_S6Y9oc8m%2Fview%3Fusp%3Dsharing|target:_blank\u00a0\u00bb][vc_btn title=\u00a0\u00bbConna\u00eetre ses droits &#8211; Permanences de proximit\u00e9 2025-2026&Prime; color=\u00a0\u00bbviolet\u00a0\u00bb align=\u00a0\u00bbcenter\u00a0\u00bb css_animation=\u00a0\u00bbfadeIn\u00a0\u00bb css=\u00a0\u00bb.vc_custom_1756806002438{margin-right: 50px !important;}\u00a0\u00bb button_block=\u00a0\u00bbtrue\u00a0\u00bb custom_onclick=\u00a0\u00bbtrue\u00a0\u00bb link=\u00a0\u00bburl:https%3A%2F%2Fdrive.google.com%2Ffile%2Fd%2F1qlynWqor42Alc7g40wrp9qSURRZcMkWA%2Fview%3Fusp%3Dsharing\u00a0\u00bb][vc_gmaps link=\u00a0\u00bb#E-8_JTNDaWZyYW1lJTIwc3JjJTNEJTIyaHR0cHMlM0ElMkYlMkZ3d3cuZ29vZ2xlLmNvbSUyRm1hcHMlMkZlbWJlZCUzRnBiJTNEJTIxMW0xOCUyMTFtMTIlMjExbTMlMjExZDk0NzkuODY0Mjk3ODAwMjY4JTIxMmQtMS40Mzg5NjM5NTIwMzAzNjQzJTIxM2Q0Ni42NjMzNjQ0NjAzMTg2NSUyMTJtMyUyMTFmMCUyMTJmMCUyMTNmMCUyMTNtMiUyMTFpMTAyNCUyMTJpNzY4JTIxNGYxMy4xJTIxM20zJTIxMW0yJTIxMXMweDQ4MDQyZmY3ZDM0MTUxZjclMjUzQTB4NmYwZWQ5ZTQ5YjZiNTFjZCUyMTJzTWFpc29uJTI1MjBkZSUyNTIwUXVhcnRpZXIlMjUyMExpYmVydCUyNUMzJTI1QTklMjE1ZTAlMjEzbTIlMjExc2ZyJTIxMnNmciUyMTR2MTczNDYwMjA0MTIzOCUyMTVtMiUyMTFzZnIlMjEyc2ZyJTIyJTIwd2lkdGglM0QlMjI2MDAlMjIlMjBoZWlnaHQlM0QlMjI0NTAlMjIlMjBzdHlsZSUzRCUyMmJvcmRlciUzQTAlM0IlMjIlMjBhbGxvd2Z1bGxzY3JlZW4lM0QlMjIlMjIlMjBsb2FkaW5nJTNEJTIybGF6eSUyMiUyMHJlZmVycmVycG9saWN5JTNEJTIybm8tcmVmZXJyZXItd2hlbi1kb3duZ3JhZGUlMjIlM0UlM0MlMkZpZnJhbWUlM0U=\u00a0\u00bb css=\u00a0\u00bb.vc_custom_1734605514948{margin-right: 50px !important;}\u00a0\u00bb][vc_empty_space][\/vc_column][\/vc_row][vc_row][vc_column][\/vc_column][\/vc_row]<\/p>\n<\/div>","protected":false},"excerpt":{"rendered":"<p>[vc_row][vc_column width=\u00a0\u00bb2\/3&Prime;][vc_single_image image=\u00a0\u00bb3200&Prime; img_size=\u00a0\u00bblarge\u00a0\u00bb css=\u00a0\u00bb\u00a0\u00bb][vc_column_text css=\u00a0\u00bb.vc_custom_1734601920423{margin-right: 50px !important;padding-top: 50px !important;padding-right: 50px !important;padding-bottom: 50px !important;padding-left: 50px !important;background-color: #c220db !important;border-radius: 25px !important;}\u00a0\u00bb]La<\/p>\n","protected":false},"author":1,"featured_media":0,"parent":0,"menu_order":0,"comment_status":"closed","ping_status":"closed","template":"","meta":{"colormag_page_container_layout":"default_layout","colormag_page_sidebar_layout":"default_layout","footnotes":""},"class_list":["post-809","page","type-page","status-publish","hentry"],"_links":{"self":[{"href":"https:\/\/amaqy.fr\/Liberte\/wp-json\/wp\/v2\/pages\/809","targetHints":{"allow":["GET"]}}],"collection":[{"href":"https:\/\/amaqy.fr\/Liberte\/wp-json\/wp\/v2\/pages"}],"about":[{"href":"https:\/\/amaqy.fr\/Liberte\/wp-json\/wp\/v2\/types\/page"}],"author":[{"embeddable":true,"href":"https:\/\/amaqy.fr\/Liberte\/wp-json\/wp\/v2\/users\/1"}],"replies":[{"embeddable":true,"href":"https:\/\/amaqy.fr\/Liberte\/wp-json\/wp\/v2\/comments?post=809"}],"version-history":[{"count":5,"href":"https:\/\/amaqy.fr\/Liberte\/wp-json\/wp\/v2\/pages\/809\/revisions"}],"predecessor-version":[{"id":3289,"href":"https:\/\/amaqy.fr\/Liberte\/wp-json\/wp\/v2\/pages\/809\/revisions\/3289"}],"wp:attachment":[{"href":"https:\/\/amaqy.fr\/Liberte\/wp-json\/wp\/v2\/media?parent=809"}],"curies":[{"name":"wp","href":"https:\/\/api.w.org\/{rel}","templated":true}]}}