{"id":451,"date":"2014-06-11T11:51:08","date_gmt":"2014-06-11T10:51:08","guid":{"rendered":"http:\/\/amaqy.fr\/Liberte\/?page_id=451"},"modified":"2024-08-12T15:16:13","modified_gmt":"2024-08-12T14:16:13","slug":"accompagnement-a-la-scolarite-primaire","status":"publish","type":"page","link":"https:\/\/amaqy.fr\/Liberte\/enfance\/accompagnement-a-la-scolarite-primaire\/","title":{"rendered":"L\u2019accompagnement scolaire Coll\u00e9giens"},"content":{"rendered":"<div class=\"wpb-content-wrapper\"><p>[vc_row][vc_column][vc_column_text]<\/p>\n<p style=\"font-weight: 400\">Nous vous proposons d\u2019accompagner votre enfant dans la r\u00e9alisation des devoirs, dans l\u2019organisation, la confiance en soi et l\u2019anticipation, tout au long de l\u2019ann\u00e9e.<\/p>\n<p style=\"font-weight: 400\">Tous les<strong> mardis et jeudis de 17h30 \u00e0 19h<\/strong>, avec l\u2019aide de b\u00e9n\u00e9voles et des animateurs jeunesse.<\/p>\n<p>Si vous \u00eates int\u00e9ress\u00e9, contacter le responsable r\u00e9f\u00e9rent <strong>Nicolas PASQUIER<\/strong> au 07.63.56.13.08 ou au 02.51.36.05.22 qui vous proposera un rendez-vous.<\/p>\n<p style=\"font-weight: 400;text-align: center\"><span style=\"color: #ff0000\">Ce dispositif est gratuit, seule l\u2019adh\u00e9sion \u00e0 l\u2019ann\u00e9e familiale est obligatoire pour pouvoir \u00eatre inscrit.<\/span><\/p>\n<p style=\"font-weight: 400\"><em>Vous voulez devenir b\u00e9n\u00e9vole pour aider ces enfants \u00e0 progresser dans leur scolarit\u00e9, une et\/ou deux fois par semaine, n\u2019h\u00e9sitez plus et appelez la maison de quartier<\/em>.<\/p>\n<p>[\/vc_column_text][\/vc_column][\/vc_row]<\/p>\n<\/div>","protected":false},"excerpt":{"rendered":"<p>[vc_row][vc_column][vc_column_text] Nous vous proposons d\u2019accompagner votre enfant dans la r\u00e9alisation des devoirs, dans l\u2019organisation, la confiance en soi et l\u2019anticipation,<\/p>\n","protected":false},"author":1,"featured_media":0,"parent":14,"menu_order":4,"comment_status":"closed","ping_status":"closed","template":"","meta":{"colormag_page_container_layout":"default_layout","colormag_page_sidebar_layout":"default_layout","footnotes":""},"class_list":["post-451","page","type-page","status-publish","hentry"],"_links":{"self":[{"href":"https:\/\/amaqy.fr\/Liberte\/wp-json\/wp\/v2\/pages\/451","targetHints":{"allow":["GET"]}}],"collection":[{"href":"https:\/\/amaqy.fr\/Liberte\/wp-json\/wp\/v2\/pages"}],"about":[{"href":"https:\/\/amaqy.fr\/Liberte\/wp-json\/wp\/v2\/types\/page"}],"author":[{"embeddable":true,"href":"https:\/\/amaqy.fr\/Liberte\/wp-json\/wp\/v2\/users\/1"}],"replies":[{"embeddable":true,"href":"https:\/\/amaqy.fr\/Liberte\/wp-json\/wp\/v2\/comments?post=451"}],"version-history":[{"count":5,"href":"https:\/\/amaqy.fr\/Liberte\/wp-json\/wp\/v2\/pages\/451\/revisions"}],"predecessor-version":[{"id":2708,"href":"https:\/\/amaqy.fr\/Liberte\/wp-json\/wp\/v2\/pages\/451\/revisions\/2708"}],"up":[{"embeddable":true,"href":"https:\/\/amaqy.fr\/Liberte\/wp-json\/wp\/v2\/pages\/14"}],"wp:attachment":[{"href":"https:\/\/amaqy.fr\/Liberte\/wp-json\/wp\/v2\/media?parent=451"}],"curies":[{"name":"wp","href":"https:\/\/api.w.org\/{rel}","templated":true}]}}