{"id":18,"date":"2013-12-02T15:17:55","date_gmt":"2013-12-02T14:17:55","guid":{"rendered":"http:\/\/amaqy.fr\/Liberte\/?page_id=18"},"modified":"2026-03-10T17:03:02","modified_gmt":"2026-03-10T16:03:02","slug":"famille","status":"publish","type":"page","link":"https:\/\/amaqy.fr\/Liberte\/famille\/","title":{"rendered":"Famille"},"content":{"rendered":"<div class=\"wpb-content-wrapper\"><p>[vc_row equal_height=\u00a0\u00bbyes\u00a0\u00bb content_placement=\u00a0\u00bbmiddle\u00a0\u00bb][vc_column width=\u00a0\u00bb2\/3&Prime;][vc_column_text]<\/p>\n<h2 style=\"text-align: center;\">La \u00ab\u00a0Pause Parents\u00a0\u00bb<\/h2>\n<p>[\/vc_column_text][vc_column_text]<\/p>\n<p style=\"text-align: center;\"><em>Un moment convivial pour discuter, \u00e9changer, \u00eatre \u00e9cout\u00e9, obtenir une aide face aux difficult\u00e9s rencontr\u00e9es (relations parents \/enfants, scolarit\u00e9\u2026)<\/em><\/p>\n<p style=\"text-align: center;\"><em>\u00a0<\/em><strong><em>Pour qui<\/em><\/strong><em><strong>\u00a0?<\/strong> Tous les parents qui le souhaitent<\/em><\/p>\n<p style=\"text-align: center;\"><strong><em>O\u00f9\u00a0?<\/em><\/strong><em>\u00a0Temps d\u2019accueil \u00e0 la sortie de l\u2019\u00e9cole Laennec<\/em><\/p>\n<p style=\"text-align: center;\"><strong><em>Quand\u00a0?<\/em><\/strong><em> Le mardi de 8h30 \u00e0 9h30<\/em><\/p>\n<p>[\/vc_column_text][\/vc_column][vc_column width=\u00a0\u00bb1\/3&Prime;][vc_single_image image=\u00a0\u00bb3022&Prime; img_size=\u00a0\u00bbmedium\u00a0\u00bb alignment=\u00a0\u00bbcenter\u00a0\u00bb onclick=\u00a0\u00bbcustom_link\u00a0\u00bb img_link_target=\u00a0\u00bb_blank\u00a0\u00bb css=\u00a0\u00bb\u00a0\u00bb link=\u00a0\u00bbhttps:\/\/drive.google.com\/file\/d\/1-Jk_jeMSuSeQERWUfyXy7n2yekPBEaMw\/view?usp=sharing\u00a0\u00bb][\/vc_column][\/vc_row][vc_row][vc_column][vc_empty_space][\/vc_column][\/vc_row][vc_row equal_height=\u00a0\u00bbyes\u00a0\u00bb content_placement=\u00a0\u00bbmiddle\u00a0\u00bb][vc_column width=\u00a0\u00bb1\/3&Prime;][\/vc_column][vc_column width=\u00a0\u00bb2\/3&Prime;][vc_column_text]<\/p>\n<h2 style=\"text-align: center;\">Les ateliers de communication bienveillante<\/h2>\n<p>[\/vc_column_text][vc_column_text css=\u00a0\u00bb.vc_custom_1734599388735{margin-right: 10px !important;margin-left: 10px !important;}\u00a0\u00bb]<\/p>\n<p style=\"text-align: left;\"><em><span class=\"OYPEnA font-feature-liga-off font-feature-clig-off font-feature-calt-off text-decoration-none text-strikethrough-none\">Les ateliers de soutien \u00e0 la parentalit\u00e9 permettent de d\u00e9couvrir pas \u00e0 pas les bases de la communication: l\u2019\u00e9coute, l\u2019expression, la place des \u00e9motions, l\u2019affirmation de soi, l\u2019accueil de l\u2019autre&#8230;<\/span><\/em><\/p>\n<p><em><span class=\"OYPEnA font-feature-liga-off font-feature-clig-off font-feature-calt-off text-decoration-none text-strikethrough-none\">Ces rencontres permettent de se poser, d\u2019exp\u00e9rimenter ensemble et de mettre en \u0153uvre une communication adapt\u00e9e \u00e0 la relation \u00e9ducative pour un mieux vivre ensemble avec l\u2019accompagnement de Karin CEVER, professionnelle de la relation et de la communication.<\/span><\/em><\/p>\n<p>Cycle de 8 ateliers du 14 d\u00e9cembre 2024 au 16 juin 2025. <a href=\"https:\/\/drive.google.com\/file\/d\/1HaHUuo6bGZ4bVYaXKuDWuX3CTfp4PjGZ\/view\">Retrouvez toutes les informations sur la plaquette, disponible en cliquant ici (PDF).<\/a>[\/vc_column_text][\/vc_column][\/vc_row][vc_row][vc_column][vc_empty_space][\/vc_column][\/vc_row][vc_row][vc_column width=\u00a0\u00bb1\/2&Prime;][vc_column_text css=\u00a0\u00bb.vc_custom_1734599349830{margin-right: 10px !important;margin-left: 10px !important;}\u00a0\u00bb]<\/p>\n<h2 style=\"text-align: center;\">ATELIERS<\/h2>\n<p style=\"font-weight: 400;\"><em>Selon les demandes, possibilit\u00e9s de mettre en place des ateliers parents-enfants comme par exemple un atelier cuisine, art plastique\u2026<\/em><\/p>\n<p style=\"font-weight: 400;\"><em>D\u00e9couvrir le plaisir d\u2019apprendre et de cr\u00e9er ensemble, avec l\u2019accompagnement de l\u2019animatrice enfance \u2013 famille.<\/em><\/p>\n<p style=\"font-weight: 400;\"><em>\u00a0Restez attentifs \u00e0 l\u2019actualit\u00e9 de la maison de quartier pour avoir les informations sur la mise en place de ces ateliers (notamment sur les vacances scolaires)<\/em><\/p>\n<p>[\/vc_column_text][\/vc_column][vc_column width=\u00a0\u00bb1\/2&Prime;][vc_column_text css=\u00a0\u00bb.vc_custom_1734599359208{margin-right: 10px !important;margin-left: 10px !important;}\u00a0\u00bb]<\/p>\n<h2 style=\"text-align: center;\">SORTIES FAMILLES<\/h2>\n<p style=\"font-weight: 400;\"><em>Organis\u00e9es par les professionnels mais avec les familles, par des \u00e9changes et pr\u00e9paration d\u2019un calendrier annuel de sorties.<\/em><\/p>\n<p style=\"font-weight: 400;\"><em>Proposition d\u2019une ou deux sorties par trimestre, en soir\u00e9e, en journ\u00e9e, le week end ou pendant les vacances scolaires.<\/em><\/p>\n<p style=\"font-weight: 400;\"><em>A l\u2019attention d\u2019un public Famille<\/em><\/p>\n<p>[\/vc_column_text][\/vc_column][\/vc_row][vc_row][vc_column width=\u00a0\u00bb1\/2&Prime;][vc_single_image image=\u00a0\u00bb3202&Prime; img_size=\u00a0\u00bbmedium\u00a0\u00bb alignment=\u00a0\u00bbcenter\u00a0\u00bb onclick=\u00a0\u00bbcustom_link\u00a0\u00bb img_link_target=\u00a0\u00bb_blank\u00a0\u00bb css=\u00a0\u00bb\u00a0\u00bb link=\u00a0\u00bbhttps:\/\/drive.google.com\/file\/d\/1MZLj1sc0sAls8559Q9h0sypLHz_7AjQ5\/view?usp=sharing\u00a0\u00bb][vc_column_text css=\u00a0\u00bb\u00a0\u00bb][\/vc_column_text][\/vc_column][vc_column width=\u00a0\u00bb1\/2&Prime;][\/vc_column][\/vc_row][vc_row][vc_column][vc_column_text css=\u00a0\u00bb\u00a0\u00bb]<\/p>\n<h2 style=\"text-align: center;\">PROMENEUR DU NET<\/h2>\n<p>[\/vc_column_text][vc_single_image image=\u00a0\u00bb3063&Prime; img_size=\u00a0\u00bbmedium\u00a0\u00bb alignment=\u00a0\u00bbcenter\u00a0\u00bb onclick=\u00a0\u00bbimg_link_large\u00a0\u00bb img_link_target=\u00a0\u00bb_blank\u00a0\u00bb css=\u00a0\u00bb\u00a0\u00bb][\/vc_column][\/vc_row][vc_row][vc_column][\/vc_column][\/vc_row]<\/p>\n<\/div>","protected":false},"excerpt":{"rendered":"<p>[vc_row equal_height=\u00a0\u00bbyes\u00a0\u00bb content_placement=\u00a0\u00bbmiddle\u00a0\u00bb][vc_column width=\u00a0\u00bb2\/3&Prime;][vc_column_text] La \u00ab\u00a0Pause Parents\u00a0\u00bb [\/vc_column_text][vc_column_text] Un moment convivial pour discuter, \u00e9changer, \u00eatre \u00e9cout\u00e9, obtenir une aide face<\/p>\n","protected":false},"author":1,"featured_media":0,"parent":0,"menu_order":5,"comment_status":"closed","ping_status":"closed","template":"","meta":{"colormag_page_container_layout":"default_layout","colormag_page_sidebar_layout":"default_layout","footnotes":""},"class_list":["post-18","page","type-page","status-publish","hentry"],"_links":{"self":[{"href":"https:\/\/amaqy.fr\/Liberte\/wp-json\/wp\/v2\/pages\/18","targetHints":{"allow":["GET"]}}],"collection":[{"href":"https:\/\/amaqy.fr\/Liberte\/wp-json\/wp\/v2\/pages"}],"about":[{"href":"https:\/\/amaqy.fr\/Liberte\/wp-json\/wp\/v2\/types\/page"}],"author":[{"embeddable":true,"href":"https:\/\/amaqy.fr\/Liberte\/wp-json\/wp\/v2\/users\/1"}],"replies":[{"embeddable":true,"href":"https:\/\/amaqy.fr\/Liberte\/wp-json\/wp\/v2\/comments?post=18"}],"version-history":[{"count":5,"href":"https:\/\/amaqy.fr\/Liberte\/wp-json\/wp\/v2\/pages\/18\/revisions"}],"predecessor-version":[{"id":3268,"href":"https:\/\/amaqy.fr\/Liberte\/wp-json\/wp\/v2\/pages\/18\/revisions\/3268"}],"wp:attachment":[{"href":"https:\/\/amaqy.fr\/Liberte\/wp-json\/wp\/v2\/media?parent=18"}],"curies":[{"name":"wp","href":"https:\/\/api.w.org\/{rel}","templated":true}]}}