{"id":1763,"date":"2021-10-29T08:55:02","date_gmt":"2021-10-29T07:55:02","guid":{"rendered":"http:\/\/amaqy.fr\/Liberte\/?page_id=1763"},"modified":"2023-08-11T12:27:04","modified_gmt":"2023-08-11T11:27:04","slug":"education","status":"publish","type":"page","link":"https:\/\/amaqy.fr\/Liberte\/education\/","title":{"rendered":"Education"},"content":{"rendered":"<div class=\"wpb-content-wrapper\"><p>[vc_row][vc_column][vc_single_image image=\u00a0\u00bb2220&Prime; img_size=\u00a0\u00bbfull\u00a0\u00bb alignment=\u00a0\u00bbcenter\u00a0\u00bb style=\u00a0\u00bbvc_box_outline\u00a0\u00bb border_color=\u00a0\u00bbpeacoc\u00a0\u00bb][\/vc_column][\/vc_row][vc_row][vc_column width=\u00a0\u00bb1\/2&Prime;][vc_column_text]<strong>NOTRE D\u00c9FINITION :<\/strong><\/p>\n<p>Elle contribue au processus de socialisation des individus.<br \/>\nElle reconnait et encourage la volont\u00e9 et la capacit\u00e9 de chacun \u00e0 progresser et se d\u00e9velopper tout au long de la vie. Cela participe \u00e0 l&rsquo;\u00e9mancipation de la personne en tant que citoyen.<\/p>\n<p>&nbsp;[\/vc_column_text][\/vc_column][vc_column width=\u00a0\u00bb1\/2&Prime;][vc_column_text]<strong>NOS OBJECTIFS :<\/strong><br \/>\n. Accompagner les initiatives, contribuant au vivre ensemble, \u00e0 la solidarit\u00e9, \u00e0 la d\u00e9couverte, au faire ensemble<br \/>\n. Valoriser et transmettre les savoirs, les savoir-faire, les savoir-\u00eatre, les habilet\u00e9s et les comp\u00e9tences<br \/>\n. Promouvoir les espaces de co-\u00e9ducation<br \/>\n. Faire vivre des espaces de participation, d&rsquo;expression et d&rsquo;\u00e9changes[\/vc_column_text][\/vc_column][\/vc_row][vc_row][vc_column][vc_column_text css_animation=\u00a0\u00bbbounceIn\u00a0\u00bb]<\/p>\n<h4 style=\"text-align: center\">Vous avez envie de venir nous aider \u00e0 r\u00e9fl\u00e9chir sur plusieurs chantiers : Rejoignez-nous !<\/h4>\n<p>[\/vc_column_text][\/vc_column][\/vc_row][vc_row][vc_column][vc_column_text]<strong>CHANTIER 1 :<br \/>\n<\/strong>Mise en place de projet favorisant l&rsquo;engagement des jeunes<\/p>\n<p><strong>CHANTIER 2:<br \/>\n<\/strong>Cr\u00e9er des liens Maison de quartier \/ \u00c9cole<\/p>\n<p><strong>CHANTIER 3 :<br \/>\n<\/strong>\u00c9ducation aux outils num\u00e9riques pour savoir faire et pouvoir communiquer et \u00e9changer (interg\u00e9n\u00e9rationnel)<\/p>\n<p><strong>CHANTIER 4 :<br \/>\n<\/strong>\u00catre un lieu d\u00e9mocratique : citoyen \u00e9clair\u00e9, remettre du sens, cr\u00e9er des espaces de d\u00e9bat sur les faits de soci\u00e9t\u00e9 en lien avec nos th\u00e8mes<\/p>\n<p><strong>CHANTIER 5 :<br \/>\n<\/strong>Formation des b\u00e9n\u00e9voles<\/p>\n<p><strong>CHANTIER 6 :<br \/>\n<\/strong>Mettre en place des projets f\u00e9d\u00e9rateurs[\/vc_column_text][\/vc_column][\/vc_row]<\/p>\n<\/div>","protected":false},"excerpt":{"rendered":"<p>[vc_row][vc_column][vc_single_image image=\u00a0\u00bb2220&Prime; img_size=\u00a0\u00bbfull\u00a0\u00bb alignment=\u00a0\u00bbcenter\u00a0\u00bb style=\u00a0\u00bbvc_box_outline\u00a0\u00bb border_color=\u00a0\u00bbpeacoc\u00a0\u00bb][\/vc_column][\/vc_row][vc_row][vc_column width=\u00a0\u00bb1\/2&Prime;][vc_column_text]NOTRE D\u00c9FINITION : Elle contribue au processus de socialisation des individus. Elle reconnait et<\/p>\n","protected":false},"author":1,"featured_media":0,"parent":0,"menu_order":0,"comment_status":"closed","ping_status":"closed","template":"","meta":{"colormag_page_container_layout":"default_layout","colormag_page_sidebar_layout":"default_layout","footnotes":""},"class_list":["post-1763","page","type-page","status-publish","hentry"],"_links":{"self":[{"href":"https:\/\/amaqy.fr\/Liberte\/wp-json\/wp\/v2\/pages\/1763","targetHints":{"allow":["GET"]}}],"collection":[{"href":"https:\/\/amaqy.fr\/Liberte\/wp-json\/wp\/v2\/pages"}],"about":[{"href":"https:\/\/amaqy.fr\/Liberte\/wp-json\/wp\/v2\/types\/page"}],"author":[{"embeddable":true,"href":"https:\/\/amaqy.fr\/Liberte\/wp-json\/wp\/v2\/users\/1"}],"replies":[{"embeddable":true,"href":"https:\/\/amaqy.fr\/Liberte\/wp-json\/wp\/v2\/comments?post=1763"}],"version-history":[{"count":2,"href":"https:\/\/amaqy.fr\/Liberte\/wp-json\/wp\/v2\/pages\/1763\/revisions"}],"predecessor-version":[{"id":2221,"href":"https:\/\/amaqy.fr\/Liberte\/wp-json\/wp\/v2\/pages\/1763\/revisions\/2221"}],"wp:attachment":[{"href":"https:\/\/amaqy.fr\/Liberte\/wp-json\/wp\/v2\/media?parent=1763"}],"curies":[{"name":"wp","href":"https:\/\/api.w.org\/{rel}","templated":true}]}}