{"id":1757,"date":"2021-10-29T08:50:21","date_gmt":"2021-10-29T07:50:21","guid":{"rendered":"http:\/\/amaqy.fr\/Liberte\/?page_id=1757"},"modified":"2023-08-11T12:30:57","modified_gmt":"2023-08-11T11:30:57","slug":"transition-ecologique","status":"publish","type":"page","link":"https:\/\/amaqy.fr\/Liberte\/transition-ecologique\/","title":{"rendered":"Transition \u00e9cologique"},"content":{"rendered":"<div class=\"wpb-content-wrapper\"><p>[vc_row][vc_column][vc_single_image image=\u00a0\u00bb2213&Prime; img_size=\u00a0\u00bblarge\u00a0\u00bb alignment=\u00a0\u00bbcenter\u00a0\u00bb style=\u00a0\u00bbvc_box_shadow_border_circle\u00a0\u00bb][\/vc_column][\/vc_row][vc_row][vc_column width=\u00a0\u00bb1\/2&Prime;][vc_column_text]<strong>NOTRE D\u00c9FINITION<\/strong> :<br \/>\nChangement dans nos mani\u00e8res de consommer, de produire, de travailler et de vivre ensemble. Cette transition est une r\u00e9ponse aux enjeux environnementaux.[\/vc_column_text][\/vc_column][vc_column width=\u00a0\u00bb1\/2&Prime;][vc_column_text]<strong>NOS OBJECTIFS :<\/strong><br \/>\n. Mettre nos organisations et nos pratiques en coh\u00e9rence avec les enjeux de la transition \u00e9cologique<br \/>\n. \u00ab\u00a0Faire prendre conscience\u00a0\u00bb (conscientiser) \u00e0 la population des enjeux urgents et vitaux de la transition \u00e9cologique<br \/>\n. Mutualiser les comp\u00e9tences et les exp\u00e9riences de chacun vers une transformation de nos pratiques<br \/>\n. Accompagner les habitants vers cette \u00e9volution en favorisant des exp\u00e9rimentations[\/vc_column_text][\/vc_column][\/vc_row][vc_row][vc_column][vc_column_text]<\/p>\n<h4 style=\"text-align: center\">VOUS AVEZ ENVIE DE VENIR NOUS AIDER SUR PLUSIEURS CHANTIERS &#8211; REJOIGNEZ NOUS<\/h4>\n<p>[\/vc_column_text][\/vc_column][\/vc_row][vc_row][vc_column][vc_column_text]<strong>CHANTIER 1 :<br \/>\n<\/strong>Faire tendre l&rsquo;AMAQY vers des pratiques \u00e9coresponsables<\/p>\n<p><strong>CHANTIER 2 :<br \/>\n<\/strong>D\u00e9veloppement de l&rsquo;information sur les pratiques environnementales et \u00e9nerg\u00e9tiques<\/p>\n<p><strong>CHANTIER 3 :<br \/>\n<\/strong>\u00c9ducation et sensibilisation des habitants \u00e0 des actions environnementales<\/p>\n<p><strong>CHANTIER 4 :<br \/>\n<\/strong>Aider \u00e0 la transformation de nos mobilit\u00e9s urbaines pour r\u00e9duire l&#8217;empreinte carbone (promotion des d\u00e9placements doux)<\/p>\n<p>&nbsp;<\/p>\n<p>&nbsp;[\/vc_column_text][\/vc_column][\/vc_row]<\/p>\n<\/div>","protected":false},"excerpt":{"rendered":"<p>[vc_row][vc_column][vc_single_image image=\u00a0\u00bb2213&Prime; img_size=\u00a0\u00bblarge\u00a0\u00bb alignment=\u00a0\u00bbcenter\u00a0\u00bb style=\u00a0\u00bbvc_box_shadow_border_circle\u00a0\u00bb][\/vc_column][\/vc_row][vc_row][vc_column width=\u00a0\u00bb1\/2&Prime;][vc_column_text]NOTRE D\u00c9FINITION : Changement dans nos mani\u00e8res de consommer, de produire, de travailler et de<\/p>\n","protected":false},"author":1,"featured_media":0,"parent":0,"menu_order":0,"comment_status":"closed","ping_status":"closed","template":"","meta":{"colormag_page_container_layout":"default_layout","colormag_page_sidebar_layout":"default_layout","footnotes":""},"class_list":["post-1757","page","type-page","status-publish","hentry"],"_links":{"self":[{"href":"https:\/\/amaqy.fr\/Liberte\/wp-json\/wp\/v2\/pages\/1757","targetHints":{"allow":["GET"]}}],"collection":[{"href":"https:\/\/amaqy.fr\/Liberte\/wp-json\/wp\/v2\/pages"}],"about":[{"href":"https:\/\/amaqy.fr\/Liberte\/wp-json\/wp\/v2\/types\/page"}],"author":[{"embeddable":true,"href":"https:\/\/amaqy.fr\/Liberte\/wp-json\/wp\/v2\/users\/1"}],"replies":[{"embeddable":true,"href":"https:\/\/amaqy.fr\/Liberte\/wp-json\/wp\/v2\/comments?post=1757"}],"version-history":[{"count":4,"href":"https:\/\/amaqy.fr\/Liberte\/wp-json\/wp\/v2\/pages\/1757\/revisions"}],"predecessor-version":[{"id":2223,"href":"https:\/\/amaqy.fr\/Liberte\/wp-json\/wp\/v2\/pages\/1757\/revisions\/2223"}],"wp:attachment":[{"href":"https:\/\/amaqy.fr\/Liberte\/wp-json\/wp\/v2\/media?parent=1757"}],"curies":[{"name":"wp","href":"https:\/\/api.w.org\/{rel}","templated":true}]}}