{"id":1752,"date":"2021-10-29T08:49:00","date_gmt":"2021-10-29T07:49:00","guid":{"rendered":"http:\/\/amaqy.fr\/Liberte\/?page_id=1752"},"modified":"2025-12-03T11:21:28","modified_gmt":"2025-12-03T10:21:28","slug":"petite-enfance","status":"publish","type":"page","link":"https:\/\/amaqy.fr\/Liberte\/petite-enfance\/","title":{"rendered":"Petite enfance"},"content":{"rendered":"<div class=\"wpb-content-wrapper\"><p>[vc_row][vc_column][vc_column_text]<\/p>\n<p style=\"font-weight: 400\">\u00ab<em> Nous proposons pour vos petits bouts de 0 \u00e0 4 ans, 2 activit\u00e9s petite enfance :<\/em><\/p>\n<p style=\"font-weight: 400\"><em>&#8211;\u00a0\u00a0\u00a0\u00a0\u00a0\u00a0\u00a0\u00a0\u00a0\u00a0La\u00a0<strong>\u00ab\u00a0<span style=\"color: #ff00ff\">Bougeoth\u00e8que<\/span>\u00a0\u00bb<\/strong> : espace de motricit\u00e9 1 mercredi par mois \u00e0 partir de 9h30 jusqu&rsquo;\u00e0 11h30 et\/ou 1 samedi de 10h \u00e0 12h, dans la grande salle de la maison de quartier (espace Parents-Enfants : accueil , jeux et motricit\u00e9).<\/em><\/p>\n<p style=\"font-weight: 400\"><em>\u00a0<\/em><\/p>\n<p style=\"font-weight: 400\"><em>&#8211;\u00a0\u00a0\u00a0\u00a0\u00a0\u00a0\u00a0\u00a0\u00a0\u00a0Les\u00a0<strong>\u00ab\u00a0<span style=\"color: #ff00ff\">ateliers d\u2019\u00e9veil\u00a0<\/span>\u00bb,<\/strong> en partenariat avec deux intervenantes :\u00a0 \u00ab M\u00e9li Bien Na\u00eetre \u00bb avec Am\u00e9lie (atelier \u00e9veil corporel et relaxation) ainsi que \u00ab O\u2019Parfum d\u2019Enfance \u00bb avec Sophie (\u00e9veil musical), 1 mercredi par mois de 10h \u00e0 11h dans la grande salle de la maison de quartier.<\/em><\/p>\n<p style=\"font-weight: 400\"><em>Des activit\u00e9s permettant de partager des moments d\u2019\u00e9change et de complicit\u00e9\u2026<\/em><\/p>\n<p style=\"font-weight: 400\"><em><strong>Inscriptions aupr\u00e8s de la maison de quartier au 02.51.36.05.22 ou par mail \u00e0 : liberte@amaqy.fr<\/strong><\/em><\/p>\n<p>[\/vc_column_text][\/vc_column][\/vc_row][vc_row][vc_column][\/vc_column][\/vc_row][vc_row][vc_column width=\u00a0\u00bb1\/2&Prime;][vc_single_image image=\u00a0\u00bb3130&Prime; img_size=\u00a0\u00bbmedium\u00a0\u00bb alignment=\u00a0\u00bbcenter\u00a0\u00bb onclick=\u00a0\u00bbimg_link_large\u00a0\u00bb img_link_target=\u00a0\u00bb_blank\u00a0\u00bb css=\u00a0\u00bb\u00a0\u00bb title=\u00a0\u00bbAtelier d&rsquo;\u00e9veil Mercredi et Samedi 2026&Prime; el_id=\u00a0\u00bbhttps:\/\/drive.google.com\/file\/d\/1AkzaCLpX3oiwA-9oSp2ksOAv9J54a5Yd\/view?usp=sharing\u00a0\u00bb][\/vc_column][vc_column width=\u00a0\u00bb1\/2&Prime;][vc_single_image image=\u00a0\u00bb3139&Prime; img_size=\u00a0\u00bbmedium\u00a0\u00bb alignment=\u00a0\u00bbcenter\u00a0\u00bb onclick=\u00a0\u00bbimg_link_large\u00a0\u00bb img_link_target=\u00a0\u00bb_blank\u00a0\u00bb css=\u00a0\u00bb\u00a0\u00bb title=\u00a0\u00bbBougeoth\u00e8que du Mercredi pour l&rsquo;ann\u00e9e 2026&Prime; el_id=\u00a0\u00bbhttps:\/\/drive.google.com\/file\/d\/155b9CzCwysUJ64KXBqxc0sIAA_jbs-Ac\/view?usp=sharing\u00a0\u00bb][\/vc_column][\/vc_row][vc_row][vc_column][vc_single_image image=\u00a0\u00bb3140&Prime; img_size=\u00a0\u00bbmedium\u00a0\u00bb alignment=\u00a0\u00bbcenter\u00a0\u00bb onclick=\u00a0\u00bbimg_link_large\u00a0\u00bb img_link_target=\u00a0\u00bb_blank\u00a0\u00bb css=\u00a0\u00bb\u00a0\u00bb title=\u00a0\u00bbBougeoth\u00e8que du samedi pour l&rsquo;ann\u00e9e 2026&Prime; el_id=\u00a0\u00bbhttps:\/\/drive.google.com\/file\/d\/1BDCKa-Qjg2IiJClYh0TJa6IttDugxiWE\/view?usp=sharing\u00a0\u00bb][\/vc_column][\/vc_row]<\/p>\n<\/div>","protected":false},"excerpt":{"rendered":"<p>[vc_row][vc_column][vc_column_text] \u00ab Nous proposons pour vos petits bouts de 0 \u00e0 4 ans, 2 activit\u00e9s petite enfance : &#8211;\u00a0\u00a0\u00a0\u00a0\u00a0\u00a0\u00a0\u00a0\u00a0\u00a0La\u00a0\u00ab\u00a0Bougeoth\u00e8que\u00a0\u00bb :<\/p>\n","protected":false},"author":1,"featured_media":0,"parent":0,"menu_order":0,"comment_status":"closed","ping_status":"closed","template":"","meta":{"colormag_page_container_layout":"default_layout","colormag_page_sidebar_layout":"default_layout","footnotes":""},"class_list":["post-1752","page","type-page","status-publish","hentry"],"_links":{"self":[{"href":"https:\/\/amaqy.fr\/Liberte\/wp-json\/wp\/v2\/pages\/1752","targetHints":{"allow":["GET"]}}],"collection":[{"href":"https:\/\/amaqy.fr\/Liberte\/wp-json\/wp\/v2\/pages"}],"about":[{"href":"https:\/\/amaqy.fr\/Liberte\/wp-json\/wp\/v2\/types\/page"}],"author":[{"embeddable":true,"href":"https:\/\/amaqy.fr\/Liberte\/wp-json\/wp\/v2\/users\/1"}],"replies":[{"embeddable":true,"href":"https:\/\/amaqy.fr\/Liberte\/wp-json\/wp\/v2\/comments?post=1752"}],"version-history":[{"count":5,"href":"https:\/\/amaqy.fr\/Liberte\/wp-json\/wp\/v2\/pages\/1752\/revisions"}],"predecessor-version":[{"id":3152,"href":"https:\/\/amaqy.fr\/Liberte\/wp-json\/wp\/v2\/pages\/1752\/revisions\/3152"}],"wp:attachment":[{"href":"https:\/\/amaqy.fr\/Liberte\/wp-json\/wp\/v2\/media?parent=1752"}],"curies":[{"name":"wp","href":"https:\/\/api.w.org\/{rel}","templated":true}]}}