{"id":1739,"date":"2021-10-28T08:32:24","date_gmt":"2021-10-28T07:32:24","guid":{"rendered":"http:\/\/amaqy.fr\/Liberte\/?page_id=1739"},"modified":"2023-08-11T12:29:08","modified_gmt":"2023-08-11T11:29:08","slug":"culturelles","status":"publish","type":"page","link":"https:\/\/amaqy.fr\/Liberte\/culturelles\/","title":{"rendered":"Culturelles"},"content":{"rendered":"<div class=\"wpb-content-wrapper\"><p>[vc_row 0=\u00a0\u00bb\u00a0\u00bb][vc_column width=\u00a0\u00bb1\/3&Prime;][vc_single_image image=\u00a0\u00bb2217&Prime; img_size=\u00a0\u00bbmedium\u00a0\u00bb style=\u00a0\u00bbvc_box_outline_circle_2&Prime;][\/vc_column][vc_column width=\u00a0\u00bb1\/3&Prime;][vc_column_text 0=\u00a0\u00bb\u00a0\u00bb]<\/p>\n<p style=\"text-align: center\"><strong>NOTRE D\u00c9FINITION :<\/strong><\/p>\n<p style=\"text-align: center\">La culture peut-\u00eatre consid\u00e9r\u00e9e comme l&rsquo;ensemble des traits distinctifs, spirituels, mat\u00e9riels et affectifs qui soudent une soci\u00e9t\u00e9 ou un groupe social par ce qui est appris, transmis, produit et cr\u00e9\u00e9.<\/p>\n<p style=\"text-align: center\"><strong>NOS OBJECTIFS :<\/strong><\/p>\n<p style=\"text-align: center\">. Rendre accessible pour tous la culture sous toutes ses formes<br \/>\n. Faire d\u00e9couvrir d&rsquo;autres cultures<br \/>\n. Favoriser l&rsquo;interconnaissance par la mise en relation<br \/>\n. Amener \u00e0 faire ensemble dans l&rsquo;\u00e9change et le partage<\/p>\n<p>&nbsp;<\/p>\n<p>&nbsp;[\/vc_column_text][\/vc_column][vc_column width=\u00a0\u00bb1\/3&Prime;][vc_single_image image=\u00a0\u00bb2218&Prime; img_size=\u00a0\u00bbfull\u00a0\u00bb][\/vc_column][\/vc_row][vc_row 0=\u00a0\u00bb\u00a0\u00bb][vc_column 0=\u00a0\u00bb\u00a0\u00bb][vc_column_text 0=\u00a0\u00bb\u00a0\u00bb]<\/p>\n<h4 style=\"text-align: center\">VOUS AVEZ ENVIE DE VENIR NOUS AIDER SUR PLUSIERS CHANTIERS<br \/>\n&#8211;<br \/>\nREJOIGNEZ-NOUS<\/h4>\n<p>[\/vc_column_text][\/vc_column][\/vc_row][vc_row 0=\u00a0\u00bb\u00a0\u00bb][vc_column 0=\u00a0\u00bb\u00a0\u00bb][vc_column_text 0=\u00a0\u00bb\u00a0\u00bb]<strong>CHANTIER 1 :<\/strong><br \/>\nConserver et conforter ce qui existe actuellement dans la mission culture<\/p>\n<p><strong>CHANTIER 2 :<\/strong><br \/>\nRencontres, \u00e9changes et r\u00e9ciprocit\u00e9 interculturels (sur les 4 ans du PAGS)<\/p>\n<p><strong>CHANTIER 3 :<\/strong><br \/>\nCr\u00e9er un \u00e9v\u00e8nement culturel partenarial (2 fois par an)<\/p>\n<p><strong>CHANTIER 4 :<\/strong><br \/>\nAm\u00e9liorer la communication[\/vc_column_text][\/vc_column][\/vc_row]<\/p>\n<\/div>","protected":false},"excerpt":{"rendered":"<p>[vc_row 0=\u00a0\u00bb\u00a0\u00bb][vc_column width=\u00a0\u00bb1\/3&Prime;][vc_single_image image=\u00a0\u00bb2217&Prime; img_size=\u00a0\u00bbmedium\u00a0\u00bb style=\u00a0\u00bbvc_box_outline_circle_2&Prime;][\/vc_column][vc_column width=\u00a0\u00bb1\/3&Prime;][vc_column_text 0=\u00a0\u00bb\u00a0\u00bb] NOTRE D\u00c9FINITION : La culture peut-\u00eatre consid\u00e9r\u00e9e comme l&rsquo;ensemble des traits distinctifs,<\/p>\n","protected":false},"author":1,"featured_media":0,"parent":0,"menu_order":0,"comment_status":"closed","ping_status":"closed","template":"","meta":{"colormag_page_container_layout":"default_layout","colormag_page_sidebar_layout":"default_layout","footnotes":""},"class_list":["post-1739","page","type-page","status-publish","hentry"],"_links":{"self":[{"href":"https:\/\/amaqy.fr\/Liberte\/wp-json\/wp\/v2\/pages\/1739","targetHints":{"allow":["GET"]}}],"collection":[{"href":"https:\/\/amaqy.fr\/Liberte\/wp-json\/wp\/v2\/pages"}],"about":[{"href":"https:\/\/amaqy.fr\/Liberte\/wp-json\/wp\/v2\/types\/page"}],"author":[{"embeddable":true,"href":"https:\/\/amaqy.fr\/Liberte\/wp-json\/wp\/v2\/users\/1"}],"replies":[{"embeddable":true,"href":"https:\/\/amaqy.fr\/Liberte\/wp-json\/wp\/v2\/comments?post=1739"}],"version-history":[{"count":5,"href":"https:\/\/amaqy.fr\/Liberte\/wp-json\/wp\/v2\/pages\/1739\/revisions"}],"predecessor-version":[{"id":2222,"href":"https:\/\/amaqy.fr\/Liberte\/wp-json\/wp\/v2\/pages\/1739\/revisions\/2222"}],"wp:attachment":[{"href":"https:\/\/amaqy.fr\/Liberte\/wp-json\/wp\/v2\/media?parent=1739"}],"curies":[{"name":"wp","href":"https:\/\/api.w.org\/{rel}","templated":true}]}}