{"id":1738,"date":"2021-10-28T08:32:24","date_gmt":"2021-10-28T07:32:24","guid":{"rendered":"http:\/\/amaqy.fr\/Liberte\/?page_id=1738"},"modified":"2023-08-11T10:36:30","modified_gmt":"2023-08-11T09:36:30","slug":"loisirs","status":"publish","type":"page","link":"https:\/\/amaqy.fr\/Liberte\/loisirs\/","title":{"rendered":"Loisirs"},"content":{"rendered":"<div class=\"wpb-content-wrapper\"><p>[vc_row][vc_column width=\u00a0\u00bb1\/2&Prime;][vc_single_image image=\u00a0\u00bb2210&Prime; img_size=\u00a0\u00bbmedium\u00a0\u00bb][vc_column_text]<strong>Nos objectifs :\u00a0<\/strong><\/p>\n<p>. Proposer des activit\u00e9s de loisirs collectifs, participatifs, diversifi\u00e9s,<br \/>\n. Permettre l&rsquo;accessibilit\u00e9 \u00e0 un temps de loisirs au plus grand nombre,<br \/>\n. Ouvrir les Maisons de Quartier comme des espaces d&rsquo;accueil, des lieux d&rsquo;incubation et de maturation de projets collectifs,<br \/>\n. Imaginer des espaces et temps de loisirs nouveaux, innovants, insolites, curieux, attratifs[\/vc_column_text][\/vc_column][vc_column width=\u00a0\u00bb1\/2&Prime;][vc_single_image image=\u00a0\u00bb2209&Prime; img_size=\u00a0\u00bbmedium\u00a0\u00bb][vc_column_text]<strong>NOTRE D\u00c9FINITION :<\/strong><\/p>\n<p>Ensemble d&rsquo;occupations auxquelles l&rsquo;individu choisit de s&rsquo;adonner sur son temps lib\u00e9r\u00e9 en dehors de toute obligation.[\/vc_column_text][\/vc_column][\/vc_row][vc_row][vc_column][vc_column_text]<\/p>\n<h4 style=\"text-align: center\">Vous avez envie de venir nous aider \u00e0 r\u00e9fl\u00e9chir sur plusieurs chantiers : Rejoignez-nous !<\/h4>\n<p>&nbsp;<\/p>\n<p>&nbsp;[\/vc_column_text][\/vc_column][\/vc_row][vc_row][vc_column][vc_column_text]<strong>CHANTIER 1 :<\/strong><\/p>\n<p>Favoriser, d\u00e9velopper et accompagner l&rsquo;accueil des publics porteurs de handicap sur l&rsquo;ensemble de nos structures.<\/p>\n<p><strong>CHANTIER 2 :<\/strong><\/p>\n<p>D\u00e9velopper des projets de vacances collectives en lien avec les axes du projet, base de loisirs s\u00e9niors\/adultes\/familles.<\/p>\n<p><strong>CHANTIER 3 :<\/strong><\/p>\n<p>Mettre en place une tarification abordable pour tous.<\/p>\n<p><strong>CHANTIER 4 :<\/strong><\/p>\n<p>F\u00e9d\u00e9rer les habitants autour d&rsquo;initiatives collectives.<\/p>\n<p>&nbsp;[\/vc_column_text][\/vc_column][\/vc_row]<\/p>\n<\/div>","protected":false},"excerpt":{"rendered":"<p>[vc_row][vc_column width=\u00a0\u00bb1\/2&Prime;][vc_single_image image=\u00a0\u00bb2210&Prime; img_size=\u00a0\u00bbmedium\u00a0\u00bb][vc_column_text]Nos objectifs :\u00a0 . Proposer des activit\u00e9s de loisirs collectifs, participatifs, diversifi\u00e9s, . Permettre l&rsquo;accessibilit\u00e9 \u00e0 un<\/p>\n","protected":false},"author":1,"featured_media":0,"parent":0,"menu_order":0,"comment_status":"closed","ping_status":"closed","template":"","meta":{"colormag_page_container_layout":"default_layout","colormag_page_sidebar_layout":"default_layout","footnotes":""},"class_list":["post-1738","page","type-page","status-publish","hentry"],"_links":{"self":[{"href":"https:\/\/amaqy.fr\/Liberte\/wp-json\/wp\/v2\/pages\/1738","targetHints":{"allow":["GET"]}}],"collection":[{"href":"https:\/\/amaqy.fr\/Liberte\/wp-json\/wp\/v2\/pages"}],"about":[{"href":"https:\/\/amaqy.fr\/Liberte\/wp-json\/wp\/v2\/types\/page"}],"author":[{"embeddable":true,"href":"https:\/\/amaqy.fr\/Liberte\/wp-json\/wp\/v2\/users\/1"}],"replies":[{"embeddable":true,"href":"https:\/\/amaqy.fr\/Liberte\/wp-json\/wp\/v2\/comments?post=1738"}],"version-history":[{"count":4,"href":"https:\/\/amaqy.fr\/Liberte\/wp-json\/wp\/v2\/pages\/1738\/revisions"}],"predecessor-version":[{"id":2216,"href":"https:\/\/amaqy.fr\/Liberte\/wp-json\/wp\/v2\/pages\/1738\/revisions\/2216"}],"wp:attachment":[{"href":"https:\/\/amaqy.fr\/Liberte\/wp-json\/wp\/v2\/media?parent=1738"}],"curies":[{"name":"wp","href":"https:\/\/api.w.org\/{rel}","templated":true}]}}