{"id":12,"date":"2013-12-02T15:16:33","date_gmt":"2013-12-02T14:16:33","guid":{"rendered":"http:\/\/amaqy.fr\/Liberte\/?page_id=12"},"modified":"2024-08-12T14:01:47","modified_gmt":"2024-08-12T13:01:47","slug":"notre-projet","status":"publish","type":"page","link":"https:\/\/amaqy.fr\/Liberte\/notre-projet\/","title":{"rendered":"Notre projet"},"content":{"rendered":"<div class=\"wpb-content-wrapper\"><p>[vc_row][vc_column 0=\u00a0\u00bb\u00a0\u00bb][vc_column_text]<span style=\"color: #ff00ff\">Une Maison de Quartier est un \u00e9quipement \u00e0 vocation d\u2019Animation Sociale Globale. Elle est fond\u00e9e sur les valeurs de l&rsquo;\u00e9ducation populaire.<\/span><\/p>\n<p>Mais on y fait quoi dans une maison de quartier ?[\/vc_column_text][\/vc_column][\/vc_row][vc_row][vc_column width=\u00a0\u00bb1\/3&Prime;][vc_column_text]Le centre social organise le centre de loisirs, l&rsquo;accueil d&rsquo;une permanence d&rsquo;\u00e9crivain public, une activit\u00e9 sociale ou culturelle[\/vc_column_text][\/vc_column][vc_column width=\u00a0\u00bb1\/3&Prime;][vc_column_text]Le centre social anime une f\u00eate de quartier, un lieu d&rsquo;accueil parents\/enfants, un accueil de jeunes, un festival, des ateliers de fran\u00e7ais[\/vc_column_text][\/vc_column][vc_column width=\u00a0\u00bb1\/3&Prime;][vc_column_text]Le centre social anime des d\u00e9bats, des rencontres entre \u00e9lus et habitants, des rencontres de professionnels[\/vc_column_text][\/vc_column][\/vc_row][vc_row][vc_column][vc_single_image image=\u00a0\u00bb2243&Prime; img_size=\u00a0\u00bbmedium\u00a0\u00bb alignment=\u00a0\u00bbcenter\u00a0\u00bb style=\u00a0\u00bbvc_box_outline\u00a0\u00bb border_color=\u00a0\u00bbblack\u00a0\u00bb][vc_column_text][\/vc_column_text][\/vc_column][\/vc_row][vc_row][vc_column width=\u00a0\u00bb1\/2&Prime;][vc_column_text]Le centre social accompagne des collectifs d&rsquo;habitants, des projets locaux, pour am\u00e9liorer la vie de la cit\u00e9[\/vc_column_text][\/vc_column][vc_column width=\u00a0\u00bb1\/2&Prime;][vc_column_text]Le centre social est un lieu de promotion de valeurs comme la solidarit\u00e9, le respect, la dignit\u00e9 humaine ou la d\u00e9mocratie et de principes tels que la mixit\u00e9, la la\u00efcit\u00e9, la participation[\/vc_column_text][\/vc_column][\/vc_row][vc_row][vc_column][vc_column_text]Pour faire cela, nous avons travaill\u00e9 main dans la main, professionnelle, b\u00e9n\u00e9voles et habitants pour \u00e9crire le nouveau <span style=\"color: #ff0000\"><strong>Projet social 2023-2026.<\/strong><\/span><\/p>\n<p>Plusieurs th\u00e9matiques ont guid\u00e9 ce travail collaboratif :<\/p>\n<p><span style=\"color: #339966\"><b style=\"color: #339966\">1. Le pouvoir d&rsquo;agir du citoyen<\/b><br \/>\n<b style=\"color: #339966\">2. <\/b><span style=\"color: #339966\"><b>L&rsquo;\u00e9mancipation<\/b><\/span><b style=\"color: #339966\"> des habitants<br \/>\n3. Le travail associ\u00e9 professionnels et b\u00e9n\u00e9voles<br \/>\n4. La prise en compte des nouveaux besoins sociaux<br \/>\n5. La synergie partenariale<\/b><\/span>[\/vc_column_text][\/vc_column][\/vc_row][vc_row][vc_column][vc_btn title=\u00a0\u00bbPAGS 2023-2026&Prime; style=\u00a0\u00bb3d\u00a0\u00bb shape=\u00a0\u00bbsquare\u00a0\u00bb color=\u00a0\u00bbturquoise\u00a0\u00bb align=\u00a0\u00bbcenter\u00a0\u00bb button_block=\u00a0\u00bbtrue\u00a0\u00bb link=\u00a0\u00bburl:https%3A%2F%2Fwww.calameo.com%2Fread%2F000010538dc3577127e83|title:PAGS%202023-2026||\u00a0\u00bb][\/vc_column][\/vc_row]<\/p>\n<\/div>","protected":false},"excerpt":{"rendered":"<p>[vc_row][vc_column 0=\u00a0\u00bb\u00a0\u00bb][vc_column_text]Une Maison de Quartier est un \u00e9quipement \u00e0 vocation d\u2019Animation Sociale Globale. Elle est fond\u00e9e sur les valeurs de<\/p>\n","protected":false},"author":1,"featured_media":0,"parent":0,"menu_order":2,"comment_status":"closed","ping_status":"closed","template":"","meta":{"colormag_page_container_layout":"default_layout","colormag_page_sidebar_layout":"default_layout","footnotes":""},"class_list":["post-12","page","type-page","status-publish","hentry"],"_links":{"self":[{"href":"https:\/\/amaqy.fr\/Liberte\/wp-json\/wp\/v2\/pages\/12","targetHints":{"allow":["GET"]}}],"collection":[{"href":"https:\/\/amaqy.fr\/Liberte\/wp-json\/wp\/v2\/pages"}],"about":[{"href":"https:\/\/amaqy.fr\/Liberte\/wp-json\/wp\/v2\/types\/page"}],"author":[{"embeddable":true,"href":"https:\/\/amaqy.fr\/Liberte\/wp-json\/wp\/v2\/users\/1"}],"replies":[{"embeddable":true,"href":"https:\/\/amaqy.fr\/Liberte\/wp-json\/wp\/v2\/comments?post=12"}],"version-history":[{"count":5,"href":"https:\/\/amaqy.fr\/Liberte\/wp-json\/wp\/v2\/pages\/12\/revisions"}],"predecessor-version":[{"id":2700,"href":"https:\/\/amaqy.fr\/Liberte\/wp-json\/wp\/v2\/pages\/12\/revisions\/2700"}],"wp:attachment":[{"href":"https:\/\/amaqy.fr\/Liberte\/wp-json\/wp\/v2\/media?parent=12"}],"curies":[{"name":"wp","href":"https:\/\/api.w.org\/{rel}","templated":true}]}}