{"id":1069,"date":"2016-11-24T10:27:57","date_gmt":"2016-11-24T09:27:57","guid":{"rendered":"http:\/\/amaqy.fr\/Liberte\/?page_id=1069"},"modified":"2025-12-03T11:31:08","modified_gmt":"2025-12-03T10:31:08","slug":"nos-partenaires","status":"publish","type":"page","link":"https:\/\/amaqy.fr\/Liberte\/nos-partenaires\/","title":{"rendered":"Nos Partenaires"},"content":{"rendered":"<div class=\"wpb-content-wrapper\"><p>[vc_row][vc_column width=\u00a0\u00bb1\/4&Prime;][vc_single_image image=\u00a0\u00bb2306&Prime; img_size=\u00a0\u00bbmedium\u00a0\u00bb alignment=\u00a0\u00bbcenter\u00a0\u00bb][\/vc_column][vc_column width=\u00a0\u00bb1\/4&Prime;][vc_single_image image=\u00a0\u00bb2307&Prime; img_size=\u00a0\u00bbmedium\u00a0\u00bb alignment=\u00a0\u00bbcenter\u00a0\u00bb][\/vc_column][vc_column width=\u00a0\u00bb1\/4&Prime;][vc_single_image image=\u00a0\u00bb2701&Prime; img_size=\u00a0\u00bbmedium\u00a0\u00bb alignment=\u00a0\u00bbcenter\u00a0\u00bb][\/vc_column][vc_column width=\u00a0\u00bb1\/4&Prime;][vc_single_image image=\u00a0\u00bb2310&Prime; img_size=\u00a0\u00bblarge\u00a0\u00bb alignment=\u00a0\u00bbcenter\u00a0\u00bb][\/vc_column][\/vc_row][vc_row][vc_column width=\u00a0\u00bb1\/4&Prime;][vc_column_text]<\/p>\n<h3 style=\"text-align: center\"><span style=\"text-decoration: underline\"><strong>CIDFF<br \/>\n<\/strong><\/span><strong>Centre d&rsquo;information sur les droits des femmes et des familles<\/strong><\/h3>\n<p><span style=\"text-decoration: underline\">HORAIRES DES PERMANENCES<br \/>\n<\/span>\u2022 Entretien individuel sur rendez-vous<br \/>\n(Plus d&rsquo;informations ou pour prendre rendez-vous, merci de contacter l&rsquo;organisme CIDFF au <strong>: 02 51 08 84 84 <\/strong>\/ Mail :\u00a0<a href=\"mailto:accueil@cidff85.fr\">accueil@cidff85.fr<\/a>)<br \/>\nSite internet :\u00a0<a href=\"https:\/\/cidff-vendee.fr\/\">https:\/\/cidff-vendee.fr\/<\/a><\/p>\n<p>\u2022 Le 2\u00e8me lundi de chaque mois de 14h \u00e0 17h (hors vacances scolaires et jours f\u00e9ri\u00e9s)<\/p>\n<p><span style=\"text-decoration: underline\">LIEU<br \/>\n<\/span>\u2022 Maison de quartier de la Libert\u00e9<br \/>\n\u2022 02 51 36 05 22<br \/>\n\u2022 Tout public<\/p>\n<p><span style=\"text-decoration: underline\">CONTENU DES PERMANENCES<\/span><br \/>\nUn(e) juriste r\u00e9pond \u00e0 vos questions et vous<br \/>\noriente sur :<\/p>\n<ul>\n<li>LES PERSONNES ET LA FAMILLE<br \/>\nla vie en couple (union libre, PACS, mariage,<br \/>\nrupture et cons\u00e9quences), proc\u00e9dures de<br \/>\ns\u00e9paration, divorce, effets patrimoniaux,<br \/>\nobligation alimentaire, indexation de pension.<\/li>\n<li>LES ENFANTS<br \/>\nFiliation, autorit\u00e9 parentale, droit de l\u2019enfant.<br \/>\nLES VIOLENCES SEXISTES<br \/>\nAu sein du couple, intra-familiale, au travail,<br \/>\ndroit des victimes, proc\u00e9dures<\/li>\n<li>LE TRAVAIL<br \/>\nConclusions et ruptures de contrat, proc\u00e9dures<br \/>\njudiciaires, droits aux cong\u00e9s.<\/li>\n<\/ul>\n<p>[\/vc_column_text][\/vc_column][vc_column width=\u00a0\u00bb1\/4&Prime;][vc_column_text css=\u00a0\u00bb\u00a0\u00bb]<\/p>\n<h3 style=\"text-align: center;\"><span style=\"text-decoration: underline;\"><strong>FACE<\/strong><\/span><\/h3>\n<h3 style=\"text-align: center;\"><strong>Fondation agir contre l&rsquo;exclusion<\/strong><\/h3>\n<p><span style=\"text-decoration: underline;\">HORAIRES DES PERMANENCES<br \/>\n<\/span>\u2022 Sur rendez-vous<br \/>\n(Plus d&rsquo;informations ou pour prendre rendez-vous, merci de contacter Fatima BORSALI au :<strong> 07 84 02 03 62<\/strong><br \/>\nSite internet :&nbsp;<a href=\"https:\/\/face-vendee.fr\/\">https:\/\/face-vendee.fr\/<\/a><br \/>\nR\u00e9seau Facebook : <a href=\"https:\/\/www.facebook.com\/search\/top?q=face%20vend%C3%A9e\">https:\/\/www.facebook.com\/search\/top?q=face%20vend%C3%A9e<\/a><\/p>\n<p>\u2022 Jeudi de 14h \u00e0 17h &#8211; tous les 15 jours<br \/>\n(hors vacances scolaires et jours f\u00e9ri\u00e9s)<\/p>\n<p><span style=\"text-decoration: underline;\">LIEU<br \/>\n<\/span>\u2022 Maison de quartier de la Libert\u00e9<br \/>\n\u2022 02 51 36 05 22<br \/>\n\u2022 Tout public<\/p>\n<p><span style=\"text-decoration: underline;\">CONTENU DES PERMANENCES<\/span><br \/>\nUn(e) technicien(ne) oriente, informe et<br \/>\naccompagne les yonnais en difficult\u00e9 dans :<\/p>\n<ul style=\"list-style-type: square;\">\n<li>LES D\u00c9MARCHES ADMINISTRATIVES<br \/>\nprofessionnelles de la vie quotidienne<\/li>\n<li>L\u2019ACC\u00c8S AUX DROITS<br \/>\nLogement, sant\u00e9, citoyennet\u00e9, \u00e9ducation,<br \/>\nemploi, formation<\/li>\n<\/ul>\n<p>[\/vc_column_text][\/vc_column][vc_column width=\u00a0\u00bb1\/4&Prime;][vc_column_text css=\u00a0\u00bb\u00a0\u00bb]<\/p>\n<h3 style=\"text-align: center;\"><span style=\"text-decoration: underline;\"><strong>VACANCES ET FAMILLES<br \/>\n<\/strong><\/span><strong>Faciliter le d\u00e9part en vacances pour toutes<\/strong><\/h3>\n<p><span style=\"text-decoration: underline;\">HORAIRES DES PERMANENCES<\/span><br \/>\n\u2022 Sur rendez-vous<br \/>\n(Plus d&rsquo;informations ou pour prendre rendez-vous, merci de contacter l&rsquo;organisme au : <strong>07 81 90 62 07<\/strong> \/ Mail :&nbsp;<a href=\"antenne85@vacancesetfamilles.org\">antenne85@vacancesetfamilles.org<\/a>&nbsp;\/ Site internet :&nbsp;<a href=\"https:\/\/vacancesetfamilles.org\/\">https:\/\/vacancesetfamilles.org\/<\/a><\/p>\n<p>\u2022 Tous les vendredis (de mars \u00e0 juin 2026)&nbsp; de 14h \u00e0 17h (hors vacances scolaires et jours f\u00e9ri\u00e9s)<\/p>\n<p><span style=\"text-decoration: underline;\">LIEU<br \/>\n<\/span>\u2022 Pergola, Place de la Libert\u00e9<br \/>\n\u2022 02 51 36 05 22<br \/>\n\u2022 Tout public<\/p>\n<p><span style=\"text-decoration: underline;\">CONTENU DES PERMANENCES<\/span><br \/>\nUn(e) salari\u00e9(e) ou un(e) b\u00e9n\u00e9vole vous informe concernant les aides aux vacances existantes et vous accompagne dans la pr\u00e9paration de vos premi\u00e8res vacances : constitution du dossier d&rsquo;inscription, recherche de s\u00e9jour au sein de notre parc d&rsquo;h\u00e9bergements, r\u00e9servation et pr\u00e9paration au d\u00e9part,&#8230;<\/p>\n<p><strong>Possibilit\u00e9 de d\u00e9part en vacances<\/strong> :<br \/>\nVacances d&rsquo;\u00e9t\u00e9, de la toussaint, de printemps<br \/>\nS\u00e9jour de 2 \u00e0 7 nuits<br \/>\nSecteur : campagne, montagne, ville, mer (France m\u00e9tropolitaine)[\/vc_column_text][\/vc_column][vc_column width=\u00a0\u00bb1\/4&Prime;][vc_column_text css=\u00a0\u00bb\u00a0\u00bb]<\/p>\n<h3 style=\"text-align: center;\"><strong><span style=\"text-decoration: underline;\">AREAMS<\/span><br \/>\nPoint conseil budget<\/strong><\/h3>\n<p><span style=\"text-decoration: underline;\">HORAIRES DES PERMANENCES<\/span><br \/>\n\u2022 Sur rendez-vous<br \/>\n(Plus d&rsquo;informations ou pour prendre rendez-vous, merci de contacter l&rsquo;organisme AREAMS au : <strong>02 51 44 92 33<\/strong> \/ &nbsp;Mail :&nbsp;<a href=\"pcb@areams.fr\">pcb@areams.fr<\/a> \/ Site internet : <a href=\"https:\/\/www.areams.fr\/\">https:\/\/www.areams.fr\/<\/a><\/p>\n<p>\u2022 Tous les lundis de 9h30 \u00e0 12h<br \/>\n(hors vacances scolaires et jours f\u00e9ri\u00e9s)<\/p>\n<p><span style=\"text-decoration: underline;\">LIEU<\/span><br \/>\n\u2022 A la maison de quartier Libert\u00e9<br \/>\n\u2022 02 51 36 05 22<br \/>\n\u2022 Tout public<\/p>\n<p><span style=\"text-decoration: underline;\">CONTENU DES PERMANENCES<br \/>\n<\/span>Gratuit et ouvert \u00e0 tous.<br \/>\nLe Point Conseil Budget est un dispositif d\u2019information, de conseil et d\u2019orientation sur des questions budg\u00e9taires et financi\u00e8res.[\/vc_column_text][\/vc_column][vc_column width=\u00a0\u00bb1\/4&Prime;][\/vc_column][\/vc_row][vc_row][vc_column width=\u00a0\u00bb1\/2&Prime;][vc_single_image image=\u00a0\u00bb2703&Prime; img_size=\u00a0\u00bbmedium\u00a0\u00bb alignment=\u00a0\u00bbcenter\u00a0\u00bb][vc_column_text css=\u00a0\u00bb\u00a0\u00bb]<\/p>\n<h3 style=\"text-align: center;\"><strong><span style=\"text-decoration: underline;\">M\u00e9diateurs sociaux<\/span><br \/>\n(Pr\u00e9vention et m\u00e9diation)<\/strong><\/h3>\n<p><span style=\"text-decoration: underline;\">HORAIRES DES PERMANENCES<\/span><br \/>\n\u2022 Sans rendez-vous<br \/>\n(Site internet :&nbsp;<a href=\"https:\/\/larochesuryon.fr\/prevention-et-mediation\/\">https:\/\/larochesuryon.fr\/prevention-et-mediation\/)<\/a><\/p>\n<p>\u2022 Le jeudi &#8211; tous les 15 jours (hors vacances scolaires et jours f\u00e9ri\u00e9s) de 14h \u00e0 16h.<\/p>\n<p><span style=\"text-decoration: underline;\">LIEU<\/span><br \/>\n\u2022 Pergola, Place de la Libert\u00e9<br \/>\n\u2022 02 51 36 05 22<br \/>\n\u2022 Tout public<\/p>\n<p><span style=\"text-decoration: underline;\">CONTENU DES PERMANENCES<br \/>\n<\/span>Les m\u00e9diateurs re\u00e7oivent sans rendez-vous pour vous informer, vous orienter, vous accompagner vers les structures de droits communs.<br \/>\nIls sont \u00e9galement \u00e0 votre \u00e9coute pour vous aider \u00e0 r\u00e9gler toutes formes de conflits de voisinage auxquelles vous pouvez \u00eatre confront\u00e9s.[\/vc_column_text][\/vc_column][vc_column width=\u00a0\u00bb1\/2&Prime;][vc_column_text css_animation=\u00a0\u00bbappear\u00a0\u00bb css=\u00a0\u00bb\u00a0\u00bb]<\/p>\n<h3><img loading=\"lazy\" decoding=\"async\" class=\"size-medium aligncenter\" src=\"https:\/\/encrypted-tbn0.gstatic.com\/images?q=tbn:ANd9GcR5LHXLXhSK9-H8do-zVvIYj4nfP_FuktG0XA&amp;s\" width=\"297\" height=\"113\"><\/h3>\n<h3 style=\"text-align: center;\"><strong><span style=\"text-decoration: underline;\">Adapei-Aria &#8211; Vacances solidaires<\/span><br \/>\n(Agir ensemble face au handicap)<\/strong><\/h3>\n<p><span style=\"text-decoration: underline;\">HORAIRES DES PERMANENCES<\/span><br \/>\n\u2022 Sur rendez-vous<br \/>\n(Plus d&rsquo;informations ou pour prendre rendez-vous, merci de contacter l&rsquo;organisme Adapei-Aria au : <strong>02 51 37 16 61&nbsp;<\/strong>\/ Mail :&nbsp;<a href=\"umss@adapei-aria.com\"><span style=\"color: #ff00ff;\">umss@adapei-aria.com <\/span><\/a><span style=\"color: #000000;\">\/ <\/span>Site internet : <span style=\"color: #ff00ff;\"><a style=\"color: #ff00ff;\" href=\"https:\/\/www.adapei-aria.com\/\">https:\/\/www.adapei-aria.com\/ <\/a><span style=\"color: #000000;\">)<\/span><\/span><\/p>\n<p>\u2022 Le 3\u00e8me lundi de chaque mois (hors vacances scolaires et jours f\u00e9ri\u00e9s) de 10h30 \u00e0 12h<\/p>\n<p><span style=\"text-decoration: underline;\">LIEU<\/span><br \/>\n\u2022 Pergola, Place de la Libert\u00e9<br \/>\n\u2022 02 51 36 05 22<br \/>\n\u2022 Tout public<\/p>\n<p><span style=\"text-decoration: underline;\">CONTENU DES PERMANENCES<br \/>\n<\/span>Les ateliers Vacances Solidaires sont propos\u00e9s par l&rsquo;UMSS (Unit\u00e9 Mobile des Soutiens Sp\u00e9cialis\u00e9s) du DSM-HP g\u00e9r\u00e9 par l&rsquo;association ADAPEI-ARIA de Vend\u00e9e. L&rsquo;objectif est d&rsquo;apprendre \u00e0 g\u00e9rer son temps libre en permettant un accompagnement du projet de d\u00e9part dans un cadre s\u00e9curisant.[\/vc_column_text][\/vc_column][\/vc_row][vc_row][vc_column][\/vc_column][\/vc_row]<\/p>\n<\/div>","protected":false},"excerpt":{"rendered":"<p>[vc_row][vc_column width=\u00a0\u00bb1\/4&Prime;][vc_single_image image=\u00a0\u00bb2306&Prime; img_size=\u00a0\u00bbmedium\u00a0\u00bb alignment=\u00a0\u00bbcenter\u00a0\u00bb][\/vc_column][vc_column width=\u00a0\u00bb1\/4&Prime;][vc_single_image image=\u00a0\u00bb2307&Prime; img_size=\u00a0\u00bbmedium\u00a0\u00bb alignment=\u00a0\u00bbcenter\u00a0\u00bb][\/vc_column][vc_column width=\u00a0\u00bb1\/4&Prime;][vc_single_image image=\u00a0\u00bb2701&Prime; img_size=\u00a0\u00bbmedium\u00a0\u00bb alignment=\u00a0\u00bbcenter\u00a0\u00bb][\/vc_column][vc_column width=\u00a0\u00bb1\/4&Prime;][vc_single_image image=\u00a0\u00bb2310&Prime; img_size=\u00a0\u00bblarge\u00a0\u00bb alignment=\u00a0\u00bbcenter\u00a0\u00bb][\/vc_column][\/vc_row][vc_row][vc_column width=\u00a0\u00bb1\/4&Prime;][vc_column_text] CIDFF Centre<\/p>\n","protected":false},"author":1,"featured_media":0,"parent":0,"menu_order":0,"comment_status":"closed","ping_status":"closed","template":"","meta":{"colormag_page_container_layout":"default_layout","colormag_page_sidebar_layout":"default_layout","footnotes":""},"class_list":["post-1069","page","type-page","status-publish","hentry"],"_links":{"self":[{"href":"https:\/\/amaqy.fr\/Liberte\/wp-json\/wp\/v2\/pages\/1069","targetHints":{"allow":["GET"]}}],"collection":[{"href":"https:\/\/amaqy.fr\/Liberte\/wp-json\/wp\/v2\/pages"}],"about":[{"href":"https:\/\/amaqy.fr\/Liberte\/wp-json\/wp\/v2\/types\/page"}],"author":[{"embeddable":true,"href":"https:\/\/amaqy.fr\/Liberte\/wp-json\/wp\/v2\/users\/1"}],"replies":[{"embeddable":true,"href":"https:\/\/amaqy.fr\/Liberte\/wp-json\/wp\/v2\/comments?post=1069"}],"version-history":[{"count":5,"href":"https:\/\/amaqy.fr\/Liberte\/wp-json\/wp\/v2\/pages\/1069\/revisions"}],"predecessor-version":[{"id":3154,"href":"https:\/\/amaqy.fr\/Liberte\/wp-json\/wp\/v2\/pages\/1069\/revisions\/3154"}],"wp:attachment":[{"href":"https:\/\/amaqy.fr\/Liberte\/wp-json\/wp\/v2\/media?parent=1069"}],"curies":[{"name":"wp","href":"https:\/\/api.w.org\/{rel}","templated":true}]}}