{"id":1031,"date":"2016-11-17T15:32:21","date_gmt":"2016-11-17T14:32:21","guid":{"rendered":"http:\/\/amaqy.fr\/Liberte\/?page_id=1031"},"modified":"2025-10-17T09:55:09","modified_gmt":"2025-10-17T08:55:09","slug":"benevole","status":"publish","type":"page","link":"https:\/\/amaqy.fr\/Liberte\/benevole\/","title":{"rendered":"Une \u00e9quipe de b\u00e9n\u00e9voles"},"content":{"rendered":"<div class=\"wpb-content-wrapper\"><p>[vc_row][vc_column][vc_empty_space][\/vc_column][\/vc_row][vc_row][vc_column width=\u00a0\u00bb1\/6&Prime;][vc_single_image image=\u00a0\u00bb2200&Prime; style=\u00a0\u00bbvc_box_border\u00a0\u00bb border_color=\u00a0\u00bbblue\u00a0\u00bb][vc_column_text]<\/p>\n<p style=\"text-align: center;\"><strong>Jean-Marie AUGER<\/strong><br \/>\nRepr\u00e9sentant[\/vc_column_text][\/vc_column][vc_column width=\u00a0\u00bb1\/6&Prime;][vc_single_image image=\u00a0\u00bb2315&Prime; alignment=\u00a0\u00bbcenter\u00a0\u00bb style=\u00a0\u00bbvc_box_border\u00a0\u00bb border_color=\u00a0\u00bbmulled_wine\u00a0\u00bb][vc_column_text]<\/p>\n<p style=\"text-align: center;\"><strong>Marie-Madeleine AUGIZEAU<\/strong><br \/>\nMembre[\/vc_column_text][\/vc_column][vc_column width=\u00a0\u00bb1\/6&Prime;][vc_single_image image=\u00a0\u00bb2202&Prime; alignment=\u00a0\u00bbcenter\u00a0\u00bb style=\u00a0\u00bbvc_box_border\u00a0\u00bb border_color=\u00a0\u00bbmulled_wine\u00a0\u00bb][vc_column_text]<\/p>\n<p style=\"text-align: center;\"><strong>R\u00e9my AUTISSIER<\/strong><br \/>\nMembre[\/vc_column_text][\/vc_column][vc_column width=\u00a0\u00bb1\/6&Prime;][vc_single_image image=\u00a0\u00bb2371&Prime; alignment=\u00a0\u00bbcenter\u00a0\u00bb style=\u00a0\u00bbvc_box_border\u00a0\u00bb border_color=\u00a0\u00bborange\u00a0\u00bb][vc_column_text]<\/p>\n<p style=\"text-align: center;\"><strong>Carole BOUCARD<\/strong><br \/>\nR\u00e9dactrice adjointe[\/vc_column_text][\/vc_column][vc_column width=\u00a0\u00bb1\/6&Prime;][vc_single_image image=\u00a0\u00bb2202&Prime; alignment=\u00a0\u00bbcenter\u00a0\u00bb style=\u00a0\u00bbvc_box_border\u00a0\u00bb border_color=\u00a0\u00bbmulled_wine\u00a0\u00bb][vc_column_text]<\/p>\n<p style=\"text-align: center;\"><strong>Christophe BOUREL<\/strong><br \/>\nMembre[\/vc_column_text][\/vc_column][vc_column width=\u00a0\u00bb1\/6&Prime;][vc_single_image image=\u00a0\u00bb2683&Prime; alignment=\u00a0\u00bbcenter\u00a0\u00bb style=\u00a0\u00bbvc_box_border\u00a0\u00bb border_color=\u00a0\u00bbmulled_wine\u00a0\u00bb][vc_column_text]<\/p>\n<p style=\"text-align: center;\"><strong>Marina CHAKOUR<\/strong><br \/>\nMembre[\/vc_column_text][\/vc_column][\/vc_row][vc_row][vc_column width=\u00a0\u00bb1\/6&Prime;][vc_single_image image=\u00a0\u00bb2730&Prime; alignment=\u00a0\u00bbcenter\u00a0\u00bb style=\u00a0\u00bbvc_box_border\u00a0\u00bb border_color=\u00a0\u00bbmulled_wine\u00a0\u00bb][vc_column_text]<\/p>\n<p style=\"text-align: center;\"><strong>Dominique CHAPE<\/strong><br \/>\nMembre[\/vc_column_text][\/vc_column][vc_column width=\u00a0\u00bb1\/6&Prime;][vc_single_image image=\u00a0\u00bb2312&Prime; alignment=\u00a0\u00bbcenter\u00a0\u00bb style=\u00a0\u00bbvc_box_border\u00a0\u00bb border_color=\u00a0\u00bbpurple\u00a0\u00bb][vc_column_text]<\/p>\n<p style=\"text-align: center;\"><strong>Fran\u00e7oise CHARRIER<\/strong><br \/>\nGestionnaire[\/vc_column_text][\/vc_column][vc_column width=\u00a0\u00bb1\/6&Prime;][vc_single_image image=\u00a0\u00bb2224&Prime; style=\u00a0\u00bbvc_box_border\u00a0\u00bb border_color=\u00a0\u00bbmulled_wine\u00a0\u00bb][vc_column_text]<\/p>\n<p style=\"text-align: center;\"><strong>Aur\u00e9lie GERGAUD<\/strong><br \/>\nMembre[\/vc_column_text][\/vc_column][vc_column width=\u00a0\u00bb1\/6&Prime;][vc_single_image image=\u00a0\u00bb2202&Prime; alignment=\u00a0\u00bbcenter\u00a0\u00bb style=\u00a0\u00bbvc_box_border\u00a0\u00bb border_color=\u00a0\u00bbmulled_wine\u00a0\u00bb][vc_column_text]<\/p>\n<p style=\"text-align: center;\"><strong>Fran\u00e7ois GIGAUD<\/strong><br \/>\nMembre[\/vc_column_text][\/vc_column][vc_column width=\u00a0\u00bb1\/6&Prime;][vc_single_image image=\u00a0\u00bb2287&Prime; alignment=\u00a0\u00bbcenter\u00a0\u00bb style=\u00a0\u00bbvc_box_border\u00a0\u00bb border_color=\u00a0\u00bbpurple\u00a0\u00bb][vc_column_text]<\/p>\n<p style=\"text-align: center;\"><strong>Marie-Rose LEFRANC<\/strong><br \/>\nGestionnaire adjointe[\/vc_column_text][\/vc_column][\/vc_row][vc_row][vc_column width=\u00a0\u00bb1\/6&Prime;][vc_single_image image=\u00a0\u00bb2202&Prime; alignment=\u00a0\u00bbcenter\u00a0\u00bb style=\u00a0\u00bbvc_box_border\u00a0\u00bb border_color=\u00a0\u00bbmulled_wine\u00a0\u00bb][vc_column_text]<\/p>\n<p style=\"text-align: center;\"><strong>Charles LIDDELL<\/strong><br \/>\nMembre[\/vc_column_text][\/vc_column][vc_column width=\u00a0\u00bb1\/6&Prime;][vc_single_image image=\u00a0\u00bb2295&Prime; alignment=\u00a0\u00bbcenter\u00a0\u00bb style=\u00a0\u00bbvc_box_border\u00a0\u00bb border_color=\u00a0\u00bborange\u00a0\u00bb][vc_column_text]<\/p>\n<p style=\"text-align: center;\"><strong>Catherine MAROT<\/strong><br \/>\nR\u00e9dactrice[\/vc_column_text][\/vc_column][vc_column width=\u00a0\u00bb1\/6&Prime;][vc_single_image image=\u00a0\u00bb2266&Prime; alignment=\u00a0\u00bbcenter\u00a0\u00bb style=\u00a0\u00bbvc_box_border\u00a0\u00bb border_color=\u00a0\u00bbmulled_wine\u00a0\u00bb][vc_column_text]<\/p>\n<p style=\"text-align: center;\"><strong>Ren\u00e9 MARQUIS<\/strong><br \/>\nMembre[\/vc_column_text][\/vc_column][vc_column width=\u00a0\u00bb1\/6&Prime;][\/vc_column][vc_column width=\u00a0\u00bb1\/6&Prime;][\/vc_column][vc_column width=\u00a0\u00bb1\/6&Prime;][\/vc_column][\/vc_row]<\/p>\n<\/div>","protected":false},"excerpt":{"rendered":"<p>[vc_row][vc_column][vc_empty_space][\/vc_column][\/vc_row][vc_row][vc_column width=\u00a0\u00bb1\/6&Prime;][vc_single_image image=\u00a0\u00bb2200&Prime; style=\u00a0\u00bbvc_box_border\u00a0\u00bb border_color=\u00a0\u00bbblue\u00a0\u00bb][vc_column_text] Jean-Marie AUGER Repr\u00e9sentant[\/vc_column_text][\/vc_column][vc_column width=\u00a0\u00bb1\/6&Prime;][vc_single_image image=\u00a0\u00bb2315&Prime; alignment=\u00a0\u00bbcenter\u00a0\u00bb style=\u00a0\u00bbvc_box_border\u00a0\u00bb border_color=\u00a0\u00bbmulled_wine\u00a0\u00bb][vc_column_text] Marie-Madeleine AUGIZEAU Membre[\/vc_column_text][\/vc_column][vc_column width=\u00a0\u00bb1\/6&Prime;][vc_single_image image=\u00a0\u00bb2202&Prime; alignment=\u00a0\u00bbcenter\u00a0\u00bb style=\u00a0\u00bbvc_box_border\u00a0\u00bb<\/p>\n","protected":false},"author":1,"featured_media":0,"parent":0,"menu_order":0,"comment_status":"closed","ping_status":"closed","template":"","meta":{"colormag_page_container_layout":"default_layout","colormag_page_sidebar_layout":"default_layout","footnotes":""},"class_list":["post-1031","page","type-page","status-publish","hentry"],"_links":{"self":[{"href":"https:\/\/amaqy.fr\/Liberte\/wp-json\/wp\/v2\/pages\/1031","targetHints":{"allow":["GET"]}}],"collection":[{"href":"https:\/\/amaqy.fr\/Liberte\/wp-json\/wp\/v2\/pages"}],"about":[{"href":"https:\/\/amaqy.fr\/Liberte\/wp-json\/wp\/v2\/types\/page"}],"author":[{"embeddable":true,"href":"https:\/\/amaqy.fr\/Liberte\/wp-json\/wp\/v2\/users\/1"}],"replies":[{"embeddable":true,"href":"https:\/\/amaqy.fr\/Liberte\/wp-json\/wp\/v2\/comments?post=1031"}],"version-history":[{"count":5,"href":"https:\/\/amaqy.fr\/Liberte\/wp-json\/wp\/v2\/pages\/1031\/revisions"}],"predecessor-version":[{"id":3103,"href":"https:\/\/amaqy.fr\/Liberte\/wp-json\/wp\/v2\/pages\/1031\/revisions\/3103"}],"wp:attachment":[{"href":"https:\/\/amaqy.fr\/Liberte\/wp-json\/wp\/v2\/media?parent=1031"}],"curies":[{"name":"wp","href":"https:\/\/api.w.org\/{rel}","templated":true}]}}