{"id":13,"date":"2013-11-14T16:47:47","date_gmt":"2013-11-14T15:47:47","guid":{"rendered":"http:\/\/amaqy.fr\/forges\/?page_id=13"},"modified":"2023-09-01T10:46:46","modified_gmt":"2023-09-01T09:46:46","slug":"notre-projet","status":"publish","type":"page","link":"https:\/\/amaqy.fr\/Forges\/accueil\/notre-projet\/","title":{"rendered":"Notre Projet"},"content":{"rendered":"<div class=\"wpb-content-wrapper\"><p>[vc_row 0=\u00a0\u00bb\u00a0\u00bb][vc_column width=\u00a0\u00bb5\/6&Prime;][vc_column_text 0=\u00a0\u00bb\u00a0\u00bb]&nbsp;<\/p>\n<h1><span style=\"color: #000000\">\u00a0<strong><span style=\"text-decoration: underline\">Valeurs et principes de notre association<\/span><\/strong><\/span><\/h1>\n<p><span style=\"color: #000000\">Nos valeurs de r\u00e9f\u00e9rence sont : la dignit\u00e9 humaine, la solidarit\u00e9, la tol\u00e9rance et la d\u00e9mocratie.<\/span><\/p>\n<p><span style=\"color: #000000\">\u00a0<\/span><\/p>\n<ul style=\"list-style-type: disc\">\n<li style=\"text-align: left\">\n<h2><span style=\"color: #000000\"><strong>Dignit\u00e9 humaine et libert\u00e9<\/strong><\/span><\/h2>\n<\/li>\n<\/ul>\n<p><span style=\"color: #000000\">Nous pouvons nous r\u00e9f\u00e9rer pour cela \u00e0 la D\u00e9claration Universelle des Droits de l&rsquo;Homme de 1948 qui reconna\u00eet que tous les \u00eatres humains poss\u00e8dent une \u00ab\u00a0dignit\u00e9 inh\u00e9rente\u00a0\u00bb et qu&rsquo;ils naissent libres et \u00e9gaux en droits et en dignit\u00e9.<br \/>\nDans nos fa\u00e7ons d&rsquo;\u00eatre, cela implique :<br \/>\n&#8211; L&rsquo;attention port\u00e9e aux autres, la n\u00e9cessit\u00e9 de l&rsquo;accueil et de l&rsquo;\u00e9coute qui rendent possible le dialogue au-del\u00e0 des in\u00e9galit\u00e9s li\u00e9es aux hasards de la naissance et aux al\u00e9as de la vie.<br \/>\n&#8211; La reconnaissance du droit \u00e0 l&rsquo;\u00e9ducation pour tous. Les connaissances et valeurs \u00e9ducatives apport\u00e9es par nos structures sont compl\u00e9mentaires de celles qui sont acquises dans les familles et \u00e0 l\u2019\u00e9cole.<br \/>\n&#8211; La convivialit\u00e9 : la porte d&rsquo;entr\u00e9e dans nos Maisons de Quartier o\u00f9 l&rsquo;on vient d&rsquo;abord pour son plaisir : \u00e9change, partage lien social.<br \/>\n&#8211; La reconnaissance de la pluralit\u00e9 des cultures et des croyances et la lutte contre le repli identitaire.<\/span><\/p>\n<ul>\n<li>\n<h2>Citoyennet\u00e9 et d\u00e9mocratie<\/h2>\n<\/li>\n<\/ul>\n<p>Les droits civiques sont ceux qui permettent de participer \u00e0 la vie publique et politique. Dans nos Maisons de Quartier, cela se d\u00e9cline de la mani\u00e8re suivante:<br \/>\n&#8211; Participation des habitants (l\u2019habitant acteur et b\u00e9n\u00e9ficiaire des actions).<br \/>\n&#8211; Dans toute activit\u00e9 (loisirs : ateliers, sorties\u2026) aussi bien que la vie statutaire (commissions, CA \u2026), l\u2019habitant doit pouvoir s\u2019investir au rythme o\u00f9 il l\u2019entend et l\u00e0 o\u00f9 il le souhaite. Les responsables associatifs doivent avoir le souci de la transmission, de la d\u00e9l\u00e9gation des t\u00e2ches et des responsabilit\u00e9s.<\/p>\n<ul>\n<li>\n<h2>Solidarit\u00e9<\/h2>\n<\/li>\n<\/ul>\n<p>La solidarit\u00e9 humaine est un lien fraternel et une valeur sociale importante qui unissent le destin de tous les hommes les uns aux autres. C&rsquo;est une d\u00e9marche humaniste qui fait prendre conscience que tous les hommes appartiennent \u00e0 la m\u00eame communaut\u00e9 d&rsquo;int\u00e9r\u00eat. Elle s&rsquo;exerce pleinement dans la vie associative mettant en contact des personnes de provenances, de conditions et de cultures diverses. Elle permet de multiples \u00e9changes sources d\u2019enrichissement mutuel. Elle s\u2019exerce aussi pleinement \u00e0 travers certaines mutualisations d\u2019activit\u00e9s et de services qui nous sont communs.<\/p>\n<ul>\n<li>\n<h2>La\u00efcit\u00e9<\/h2>\n<\/li>\n<\/ul>\n<p>La la\u00efcit\u00e9 n&rsquo;est pas une opinion parmi d&rsquo;autres, mais la libert\u00e9 d&rsquo;en avoir une. Elle implique le respect des croyances ou non, de chacun. Nos maisons de quartier doivent veiller au respect de la la\u00efcit\u00e9 tel que d\u00e9fini dans la loi 1905. Nous nous r\u00e9f\u00e9rons \u00e9galement \u00e0 la charte de la la\u00efcit\u00e9 de la branche famille de la S\u00e9curit\u00e9 Sociale. Les d\u00e9finitions des limites seront de la comp\u00e9tence du r\u00e8glement int\u00e9rieur.<\/p>\n<p>&nbsp;<\/p>\n<p>Notre d\u00e9finition des activit\u00e9s d&rsquo;int\u00e9r\u00eat social:<\/p>\n<p>&#8211; Elles concernent tous les publics et permettent de lutter contre les in\u00e9galit\u00e9s et discriminations sociales<\/p>\n<p>&#8211; Elles permettent de participer \u00e0 la transformation de la soci\u00e9t\u00e9<\/p>\n<p>&#8211; Elles favorisent l&rsquo;accompagnement des individus vers l&rsquo;\u00e9mancipation<\/p>\n<p>&#8211; Par des d\u00e9marches participatives au sens politique du terme, l&rsquo;AMAQY a un r\u00f4le de facilitateur dans les relations entre les personnes<\/p>\n<p>&nbsp;[\/vc_column_text][\/vc_column][vc_column width=\u00a0\u00bb1\/6&Prime;][vc_btn title=\u00a0\u00bbProjet d&rsquo;Animation Globale et Sociale 2023-2026&Prime; color=\u00a0\u00bbviolet\u00a0\u00bb align=\u00a0\u00bbcenter\u00a0\u00bb css_animation=\u00a0\u00bbflipInY\u00a0\u00bb link=\u00a0\u00bburl:https%3A%2F%2Fwww.calameo.com%2Fread%2F005991416131372679cf2|||\u00a0\u00bb][\/vc_column][\/vc_row][vc_row 0=\u00a0\u00bb\u00a0\u00bb][vc_column 0=\u00a0\u00bb\u00a0\u00bb][vc_btn title=\u00a0\u00bbR\u00e8glement Int\u00e9rieur AMAQY\u00a0\u00bb color=\u00a0\u00bbpeacoc\u00a0\u00bb align=\u00a0\u00bbcenter\u00a0\u00bb link=\u00a0\u00bburl:https%3A%2F%2Fdrive.google.com%2Ffile%2Fd%2F1nckE2nHXsRAi26iw0dPb7xP9MrGVTA-D%2Fview%3Fusp%3Dshare_link|||\u00a0\u00bb][\/vc_column][\/vc_row]<\/p>\n<\/div>","protected":false},"excerpt":{"rendered":"<p>[vc_row 0=\u00a0\u00bb\u00a0\u00bb][vc_column width=\u00a0\u00bb5\/6&Prime;][vc_column_text 0=\u00a0\u00bb\u00a0\u00bb]&nbsp; \u00a0Valeurs et principes de notre association Nos valeurs de r\u00e9f\u00e9rence sont : la dignit\u00e9 humaine, la<\/p>\n","protected":false},"author":1,"featured_media":0,"parent":9,"menu_order":2,"comment_status":"closed","ping_status":"closed","template":"","meta":{"colormag_page_container_layout":"default_layout","colormag_page_sidebar_layout":"default_layout","footnotes":""},"class_list":["post-13","page","type-page","status-publish","hentry"],"_links":{"self":[{"href":"https:\/\/amaqy.fr\/Forges\/wp-json\/wp\/v2\/pages\/13","targetHints":{"allow":["GET"]}}],"collection":[{"href":"https:\/\/amaqy.fr\/Forges\/wp-json\/wp\/v2\/pages"}],"about":[{"href":"https:\/\/amaqy.fr\/Forges\/wp-json\/wp\/v2\/types\/page"}],"author":[{"embeddable":true,"href":"https:\/\/amaqy.fr\/Forges\/wp-json\/wp\/v2\/users\/1"}],"replies":[{"embeddable":true,"href":"https:\/\/amaqy.fr\/Forges\/wp-json\/wp\/v2\/comments?post=13"}],"version-history":[{"count":5,"href":"https:\/\/amaqy.fr\/Forges\/wp-json\/wp\/v2\/pages\/13\/revisions"}],"predecessor-version":[{"id":1804,"href":"https:\/\/amaqy.fr\/Forges\/wp-json\/wp\/v2\/pages\/13\/revisions\/1804"}],"up":[{"embeddable":true,"href":"https:\/\/amaqy.fr\/Forges\/wp-json\/wp\/v2\/pages\/9"}],"wp:attachment":[{"href":"https:\/\/amaqy.fr\/Forges\/wp-json\/wp\/v2\/media?parent=13"}],"curies":[{"name":"wp","href":"https:\/\/api.w.org\/{rel}","templated":true}]}}