{"id":1275,"date":"2020-04-03T09:56:45","date_gmt":"2020-04-03T08:56:45","guid":{"rendered":"http:\/\/amaqy.fr\/Forges\/?page_id=1275"},"modified":"2022-04-07T11:37:06","modified_gmt":"2022-04-07T10:37:06","slug":"mange-malin","status":"publish","type":"page","link":"https:\/\/amaqy.fr\/Forges\/ateliers-famille\/mange-malin\/","title":{"rendered":"Mange malin"},"content":{"rendered":"<div class=\"wpb-content-wrapper\"><p>[vc_row 0=\u00a0\u00bb\u00a0\u00bb][vc_column 0=\u00a0\u00bb\u00a0\u00bb][vc_tta_accordion style=\u00a0\u00bbmodern\u00a0\u00bb color=\u00a0\u00bbchino\u00a0\u00bb active_section=\u00a0\u00bb1&Prime;][vc_tta_section title=\u00a0\u00bb2020&Prime; tab_id=\u00a0\u00bb1585904830733-fbb31cba-36a5&Prime;][vc_btn title=\u00a0\u00bbComment \u00e9quilibrer ses repas\u00a0\u00bb color=\u00a0\u00bbsandy-brown\u00a0\u00bb link=\u00a0\u00bburl:https%3A%2F%2Ffr.calameo.com%2Fread%2F005991416f1a32de033c2|||\u00a0\u00bb][\/vc_tta_section][vc_tta_section title=\u00a0\u00bb2019&Prime; tab_id=\u00a0\u00bb1585904872199-0b85afd3-29ea\u00a0\u00bb][vc_btn title=\u00a0\u00bbTableau des \u00e9quivalences\u00a0\u00bb color=\u00a0\u00bbpeacoc\u00a0\u00bb link=\u00a0\u00bburl:https%3A%2F%2Ffr.calameo.com%2Fread%2F005991416544956ab5e69|||\u00a0\u00bb][vc_btn title=\u00a0\u00bbRecette go\u00fbter \u00e9quilibr\u00e9 et sans d\u00e9chets\u00a0\u00bb color=\u00a0\u00bbpeacoc\u00a0\u00bb link=\u00a0\u00bburl:https%3A%2F%2Ffr.calameo.com%2Fread%2F0059914162de0bdc8f421|||\u00a0\u00bb][vc_btn title=\u00a0\u00bbLe r\u00f4le du go\u00fbter\u00a0\u00bb color=\u00a0\u00bbpeacoc\u00a0\u00bb link=\u00a0\u00bburl:https%3A%2F%2Ffr.calameo.com%2Fread%2F005991416c0db299e6e84|||\u00a0\u00bb][vc_btn title=\u00a0\u00bbTon go\u00fbter exposition\u00a0\u00bb color=\u00a0\u00bbpeacoc\u00a0\u00bb link=\u00a0\u00bburl:https%3A%2F%2Ffr.calameo.com%2Fread%2F005991416d8625ccaaf2a|||\u00a0\u00bb][\/vc_tta_section][vc_tta_section title=\u00a0\u00bb2018&Prime; tab_id=\u00a0\u00bb1585904850223-272e5fa6-d714&Prime;][vc_btn title=\u00a0\u00bbConservation \u00a0\u00bb color=\u00a0\u00bbmulled-wine\u00a0\u00bb link=\u00a0\u00bburl:https%3A%2F%2Ffr.calameo.com%2Fread%2F005991416b179fce1e520|||\u00a0\u00bb][\/vc_tta_section][vc_tta_section title=\u00a0\u00bb2017&Prime; tab_id=\u00a0\u00bb1585904848481-602796bf-feed\u00a0\u00bb][vc_btn title=\u00a0\u00bbLivret de Recettes\u00a0\u00bb color=\u00a0\u00bbpurple\u00a0\u00bb link=\u00a0\u00bburl:https%3A%2F%2Ffr.calameo.com%2Fread%2F005991416cc4cbc032ea9|||\u00a0\u00bb][vc_btn title=\u00a0\u00bbLivret Producteurs Locaux\u00a0\u00bb color=\u00a0\u00bbpurple\u00a0\u00bb link=\u00a0\u00bburl:https%3A%2F%2Ffr.calameo.com%2Fread%2F0059914167a8429124d53|||\u00a0\u00bb][vc_btn title=\u00a0\u00bbCalendrier des fruits et l\u00e9gumes frais\u00a0\u00bb color=\u00a0\u00bbpurple\u00a0\u00bb link=\u00a0\u00bburl:https%3A%2F%2Ffr.calameo.com%2Fread%2F0059914169610d14ae5e0|||\u00a0\u00bb][\/vc_tta_section][\/vc_tta_accordion][\/vc_column][\/vc_row][vc_row 0=\u00a0\u00bb\u00a0\u00bb][vc_column 0=\u00a0\u00bb\u00a0\u00bb][vc_btn title=\u00a0\u00bbRecette Cuisine\u00a0\u00bb color=\u00a0\u00bbinfo\u00a0\u00bb link=\u00a0\u00bburl:http%3A%2F%2Famaqy.fr%2FForges%2F__trashed%2F|title:Des%20recettes%20%C3%A0%20r%C3%A9aliser%20pendant%20le%20confinement%20propos%C3%A9es%20par%20Marie||\u00a0\u00bb][\/vc_column][\/vc_row]<\/p>\n<\/div>","protected":false},"excerpt":{"rendered":"<p>[vc_row 0=\u00a0\u00bb\u00a0\u00bb][vc_column 0=\u00a0\u00bb\u00a0\u00bb][vc_tta_accordion style=\u00a0\u00bbmodern\u00a0\u00bb color=\u00a0\u00bbchino\u00a0\u00bb active_section=\u00a0\u00bb1&Prime;][vc_tta_section title=\u00a0\u00bb2020&Prime; tab_id=\u00a0\u00bb1585904830733-fbb31cba-36a5&Prime;][vc_btn title=\u00a0\u00bbComment \u00e9quilibrer ses repas\u00a0\u00bb color=\u00a0\u00bbsandy-brown\u00a0\u00bb link=\u00a0\u00bburl:https%3A%2F%2Ffr.calameo.com%2Fread%2F005991416f1a32de033c2|||\u00a0\u00bb][\/vc_tta_section][vc_tta_section title=\u00a0\u00bb2019&Prime; tab_id=\u00a0\u00bb1585904872199-0b85afd3-29ea\u00a0\u00bb][vc_btn title=\u00a0\u00bbTableau des \u00e9quivalences\u00a0\u00bb color=\u00a0\u00bbpeacoc\u00a0\u00bb<\/p>\n","protected":false},"author":19,"featured_media":0,"parent":1090,"menu_order":0,"comment_status":"closed","ping_status":"closed","template":"","meta":{"colormag_page_container_layout":"default_layout","colormag_page_sidebar_layout":"default_layout","footnotes":""},"class_list":["post-1275","page","type-page","status-publish","hentry"],"_links":{"self":[{"href":"https:\/\/amaqy.fr\/Forges\/wp-json\/wp\/v2\/pages\/1275","targetHints":{"allow":["GET"]}}],"collection":[{"href":"https:\/\/amaqy.fr\/Forges\/wp-json\/wp\/v2\/pages"}],"about":[{"href":"https:\/\/amaqy.fr\/Forges\/wp-json\/wp\/v2\/types\/page"}],"author":[{"embeddable":true,"href":"https:\/\/amaqy.fr\/Forges\/wp-json\/wp\/v2\/users\/19"}],"replies":[{"embeddable":true,"href":"https:\/\/amaqy.fr\/Forges\/wp-json\/wp\/v2\/comments?post=1275"}],"version-history":[{"count":5,"href":"https:\/\/amaqy.fr\/Forges\/wp-json\/wp\/v2\/pages\/1275\/revisions"}],"predecessor-version":[{"id":1608,"href":"https:\/\/amaqy.fr\/Forges\/wp-json\/wp\/v2\/pages\/1275\/revisions\/1608"}],"up":[{"embeddable":true,"href":"https:\/\/amaqy.fr\/Forges\/wp-json\/wp\/v2\/pages\/1090"}],"wp:attachment":[{"href":"https:\/\/amaqy.fr\/Forges\/wp-json\/wp\/v2\/media?parent=1275"}],"curies":[{"name":"wp","href":"https:\/\/api.w.org\/{rel}","templated":true}]}}