{"id":67,"date":"2013-11-19T14:46:32","date_gmt":"2013-11-19T13:46:32","guid":{"rendered":"http:\/\/amaqy.fr\/Bourg\/?page_id=67"},"modified":"2026-04-16T09:41:19","modified_gmt":"2026-04-16T08:41:19","slug":"famille","status":"publish","type":"page","link":"https:\/\/amaqy.fr\/Bourg\/accueil\/famille","title":{"rendered":"Famille Vie de Quartier"},"content":{"rendered":"<div class=\"wpb-content-wrapper\"><p>[vc_row full_width=\u00a0\u00bbstretch_row_content\u00a0\u00bb][vc_column width=\u00a0\u00bb1\/3&Prime;][vc_single_image image=\u00a0\u00bb3495&Prime; img_size=\u00a0\u00bblarge\u00a0\u00bb onclick=\u00a0\u00bbcustom_link\u00a0\u00bb css=\u00a0\u00bb\u00a0\u00bb link=\u00a0\u00bbhttps:\/\/www.etreparent85.fr\/fr\u00a0\u00bb][vc_column_text css=\u00a0\u00bb\u00a0\u00bb]Toutes les infos pour les parents en Vend\u00e9ee.<\/p>\n<p>Activit\u00e9s, \u00e9v\u00e8nement, dossiers, conf\u00e9rences&#8230;sur de nombreux sujets qui concernent les familles, la parentalit\u00e9.<\/p>\n<p><em>Cliquer sur le titre pour acc\u00e9der au site d\u00e9di\u00e9 propos\u00e9 par la CAF de la Vend\u00e9e.<\/em>[\/vc_column_text][vc_column_text][\/vc_column_text][vc_column_text css_animation=\u00a0\u00bbright-to-left\u00a0\u00bb css=\u00a0\u00bb\u00a0\u00bb]<\/p>\n<h1 style=\"text-align: center;\"><strong>Le programme<\/strong><\/h1>\n<p>[\/vc_column_text][vc_row_inner][vc_column_inner][vc_single_image image=\u00a0\u00bb3451&Prime; img_size=\u00a0\u00bblarge\u00a0\u00bb alignment=\u00a0\u00bbcenter\u00a0\u00bb css=\u00a0\u00bb\u00a0\u00bb][vc_column_text]<\/p>\n<h2 style=\"text-align: center\"><strong>Programme des activit\u00e9s famille<\/strong><\/h2>\n<p>[\/vc_column_text][\/vc_column_inner][\/vc_row_inner][vc_single_image image=\u00a0\u00bb3451&Prime; img_size=\u00a0\u00bbpetite\u00a0\u00bb alignment=\u00a0\u00bbcenter\u00a0\u00bb style=\u00a0\u00bbvc_box_rounded\u00a0\u00bb onclick=\u00a0\u00bbcustom_link\u00a0\u00bb img_link_target=\u00a0\u00bb_blank\u00a0\u00bb css_animation=\u00a0\u00bbfadeIn\u00a0\u00bb css=\u00a0\u00bb\u00a0\u00bb link=\u00a0\u00bbhttps:\/\/drive.google.com\/file\/d\/1CXh-VmoswzNBS9KNlaNlcPCTZj7kwtIx\/view?usp=sharing\u00a0\u00bb][vc_single_image image=\u00a0\u00bb3451&Prime; img_size=\u00a0\u00bbpetite\u00a0\u00bb alignment=\u00a0\u00bbcenter\u00a0\u00bb style=\u00a0\u00bbvc_box_rounded\u00a0\u00bb onclick=\u00a0\u00bbcustom_link\u00a0\u00bb img_link_target=\u00a0\u00bb_blank\u00a0\u00bb css_animation=\u00a0\u00bbfadeIn\u00a0\u00bb css=\u00a0\u00bb\u00a0\u00bb link=\u00a0\u00bbhttps:\/\/drive.google.com\/file\/d\/1CXh-VmoswzNBS9KNlaNlcPCTZj7kwtIx\/view?usp=sharing\u00a0\u00bb][\/vc_column][vc_column width=\u00a0\u00bb1\/3&Prime;][vc_single_image image=\u00a0\u00bb3498&Prime; img_size=\u00a0\u00bblarge\u00a0\u00bb css=\u00a0\u00bb\u00a0\u00bb][vc_single_image image=\u00a0\u00bb3499&Prime; img_size=\u00a0\u00bblarge\u00a0\u00bb css=\u00a0\u00bb\u00a0\u00bb][vc_single_image image=\u00a0\u00bb3501&Prime; img_size=\u00a0\u00bblarge\u00a0\u00bb css=\u00a0\u00bb\u00a0\u00bb][\/vc_column][vc_column width=\u00a0\u00bb1\/3&Prime;][vc_column_text css=\u00a0\u00bb\u00a0\u00bb]LE PROGRAMME<\/p>\n<p>Consulter le programme sur le journal de quartier.<br \/>\n<a href=\"https:\/\/amaqy.fr\/Bourg\/journal-le-bourg\">Cliquer ici<\/a>[\/vc_column_text][\/vc_column][\/vc_row][vc_row full_width=\u00a0\u00bbstretch_row_content\u00a0\u00bb content_placement=\u00a0\u00bbtop\u00a0\u00bb][vc_column css_animation=\u00a0\u00bbleft-to-right\u00a0\u00bb][vc_btn title=\u00a0\u00bbLa P&rsquo;tite Cantoche\u00a0\u00bb style=\u00a0\u00bboutline\u00a0\u00bb color=\u00a0\u00bbsandy-brown\u00a0\u00bb align=\u00a0\u00bbcenter\u00a0\u00bb link=\u00a0\u00bb|||\u00a0\u00bb][vc_single_image image=\u00a0\u00bb2786&Prime; img_size=\u00a0\u00bbmedium\u00a0\u00bb alignment=\u00a0\u00bbcenter\u00a0\u00bb][\/vc_column][\/vc_row][vc_row][vc_column][\/vc_column][\/vc_row]<\/p>\n<\/div>","protected":false},"excerpt":{"rendered":"<p>[vc_row full_width=\u00a0\u00bbstretch_row_content\u00a0\u00bb][vc_column width=\u00a0\u00bb1\/3&Prime;][vc_single_image image=\u00a0\u00bb3495&Prime; img_size=\u00a0\u00bblarge\u00a0\u00bb onclick=\u00a0\u00bbcustom_link\u00a0\u00bb css=\u00a0\u00bb\u00a0\u00bb link=\u00a0\u00bbhttps:\/\/www.etreparent85.fr\/fr\u00a0\u00bb][vc_column_text css=\u00a0\u00bb\u00a0\u00bb]Toutes les infos pour les parents en Vend\u00e9ee. Activit\u00e9s, \u00e9v\u00e8nement, dossiers, conf\u00e9rences&#8230;sur<\/p>\n","protected":false},"author":1,"featured_media":0,"parent":10,"menu_order":5,"comment_status":"closed","ping_status":"closed","template":"","meta":{"colormag_page_container_layout":"default_layout","colormag_page_sidebar_layout":"default_layout","footnotes":""},"class_list":["post-67","page","type-page","status-publish","hentry"],"_links":{"self":[{"href":"https:\/\/amaqy.fr\/Bourg\/wp-json\/wp\/v2\/pages\/67","targetHints":{"allow":["GET"]}}],"collection":[{"href":"https:\/\/amaqy.fr\/Bourg\/wp-json\/wp\/v2\/pages"}],"about":[{"href":"https:\/\/amaqy.fr\/Bourg\/wp-json\/wp\/v2\/types\/page"}],"author":[{"embeddable":true,"href":"https:\/\/amaqy.fr\/Bourg\/wp-json\/wp\/v2\/users\/1"}],"replies":[{"embeddable":true,"href":"https:\/\/amaqy.fr\/Bourg\/wp-json\/wp\/v2\/comments?post=67"}],"version-history":[{"count":5,"href":"https:\/\/amaqy.fr\/Bourg\/wp-json\/wp\/v2\/pages\/67\/revisions"}],"predecessor-version":[{"id":3502,"href":"https:\/\/amaqy.fr\/Bourg\/wp-json\/wp\/v2\/pages\/67\/revisions\/3502"}],"up":[{"embeddable":true,"href":"https:\/\/amaqy.fr\/Bourg\/wp-json\/wp\/v2\/pages\/10"}],"wp:attachment":[{"href":"https:\/\/amaqy.fr\/Bourg\/wp-json\/wp\/v2\/media?parent=67"}],"curies":[{"name":"wp","href":"https:\/\/api.w.org\/{rel}","templated":true}]}}