{"id":3172,"date":"2024-08-12T14:07:31","date_gmt":"2024-08-12T13:07:31","guid":{"rendered":"http:\/\/amaqy.fr\/Bourg\/?page_id=3172"},"modified":"2024-09-25T16:09:25","modified_gmt":"2024-09-25T15:09:25","slug":"yoga","status":"publish","type":"page","link":"https:\/\/amaqy.fr\/Bourg\/activites-permanentes-bourg\/yoga","title":{"rendered":"<strong>Yoga<\/strong>"},"content":{"rendered":"<div class=\"wpb-content-wrapper\"><p>[vc_row full_width=\u00a0\u00bbstretch_row_content\u00a0\u00bb css_animation=\u00a0\u00bbleft-to-right\u00a0\u00bb][vc_column 0=\u00a0\u00bb\u00a0\u00bb][vc_column_text css=\u00a0\u00bb.vc_custom_1727276966377{margin-right: 50px !important;margin-left: 50px !important;}\u00a0\u00bb]<\/p>\n<p style=\"text-align: center;\">Tous les lundis, de 17h \u00e0 18h25 ou de 18h35 \u00e0 19h50, Sylvie BEAUJARD vous propose des s\u00e9ances de yoga \u00e0 la maison de quartier du Bourg.<\/p>\n<p>[\/vc_column_text][\/vc_column][\/vc_row][vc_row full_width=\u00a0\u00bbstretch_row_content\u00a0\u00bb gap=\u00a0\u00bb35&Prime; content_placement=\u00a0\u00bbmiddle\u00a0\u00bb css_animation=\u00a0\u00bbleft-to-right\u00a0\u00bb][vc_column width=\u00a0\u00bb1\/3&Prime; css=\u00a0\u00bb.vc_custom_1723455917594{padding-right: 50px !important;padding-left: 50px !important;}\u00a0\u00bb][vc_column_text css=\u00a0\u00bb.vc_custom_1723469511841{margin-right: px !important;margin-left: px !important;padding-top: 50px !important;padding-right: 50px !important;padding-bottom: 50px !important;padding-left: 50px !important;background-color: #52c95c !important;}\u00a0\u00bb]<\/p>\n<h5 style=\"color: white;\"><strong>Jours &amp; horaires:<\/strong><\/h5>\n<ul>\n<li style=\"color: white;\">Lundi, 17h10-18h25 ou 18h35-19h50 (sous r\u00e9serve d&rsquo;un nb de participants minimum)<\/li>\n<\/ul>\n<p>[\/vc_column_text][vc_text_separator 0=\u00a0\u00bb\u00a0\u00bb][\/vc_column][vc_column width=\u00a0\u00bb2\/3&Prime; css=\u00a0\u00bb.vc_custom_1723455974105{margin-right: px !important;}\u00a0\u00bb][vc_column_text css=\u00a0\u00bb.vc_custom_1723469606507{padding-top: 50px !important;padding-right: 50px !important;padding-bottom: 50px !important;padding-left: 50px !important;background-color: #eaeaea !important;}\u00a0\u00bb]<\/p>\n<h5><strong>Informations compl\u00e9mentaires<\/strong><\/h5>\n<ul>\n<li><span style=\"text-decoration: underline;\">Intervenante<\/span>: Sylvie BEAUJARD<\/li>\n<li><span style=\"text-decoration: underline;\">Lieu<\/span>: Grande salle de la maison de quartier<\/li>\n<li><span style=\"text-decoration: underline;\">Cours destin\u00e9 aux adultes<\/span><\/li>\n<li><span style=\"text-decoration: underline;\">Tarifs<\/span>:\n<ul style=\"list-style-type: circle;\">\n<li>153\u20ac \/ personne \u00e0 l&rsquo;ann\u00e9e\n<ul style=\"list-style-type: circle;\">\n<li>125\u20ac pour les QF entre 700 et 900<\/li>\n<li>95\u20ac pour les QF &lt; \u00e0 700<\/li>\n<\/ul>\n<\/li>\n<li>+20\u20ac pour les non-yonnais<\/li>\n<\/ul>\n<\/li>\n<\/ul>\n<p>Renseignements et inscriptions aupr\u00e8s de la maison de quartier du Bourg.[\/vc_column_text][\/vc_column][\/vc_row][vc_row full_width=\u00a0\u00bbstretch_row_content\u00a0\u00bb css_animation=\u00a0\u00bbleft-to-right\u00a0\u00bb][vc_column 0=\u00a0\u00bb\u00a0\u00bb][vc_text_separator 0=\u00a0\u00bb\u00a0\u00bb][vc_btn title=\u00a0\u00bbRetour aux activit\u00e9s permanentes\u00a0\u00bb style=\u00a0\u00bb3d\u00a0\u00bb color=\u00a0\u00bbgreen\u00a0\u00bb align=\u00a0\u00bbright\u00a0\u00bb i_icon_fontawesome=\u00a0\u00bbfa fa-arrow-left\u00a0\u00bb css_animation=\u00a0\u00bbbottom-to-top\u00a0\u00bb add_icon=\u00a0\u00bbtrue\u00a0\u00bb link=\u00a0\u00bburl:http%3A%2F%2Famaqy.fr%2FBourg%2Factivites-permanentes-bourg|title:Activit%C3%A9s%20permanentes||\u00a0\u00bb css=\u00a0\u00bb.vc_custom_1723464621742{padding-right: 50px !important;}\u00a0\u00bb][\/vc_column][\/vc_row]<\/p>\n<\/div>","protected":false},"excerpt":{"rendered":"<p>[vc_row full_width=\u00a0\u00bbstretch_row_content\u00a0\u00bb css_animation=\u00a0\u00bbleft-to-right\u00a0\u00bb][vc_column 0=\u00a0\u00bb\u00a0\u00bb][vc_column_text css=\u00a0\u00bb.vc_custom_1727276966377{margin-right: 50px !important;margin-left: 50px !important;}\u00a0\u00bb] Tous les lundis, de 17h \u00e0 18h25 ou de 18h35 \u00e0<\/p>\n","protected":false},"author":48,"featured_media":0,"parent":1053,"menu_order":0,"comment_status":"closed","ping_status":"closed","template":"","meta":{"colormag_page_container_layout":"default_layout","colormag_page_sidebar_layout":"default_layout","footnotes":""},"class_list":["post-3172","page","type-page","status-publish","hentry"],"_links":{"self":[{"href":"https:\/\/amaqy.fr\/Bourg\/wp-json\/wp\/v2\/pages\/3172","targetHints":{"allow":["GET"]}}],"collection":[{"href":"https:\/\/amaqy.fr\/Bourg\/wp-json\/wp\/v2\/pages"}],"about":[{"href":"https:\/\/amaqy.fr\/Bourg\/wp-json\/wp\/v2\/types\/page"}],"author":[{"embeddable":true,"href":"https:\/\/amaqy.fr\/Bourg\/wp-json\/wp\/v2\/users\/48"}],"replies":[{"embeddable":true,"href":"https:\/\/amaqy.fr\/Bourg\/wp-json\/wp\/v2\/comments?post=3172"}],"version-history":[{"count":5,"href":"https:\/\/amaqy.fr\/Bourg\/wp-json\/wp\/v2\/pages\/3172\/revisions"}],"predecessor-version":[{"id":3273,"href":"https:\/\/amaqy.fr\/Bourg\/wp-json\/wp\/v2\/pages\/3172\/revisions\/3273"}],"up":[{"embeddable":true,"href":"https:\/\/amaqy.fr\/Bourg\/wp-json\/wp\/v2\/pages\/1053"}],"wp:attachment":[{"href":"https:\/\/amaqy.fr\/Bourg\/wp-json\/wp\/v2\/media?parent=3172"}],"curies":[{"name":"wp","href":"https:\/\/api.w.org\/{rel}","templated":true}]}}