{"id":3146,"date":"2024-08-12T11:28:53","date_gmt":"2024-08-12T10:28:53","guid":{"rendered":"http:\/\/amaqy.fr\/Bourg\/?page_id=3146"},"modified":"2024-09-25T16:10:06","modified_gmt":"2024-09-25T15:10:06","slug":"coup-de-pouce-numerique","status":"publish","type":"page","link":"https:\/\/amaqy.fr\/Bourg\/activites-permanentes-bourg\/coup-de-pouce-numerique","title":{"rendered":"<h1><strong>Le coup de pouce num\u00e9rique<\/strong><\/h1>"},"content":{"rendered":"<div class=\"wpb-content-wrapper\"><p>[vc_row full_width=\u00a0\u00bbstretch_row_content\u00a0\u00bb css_animation=\u00a0\u00bbleft-to-right\u00a0\u00bb][vc_column][vc_column_text css=\u00a0\u00bb.vc_custom_1723458201924{margin-right: 50px !important;margin-left: 50px !important;}\u00a0\u00bb]<\/p>\n<p style=\"text-align: center;\">La maison de quartier du Bourg vous propose des s\u00e9ances adapt\u00e9es \u00e0 vos besoins afin de mieux comprendre le num\u00e9rique pour mieux savoir l&rsquo;utiliser, compl\u00e9t\u00e9es par des temps d&rsquo;\u00e9changes pour poser toutes vos questions.<\/p>\n<p>[\/vc_column_text][\/vc_column][\/vc_row][vc_row full_width=\u00a0\u00bbstretch_row_content\u00a0\u00bb gap=\u00a0\u00bb35&Prime; content_placement=\u00a0\u00bbmiddle\u00a0\u00bb css_animation=\u00a0\u00bbleft-to-right\u00a0\u00bb][vc_column width=\u00a0\u00bb1\/3&Prime; css=\u00a0\u00bb.vc_custom_1723455917594{padding-right: 50px !important;padding-left: 50px !important;}\u00a0\u00bb][vc_column_text css=\u00a0\u00bb.vc_custom_1723458429754{margin-right: px !important;margin-left: px !important;padding-top: 50px !important;padding-right: 50px !important;padding-bottom: 50px !important;padding-left: 50px !important;background-color: #8224e3 !important;}\u00a0\u00bb]<\/p>\n<h5 style=\"color: white;\"><strong>Sujets abord\u00e9s:<\/strong><\/h5>\n<ul>\n<li style=\"text-align: left; color: white;\">Le syst\u00e8me d&rsquo;exploitation<\/li>\n<li style=\"text-align: left; color: white;\">Les fonctions de base<\/li>\n<li style=\"text-align: left; color: white;\">Installations et d\u00e9sintallations des applications<\/li>\n<li style=\"text-align: left; color: white;\">La messagerie<\/li>\n<li style=\"text-align: left; color: white;\">L&rsquo;antivirus et comment le param\u00e9trer<\/li>\n<li style=\"text-align: left; color: white;\">Je navigue sur Internet<\/li>\n<\/ul>\n<p>[\/vc_column_text][vc_text_separator][\/vc_column][vc_column width=\u00a0\u00bb2\/3&Prime; css=\u00a0\u00bb.vc_custom_1723455974105{margin-right: px !important;}\u00a0\u00bb][vc_column_text css=\u00a0\u00bb.vc_custom_1727277007004{padding-top: 50px !important;padding-right: 50px !important;padding-bottom: 50px !important;padding-left: 50px !important;background-color: #eaeaea !important;}\u00a0\u00bb]<\/p>\n<h5><strong>Informations compl\u00e9mentaires<\/strong><\/h5>\n<ul>\n<li>S\u00e9ances de 6 personnes<\/li>\n<li>Les samedis de 10h \u00e0 10h45<\/li>\n<li>Renseignements et inscriptions aupr\u00e8s de la maison de quartier du Bourg.<\/li>\n<\/ul>\n<p>[\/vc_column_text][\/vc_column][\/vc_row][vc_row full_width=\u00a0\u00bbstretch_row_content\u00a0\u00bb css_animation=\u00a0\u00bbleft-to-right\u00a0\u00bb][vc_column][vc_text_separator][vc_btn title=\u00a0\u00bbRetour aux activit\u00e9s permanentes\u00a0\u00bb style=\u00a0\u00bb3d\u00a0\u00bb color=\u00a0\u00bbviolet\u00a0\u00bb align=\u00a0\u00bbright\u00a0\u00bb i_icon_fontawesome=\u00a0\u00bbfa fa-arrow-left\u00a0\u00bb css_animation=\u00a0\u00bbbottom-to-top\u00a0\u00bb add_icon=\u00a0\u00bbtrue\u00a0\u00bb link=\u00a0\u00bburl:http%3A%2F%2Famaqy.fr%2FBourg%2Factivites-permanentes-bourg|title:Activit%C3%A9s%20permanentes||\u00a0\u00bb css=\u00a0\u00bb.vc_custom_1723458819597{padding-right: 50px !important;}\u00a0\u00bb][\/vc_column][\/vc_row]<\/p>\n<\/div>","protected":false},"excerpt":{"rendered":"<p>[vc_row full_width=\u00a0\u00bbstretch_row_content\u00a0\u00bb css_animation=\u00a0\u00bbleft-to-right\u00a0\u00bb][vc_column][vc_column_text css=\u00a0\u00bb.vc_custom_1723458201924{margin-right: 50px !important;margin-left: 50px !important;}\u00a0\u00bb] La maison de quartier du Bourg vous propose des s\u00e9ances adapt\u00e9es \u00e0<\/p>\n","protected":false},"author":48,"featured_media":0,"parent":1053,"menu_order":0,"comment_status":"closed","ping_status":"closed","template":"","meta":{"colormag_page_container_layout":"default_layout","colormag_page_sidebar_layout":"default_layout","footnotes":""},"class_list":["post-3146","page","type-page","status-publish","hentry"],"_links":{"self":[{"href":"https:\/\/amaqy.fr\/Bourg\/wp-json\/wp\/v2\/pages\/3146","targetHints":{"allow":["GET"]}}],"collection":[{"href":"https:\/\/amaqy.fr\/Bourg\/wp-json\/wp\/v2\/pages"}],"about":[{"href":"https:\/\/amaqy.fr\/Bourg\/wp-json\/wp\/v2\/types\/page"}],"author":[{"embeddable":true,"href":"https:\/\/amaqy.fr\/Bourg\/wp-json\/wp\/v2\/users\/48"}],"replies":[{"embeddable":true,"href":"https:\/\/amaqy.fr\/Bourg\/wp-json\/wp\/v2\/comments?post=3146"}],"version-history":[{"count":5,"href":"https:\/\/amaqy.fr\/Bourg\/wp-json\/wp\/v2\/pages\/3146\/revisions"}],"predecessor-version":[{"id":3274,"href":"https:\/\/amaqy.fr\/Bourg\/wp-json\/wp\/v2\/pages\/3146\/revisions\/3274"}],"up":[{"embeddable":true,"href":"https:\/\/amaqy.fr\/Bourg\/wp-json\/wp\/v2\/pages\/1053"}],"wp:attachment":[{"href":"https:\/\/amaqy.fr\/Bourg\/wp-json\/wp\/v2\/media?parent=3146"}],"curies":[{"name":"wp","href":"https:\/\/api.w.org\/{rel}","templated":true}]}}