{"id":2450,"date":"2021-06-11T13:27:01","date_gmt":"2021-06-11T12:27:01","guid":{"rendered":"http:\/\/amaqy.fr\/Bourg\/?page_id=2450"},"modified":"2021-06-11T15:15:28","modified_gmt":"2021-06-11T14:15:28","slug":"la-vie-des-poles","status":"publish","type":"page","link":"https:\/\/amaqy.fr\/Bourg\/la-vie-des-poles","title":{"rendered":"La Vie des P\u00f4les"},"content":{"rendered":"<div class=\"wpb-content-wrapper\"><p>[vc_row full_width=\u00a0\u00bbstretch_row_content\u00a0\u00bb css_animation=\u00a0\u00bbleft-to-right\u00a0\u00bb][vc_column 0=\u00a0\u00bb\u00a0\u00bb][vc_column_text 0=\u00a0\u00bb\u00a0\u00bb]<\/p>\n<h5><\/h5>\n<h5 style=\"text-align: center\"><strong>Le p\u00f4le culture et le Printemps des Po\u00e8tes<\/strong><\/h5>\n<p>&nbsp;<\/p>\n<h6 style=\"text-align: center\">En f\u00e9vrier, le p\u00f4le culture lan\u00e7a sa deuxi\u00e8me \u00e9dition du Printemps des Po\u00e8tes, en partenariat avec le Festival des Mots de la ville de la Roche-sur-Yon.<\/h6>\n<p>[\/vc_column_text][\/vc_column][\/vc_row][vc_row full_width=\u00a0\u00bbstretch_row_content\u00a0\u00bb css_animation=\u00a0\u00bbleft-to-right\u00a0\u00bb][vc_column width=\u00a0\u00bb2\/3&Prime;][vc_column_text]<\/p>\n<h6><\/h6>\n<p>&nbsp;<\/p>\n<p>&nbsp;<\/p>\n<p>&nbsp;<\/p>\n<h6 style=\"text-align: center\">En commen\u00e7ant par une bo\u00eete \u00e0 po\u00e8mes o\u00f9 les habitants d\u00e9posaient leurs po\u00e8mes sur le th\u00e8me du d\u00e9sir.<\/h6>\n<h6 style=\"text-align: center\"><strong>Nous avons r\u00e9colt\u00e9 en tout 58 po\u00e8mes\u00a0! Adultes et enfants confondus ont particip\u00e9 \u00e0 cet \u00e9v\u00e8nement.<\/strong><\/h6>\n<p>[\/vc_column_text][\/vc_column][vc_column width=\u00a0\u00bb1\/3&Prime;][vc_single_image image=\u00a0\u00bb2485&Prime; img_size=\u00a0\u00bblarge\u00a0\u00bb alignment=\u00a0\u00bbcenter\u00a0\u00bb onclick=\u00a0\u00bbimg_link_large\u00a0\u00bb img_link_target=\u00a0\u00bb_blank\u00a0\u00bb][\/vc_column][\/vc_row][vc_row full_width=\u00a0\u00bbstretch_row_content\u00a0\u00bb css_animation=\u00a0\u00bbleft-to-right\u00a0\u00bb][vc_column][vc_column_text]<\/p>\n<h6 style=\"text-align: center\"><strong>Par la suite, le p\u00f4le a voulu mettre ces po\u00e8mes \u00e0 l\u2019honneur en les partageants de plein de mani\u00e8res diff\u00e9rentes\u00a0!<\/strong><\/h6>\n<p style=\"text-align: center\">[\/vc_column_text][\/vc_column][\/vc_row][vc_row full_width=\u00a0\u00bbstretch_row_content\u00a0\u00bb css_animation=\u00a0\u00bbleft-to-right\u00a0\u00bb][vc_column width=\u00a0\u00bb2\/3&Prime;][vc_column_text]&nbsp;<\/p>\n<p>&nbsp;<\/p>\n<p>&nbsp;<\/p>\n<h6 style=\"text-align: center\">Certains po\u00e8mes ont \u00e9t\u00e9 enregistr\u00e9s par des b\u00e9n\u00e9voles, au studio de la Maison de Quartier de la Vall\u00e9e Verte.<\/h6>\n<h6><\/h6>\n<h6 style=\"text-align: center\">Ils ont, par la suite, \u00e9t\u00e9 envoy\u00e9s \u00e0 la radio Graffiti Urban-radio qui les a diffus\u00e9es pendant deux semaines. Si vous souhaitez les \u00e9couter, une playlist est disponible sur le site de la radio\u00a0:<\/h6>\n<h6 style=\"text-align: center\"><a href=\"https:\/\/pod.urban-radio.com\/@leprintempsdespoetesbourg\/episodes?fbclid=IwAR1VYTctxEv8DymoUjCWO23dCAYrzvh51qga7imDo9cf7o4USnV88WBLWqU\" target=\"_blank\" rel=\"noopener noreferrer\"><span style=\"text-decoration: underline\"><strong>Cliquez ici pour \u00e9couter les po\u00e8mes<\/strong><\/span><\/a><\/h6>\n<p>[\/vc_column_text][\/vc_column][vc_column width=\u00a0\u00bb1\/3&Prime;][vc_single_image image=\u00a0\u00bb2483&Prime; img_size=\u00a0\u00bblarge\u00a0\u00bb alignment=\u00a0\u00bbcenter\u00a0\u00bb onclick=\u00a0\u00bbimg_link_large\u00a0\u00bb img_link_target=\u00a0\u00bb_blank\u00a0\u00bb][\/vc_column][\/vc_row][vc_row full_width=\u00a0\u00bbstretch_row_content\u00a0\u00bb css_animation=\u00a0\u00bbleft-to-right\u00a0\u00bb][vc_column 0=\u00a0\u00bb\u00a0\u00bb][vc_column_text]<\/p>\n<h6 style=\"text-align: center\">Des po\u00e8mes ont \u00e9t\u00e9 d\u00e9pos\u00e9s dans des bo\u00eetes aux lettres d\u2019habitant du Bourg. D\u2019autres ont \u00e9t\u00e9 affich\u00e9s sur les murs du centre de vaccination. David Normand, graffeur, a repr\u00e9sent\u00e9 un po\u00e8me sur l\u2019\u00e9cole de Marcel Pagnol.<\/h6>\n<h6><\/h6>\n<h6 style=\"text-align: center\">Depuis la r\u00e9ouverture, nous avons mis en place une exposition de tous les po\u00e8mes re\u00e7us, dans l\u2019accueil de la Maison de Quartier.<\/h6>\n<p>[\/vc_column_text][vc_column_text]<\/p>\n<h6 style=\"text-align: center\"><strong>Un grand merci \u00e0 tous les po\u00e8tes qui nous ont partag\u00e9 leur go\u00fbt pour la po\u00e9sie et, sans qui, tout ceci n\u2019aurait pas \u00e9t\u00e9 possible\u00a0!<\/strong><\/h6>\n<p>[\/vc_column_text][\/vc_column][\/vc_row][vc_row full_width=\u00a0\u00bbstretch_row_content\u00a0\u00bb css_animation=\u00a0\u00bbleft-to-right\u00a0\u00bb][vc_column width=\u00a0\u00bb1\/2&Prime;][vc_single_image image=\u00a0\u00bb2296&Prime; img_size=\u00a0\u00bblarge\u00a0\u00bb alignment=\u00a0\u00bbcenter\u00a0\u00bb onclick=\u00a0\u00bbimg_link_large\u00a0\u00bb img_link_target=\u00a0\u00bb_blank\u00a0\u00bb][\/vc_column][vc_column width=\u00a0\u00bb1\/2&Prime;][vc_single_image image=\u00a0\u00bb2294&Prime; img_size=\u00a0\u00bblarge\u00a0\u00bb alignment=\u00a0\u00bbcenter\u00a0\u00bb onclick=\u00a0\u00bbimg_link_large\u00a0\u00bb img_link_target=\u00a0\u00bb_blank\u00a0\u00bb][\/vc_column][\/vc_row]<\/p>\n<\/div>","protected":false},"excerpt":{"rendered":"<p>[vc_row full_width=\u00a0\u00bbstretch_row_content\u00a0\u00bb css_animation=\u00a0\u00bbleft-to-right\u00a0\u00bb][vc_column 0=\u00a0\u00bb\u00a0\u00bb][vc_column_text 0=\u00a0\u00bb\u00a0\u00bb] Le p\u00f4le culture et le Printemps des Po\u00e8tes &nbsp; En f\u00e9vrier, le p\u00f4le culture lan\u00e7a<\/p>\n","protected":false},"author":47,"featured_media":0,"parent":0,"menu_order":0,"comment_status":"closed","ping_status":"closed","template":"","meta":{"colormag_page_container_layout":"default_layout","colormag_page_sidebar_layout":"default_layout","footnotes":""},"class_list":["post-2450","page","type-page","status-publish","hentry"],"_links":{"self":[{"href":"https:\/\/amaqy.fr\/Bourg\/wp-json\/wp\/v2\/pages\/2450","targetHints":{"allow":["GET"]}}],"collection":[{"href":"https:\/\/amaqy.fr\/Bourg\/wp-json\/wp\/v2\/pages"}],"about":[{"href":"https:\/\/amaqy.fr\/Bourg\/wp-json\/wp\/v2\/types\/page"}],"author":[{"embeddable":true,"href":"https:\/\/amaqy.fr\/Bourg\/wp-json\/wp\/v2\/users\/47"}],"replies":[{"embeddable":true,"href":"https:\/\/amaqy.fr\/Bourg\/wp-json\/wp\/v2\/comments?post=2450"}],"version-history":[{"count":5,"href":"https:\/\/amaqy.fr\/Bourg\/wp-json\/wp\/v2\/pages\/2450\/revisions"}],"predecessor-version":[{"id":2492,"href":"https:\/\/amaqy.fr\/Bourg\/wp-json\/wp\/v2\/pages\/2450\/revisions\/2492"}],"wp:attachment":[{"href":"https:\/\/amaqy.fr\/Bourg\/wp-json\/wp\/v2\/media?parent=2450"}],"curies":[{"name":"wp","href":"https:\/\/api.w.org\/{rel}","templated":true}]}}