{"id":2266,"date":"2021-05-06T14:19:41","date_gmt":"2021-05-06T13:19:41","guid":{"rendered":"http:\/\/amaqy.fr\/Bourg\/?page_id=2266"},"modified":"2024-08-12T16:52:07","modified_gmt":"2024-08-12T15:52:07","slug":"jeux","status":"publish","type":"page","link":"https:\/\/amaqy.fr\/Bourg\/jeux","title":{"rendered":"Jeux"},"content":{"rendered":"<div class=\"wpb-content-wrapper\"><p>[vc_row full_width=\u00a0\u00bbstretch_row_content\u00a0\u00bb css_animation=\u00a0\u00bbleft-to-right\u00a0\u00bb][vc_column][vc_single_image image=\u00a0\u00bb2418&Prime; img_size=\u00a0\u00bbfull\u00a0\u00bb alignment=\u00a0\u00bbcenter\u00a0\u00bb][vc_column_text]<\/p>\n<h6 style=\"text-align: center;\"><strong><span class=\"JsGRdQ\">Association ANR85<\/span><\/strong><\/h6>\n<p class=\"_04xlpA direction-ltr align-center para-style-body\" style=\"text-align: center;\"><strong><span class=\"JsGRdQ\">Initiations aux \u00e9checs<\/span><\/strong><\/p>\n<p class=\"_04xlpA direction-ltr align-center para-style-body\" style=\"text-align: center;\"><em><span class=\"JsGRdQ\">R\u00e9serv\u00e9 aux retrait\u00e9s<\/span><\/em><\/p>\n<p class=\"_04xlpA direction-ltr align-center para-style-body\" style=\"text-align: center;\"><span class=\"JsGRdQ\">Contact :<\/span><\/p>\n<p class=\"_04xlpA direction-ltr align-center para-style-body\" style=\"text-align: center;\"><strong><span class=\"JsGRdQ\">Louis Charrier<\/span><\/strong><\/p>\n<p class=\"_04xlpA direction-ltr align-center para-style-body\" style=\"text-align: center;\"><span class=\"JsGRdQ\">\u00a0 06. 66. 33. 64. 90.<\/span><\/p>\n<p>[\/vc_column_text][vc_btn title=\u00a0\u00bbSite de l&rsquo;association ANR85&Prime; style=\u00a0\u00bboutline\u00a0\u00bb color=\u00a0\u00bbpurple\u00a0\u00bb align=\u00a0\u00bbcenter\u00a0\u00bb css_animation=\u00a0\u00bbbottom-to-top\u00a0\u00bb link=\u00a0\u00bburl:https%3A%2F%2Fwww.anrvendee.org%2F||target:%20_blank|\u00a0\u00bb][vc_btn title=\u00a0\u00bbActivit\u00e9s des associations adh\u00e9rentes\u00a0\u00bb style=\u00a0\u00bboutline\u00a0\u00bb color=\u00a0\u00bbpurple\u00a0\u00bb align=\u00a0\u00bbright\u00a0\u00bb i_icon_fontawesome=\u00a0\u00bbfa fa-arrow-left\u00a0\u00bb css_animation=\u00a0\u00bbbottom-to-top\u00a0\u00bb add_icon=\u00a0\u00bbtrue\u00a0\u00bb link=\u00a0\u00bburl:http%3A%2F%2Famaqy.fr%2FBourg%2Factivites-des-associations-adherentes|title:Activit%C3%A9s%20des%20associations%20adh%C3%A9rentes||\u00a0\u00bb css=\u00a0\u00bb.vc_custom_1620307171923{padding-right: 50px !important;}\u00a0\u00bb][\/vc_column][\/vc_row]<\/p>\n<\/div>","protected":false},"excerpt":{"rendered":"<p>[vc_row full_width=\u00a0\u00bbstretch_row_content\u00a0\u00bb css_animation=\u00a0\u00bbleft-to-right\u00a0\u00bb][vc_column][vc_single_image image=\u00a0\u00bb2418&Prime; img_size=\u00a0\u00bbfull\u00a0\u00bb alignment=\u00a0\u00bbcenter\u00a0\u00bb][vc_column_text] Association ANR85 Initiations aux \u00e9checs R\u00e9serv\u00e9 aux retrait\u00e9s Contact : Louis Charrier \u00a0 06.<\/p>\n","protected":false},"author":47,"featured_media":0,"parent":0,"menu_order":0,"comment_status":"closed","ping_status":"closed","template":"","meta":{"colormag_page_container_layout":"default_layout","colormag_page_sidebar_layout":"default_layout","footnotes":""},"class_list":["post-2266","page","type-page","status-publish","hentry"],"_links":{"self":[{"href":"https:\/\/amaqy.fr\/Bourg\/wp-json\/wp\/v2\/pages\/2266","targetHints":{"allow":["GET"]}}],"collection":[{"href":"https:\/\/amaqy.fr\/Bourg\/wp-json\/wp\/v2\/pages"}],"about":[{"href":"https:\/\/amaqy.fr\/Bourg\/wp-json\/wp\/v2\/types\/page"}],"author":[{"embeddable":true,"href":"https:\/\/amaqy.fr\/Bourg\/wp-json\/wp\/v2\/users\/47"}],"replies":[{"embeddable":true,"href":"https:\/\/amaqy.fr\/Bourg\/wp-json\/wp\/v2\/comments?post=2266"}],"version-history":[{"count":5,"href":"https:\/\/amaqy.fr\/Bourg\/wp-json\/wp\/v2\/pages\/2266\/revisions"}],"predecessor-version":[{"id":3243,"href":"https:\/\/amaqy.fr\/Bourg\/wp-json\/wp\/v2\/pages\/2266\/revisions\/3243"}],"wp:attachment":[{"href":"https:\/\/amaqy.fr\/Bourg\/wp-json\/wp\/v2\/media?parent=2266"}],"curies":[{"name":"wp","href":"https:\/\/api.w.org\/{rel}","templated":true}]}}