{"id":2256,"date":"2021-05-06T14:02:48","date_gmt":"2021-05-06T13:02:48","guid":{"rendered":"http:\/\/amaqy.fr\/Bourg\/?page_id=2256"},"modified":"2024-09-25T08:21:07","modified_gmt":"2024-09-25T07:21:07","slug":"danse","status":"publish","type":"page","link":"https:\/\/amaqy.fr\/Bourg\/danse","title":{"rendered":"Danse"},"content":{"rendered":"<div class=\"wpb-content-wrapper\"><p>[vc_row full_width=\u00a0\u00bbstretch_row_content\u00a0\u00bb css_animation=\u00a0\u00bbleft-to-right\u00a0\u00bb][vc_column 0=\u00a0\u00bb\u00a0\u00bb][vc_single_image image=\u00a0\u00bb2414&Prime; img_size=\u00a0\u00bbfull\u00a0\u00bb alignment=\u00a0\u00bbcenter\u00a0\u00bb][\/vc_column][\/vc_row][vc_row full_width=\u00a0\u00bbstretch_row_content\u00a0\u00bb css_animation=\u00a0\u00bbleft-to-right\u00a0\u00bb][vc_column width=\u00a0\u00bb1\/3&Prime;][vc_column_text 0=\u00a0\u00bb\u00a0\u00bb]<\/p>\n<h6 style=\"text-align: center;\"><strong><span class=\"JsGRdQ\">ASRY (Amicale Sportive des Retrait\u00e9s Yonnais)<\/span><\/strong><\/h6>\n<p class=\"_04xlpA direction-ltr align-center para-style-body\" style=\"text-align: center;\"><strong><span class=\"JsGRdQ\">Activit\u00e9s dans\u00e9es<\/span><\/strong><\/p>\n<p class=\"_04xlpA direction-ltr align-center para-style-body\" style=\"text-align: center;\"><em><span class=\"JsGRdQ\">Offertes aux adh\u00e9rents de l&rsquo;ASRY &#8211; Encadr\u00e9es par des animateurs b\u00e9n\u00e9voles &#8211; S\u00e9nior adh\u00e9rent<\/span><\/em><\/p>\n<p class=\"_04xlpA direction-ltr align-center para-style-body\" style=\"text-align: center;\"><span class=\"JsGRdQ\">Contact :<\/span><\/p>\n<p class=\"_04xlpA direction-ltr align-center para-style-body\" style=\"text-align: center;\"><strong><span class=\"JsGRdQ\">Nicolas Lamazerolles<\/span><\/strong><\/p>\n<p class=\"_04xlpA direction-ltr align-center para-style-body\" style=\"text-align: center;\"><span class=\"JsGRdQ\">06. 43. 54. 02. 38.<\/span><\/p>\n<p>[\/vc_column_text][vc_btn title=\u00a0\u00bbSite de l&rsquo;association ASRY\u00a0\u00bb style=\u00a0\u00bboutline\u00a0\u00bb color=\u00a0\u00bbwarning\u00a0\u00bb align=\u00a0\u00bbcenter\u00a0\u00bb css_animation=\u00a0\u00bbbottom-to-top\u00a0\u00bb link=\u00a0\u00bburl:https%3A%2F%2Fwww.asry.fr%2F||target:%20_blank|\u00a0\u00bb][\/vc_column][vc_column width=\u00a0\u00bb1\/3&Prime;][vc_column_text 0=\u00a0\u00bb\u00a0\u00bb]<\/p>\n<h6 style=\"text-align: center;\"><strong><span class=\"JsGRdQ\">Amicale La\u00efque Bourg<\/span><\/strong><\/h6>\n<p class=\"_04xlpA direction-ltr align-center para-style-body\" style=\"text-align: center;\"><strong><span class=\"JsGRdQ\">Danse<\/span><\/strong><\/p>\n<p class=\"_04xlpA direction-ltr align-center para-style-body\" style=\"text-align: center;\"><em><span class=\"JsGRdQ\">Enfants, adolescents et adultes<\/span><\/em><\/p>\n<p class=\"_04xlpA direction-ltr align-center para-style-body\" style=\"text-align: center;\"><span class=\"JsGRdQ\">Contact :<\/span><\/p>\n<p class=\"_04xlpA direction-ltr align-center para-style-body\" style=\"text-align: center;\"><span class=\"JsGRdQ\">ami.l.lebourg@gmail.com<\/span><\/p>\n<p>[\/vc_column_text][vc_btn title=\u00a0\u00bbSite de l&rsquo;association AL Bourg\u00a0\u00bb style=\u00a0\u00bboutline\u00a0\u00bb color=\u00a0\u00bbwarning\u00a0\u00bb align=\u00a0\u00bbcenter\u00a0\u00bb css_animation=\u00a0\u00bbbottom-to-top\u00a0\u00bb link=\u00a0\u00bburl:http%3A%2F%2Fwww.laligue85.org%2Fasso%2Falbourg%2F||target:%20_blank|\u00a0\u00bb][\/vc_column][vc_column width=\u00a0\u00bb1\/3&Prime;][vc_column_text 0=\u00a0\u00bb\u00a0\u00bb]<\/p>\n<h6 style=\"text-align: center\"><strong><span class=\"JsGRdQ\">Association Ainsidanse<\/span><\/strong><\/h6>\n<p class=\"_04xlpA direction-ltr align-center para-style-body\" style=\"text-align: center\"><strong><span class=\"JsGRdQ\">Cours de danse<\/span><\/strong><\/p>\n<p class=\"_04xlpA direction-ltr align-center para-style-body\" style=\"text-align: center\"><em><span class=\"JsGRdQ\">Adulte &#8211; Enseignement du rock, lindyhop, balboa, westcoast swing et claquettes<\/span><\/em><\/p>\n<p class=\"_04xlpA direction-ltr align-center para-style-body\" style=\"text-align: center\"><span class=\"JsGRdQ\">Contact :<\/span><\/p>\n<p class=\"_04xlpA direction-ltr align-center para-style-body\" style=\"text-align: center\"><span class=\"JsGRdQ\">ainsidanse85@gmail.com<\/span><\/p>\n<p>[\/vc_column_text][vc_btn title=\u00a0\u00bbSite de l&rsquo;association Ainsidanse\u00a0\u00bb style=\u00a0\u00bboutline\u00a0\u00bb color=\u00a0\u00bbwarning\u00a0\u00bb align=\u00a0\u00bbcenter\u00a0\u00bb css_animation=\u00a0\u00bbbottom-to-top\u00a0\u00bb link=\u00a0\u00bburl:http%3A%2F%2Fainsidanse85.fr%2F||target:%20_blank|\u00a0\u00bb][\/vc_column][\/vc_row][vc_row full_width=\u00a0\u00bbstretch_row_content\u00a0\u00bb css_animation=\u00a0\u00bbleft-to-right\u00a0\u00bb][vc_column width=\u00a0\u00bb1\/3&Prime;][vc_column_text 0=\u00a0\u00bb\u00a0\u00bb]<\/p>\n<h6 style=\"text-align: center\"><strong><span class=\"JsGRdQ\">Association Pass&rsquo;Yon Tango<\/span><\/strong><\/h6>\n<p class=\"_04xlpA direction-ltr align-center para-style-body\" style=\"text-align: center\"><strong><span class=\"JsGRdQ\">Danse Tango argentin<\/span><\/strong><\/p>\n<p class=\"_04xlpA direction-ltr align-center para-style-body\" style=\"text-align: center\"><em><span class=\"JsGRdQ\">Cours de danse<\/span><\/em><\/p>\n<p class=\"_04xlpA direction-ltr align-center para-style-body\" style=\"text-align: center\"><span class=\"JsGRdQ\">Contact :<\/span><\/p>\n<p class=\"_04xlpA direction-ltr align-center para-style-body\" style=\"text-align: center\"><strong><span class=\"JsGRdQ\">Anne-Marie Doucet<\/span><\/strong><\/p>\n<p class=\"_04xlpA direction-ltr align-center para-style-body\" style=\"text-align: center\"><span class=\"JsGRdQ\">07 72 02 36 89<\/span><\/p>\n<p class=\"_04xlpA direction-ltr align-center para-style-body\" style=\"text-align: center\"><span class=\"JsGRdQ\">passyon-tango@gmail.com<\/span><\/p>\n<p>[\/vc_column_text][\/vc_column][vc_column width=\u00a0\u00bb1\/3&Prime;][vc_column_text 0=\u00a0\u00bb\u00a0\u00bb]<\/p>\n<h6 class=\"_04xlpA direction-ltr align-center para-style-body\" style=\"text-align: center\"><strong><span class=\"JsGRdQ\">Association Western Country<\/span><\/strong><\/h6>\n<p class=\"_04xlpA direction-ltr align-center para-style-body\" style=\"text-align: center\"><strong><span class=\"JsGRdQ\">Danse country<\/span><\/strong><\/p>\n<p class=\"_04xlpA direction-ltr align-center para-style-body\" style=\"text-align: center\"><em><span class=\"JsGRdQ\">\u00c0 partir de 14 ans- Cours de danse country et line dance<\/span><\/em><\/p>\n<p class=\"_04xlpA direction-ltr align-center para-style-body\" style=\"text-align: center\"><span class=\"JsGRdQ\">Contact :<\/span><\/p>\n<p class=\"_04xlpA direction-ltr align-center para-style-body\" style=\"text-align: center\"><strong><span class=\"JsGRdQ\">Fran\u00e7oise Martin<\/span><\/strong><\/p>\n<p class=\"_04xlpA direction-ltr align-center para-style-body\" style=\"text-align: center\"><span class=\"JsGRdQ\">07 81 76 02 45<\/span><\/p>\n<p class=\"_04xlpA direction-ltr align-center para-style-body\" style=\"text-align: center\"><span class=\"JsGRdQ\">westerncountrylarochesuryon@gmail.com<\/span><\/p>\n<p>[\/vc_column_text][vc_btn title=\u00a0\u00bbSite de l&rsquo;association Western Country\u00a0\u00bb style=\u00a0\u00bboutline\u00a0\u00bb color=\u00a0\u00bbwarning\u00a0\u00bb align=\u00a0\u00bbcenter\u00a0\u00bb css_animation=\u00a0\u00bbbottom-to-top\u00a0\u00bb link=\u00a0\u00bburl:https%3A%2F%2Fwww.westerncountry85.org%2F||target:%20_blank|\u00a0\u00bb][vc_column_text css_animation=\u00a0\u00bbbottom-to-top\u00a0\u00bb]<\/p>\n<p style=\"text-align: center\"><strong>Page Facebook de Western Country<\/strong><\/p>\n<p>[\/vc_column_text][vc_single_image image=\u00a0\u00bb2086&Prime; img_size=\u00a0\u00bb100*100&Prime; alignment=\u00a0\u00bbcenter\u00a0\u00bb onclick=\u00a0\u00bbcustom_link\u00a0\u00bb img_link_target=\u00a0\u00bb_blank\u00a0\u00bb css_animation=\u00a0\u00bbbottom-to-top\u00a0\u00bb link=\u00a0\u00bbhttps:\/\/www.facebook.com\/westerncountry85\/?fref=ts\u00a0\u00bb][\/vc_column][vc_column width=\u00a0\u00bb1\/3&Prime;][\/vc_column][\/vc_row][vc_row full_width=\u00a0\u00bbstretch_row_content\u00a0\u00bb][vc_column 0=\u00a0\u00bb\u00a0\u00bb][vc_btn title=\u00a0\u00bbActivit\u00e9s des associations adh\u00e9rentes\u00a0\u00bb style=\u00a0\u00bboutline\u00a0\u00bb color=\u00a0\u00bbwarning\u00a0\u00bb align=\u00a0\u00bbright\u00a0\u00bb i_icon_fontawesome=\u00a0\u00bbfa fa-arrow-left\u00a0\u00bb css_animation=\u00a0\u00bbbottom-to-top\u00a0\u00bb add_icon=\u00a0\u00bbtrue\u00a0\u00bb link=\u00a0\u00bburl:http%3A%2F%2Famaqy.fr%2FBourg%2Factivites-des-associations-adherentes|title:Activit%C3%A9s%20des%20associations%20adh%C3%A9rentes||\u00a0\u00bb css=\u00a0\u00bb.vc_custom_1620306115928{padding-right: 50px !important;}\u00a0\u00bb][\/vc_column][\/vc_row]<\/p>\n<\/div>","protected":false},"excerpt":{"rendered":"<p>[vc_row full_width=\u00a0\u00bbstretch_row_content\u00a0\u00bb css_animation=\u00a0\u00bbleft-to-right\u00a0\u00bb][vc_column 0=\u00a0\u00bb\u00a0\u00bb][vc_single_image image=\u00a0\u00bb2414&Prime; img_size=\u00a0\u00bbfull\u00a0\u00bb alignment=\u00a0\u00bbcenter\u00a0\u00bb][\/vc_column][\/vc_row][vc_row full_width=\u00a0\u00bbstretch_row_content\u00a0\u00bb css_animation=\u00a0\u00bbleft-to-right\u00a0\u00bb][vc_column width=\u00a0\u00bb1\/3&Prime;][vc_column_text 0=\u00a0\u00bb\u00a0\u00bb] ASRY (Amicale Sportive des Retrait\u00e9s Yonnais) Activit\u00e9s dans\u00e9es Offertes<\/p>\n","protected":false},"author":47,"featured_media":0,"parent":0,"menu_order":0,"comment_status":"closed","ping_status":"closed","template":"","meta":{"colormag_page_container_layout":"default_layout","colormag_page_sidebar_layout":"default_layout","footnotes":""},"class_list":["post-2256","page","type-page","status-publish","hentry"],"_links":{"self":[{"href":"https:\/\/amaqy.fr\/Bourg\/wp-json\/wp\/v2\/pages\/2256","targetHints":{"allow":["GET"]}}],"collection":[{"href":"https:\/\/amaqy.fr\/Bourg\/wp-json\/wp\/v2\/pages"}],"about":[{"href":"https:\/\/amaqy.fr\/Bourg\/wp-json\/wp\/v2\/types\/page"}],"author":[{"embeddable":true,"href":"https:\/\/amaqy.fr\/Bourg\/wp-json\/wp\/v2\/users\/47"}],"replies":[{"embeddable":true,"href":"https:\/\/amaqy.fr\/Bourg\/wp-json\/wp\/v2\/comments?post=2256"}],"version-history":[{"count":5,"href":"https:\/\/amaqy.fr\/Bourg\/wp-json\/wp\/v2\/pages\/2256\/revisions"}],"predecessor-version":[{"id":3270,"href":"https:\/\/amaqy.fr\/Bourg\/wp-json\/wp\/v2\/pages\/2256\/revisions\/3270"}],"wp:attachment":[{"href":"https:\/\/amaqy.fr\/Bourg\/wp-json\/wp\/v2\/media?parent=2256"}],"curies":[{"name":"wp","href":"https:\/\/api.w.org\/{rel}","templated":true}]}}