{"id":2221,"date":"2021-05-06T10:21:18","date_gmt":"2021-05-06T09:21:18","guid":{"rendered":"http:\/\/amaqy.fr\/Bourg\/?page_id=2221"},"modified":"2025-08-04T11:02:44","modified_gmt":"2025-08-04T10:02:44","slug":"cours","status":"publish","type":"page","link":"https:\/\/amaqy.fr\/Bourg\/cours","title":{"rendered":"Cours"},"content":{"rendered":"<div class=\"wpb-content-wrapper\"><p>[vc_row full_width=\u00a0\u00bbstretch_row_content\u00a0\u00bb css_animation=\u00a0\u00bbleft-to-right\u00a0\u00bb][vc_column][vc_single_image image=\u00a0\u00bb2401&Prime; img_size=\u00a0\u00bbfull\u00a0\u00bb alignment=\u00a0\u00bbcenter\u00a0\u00bb][\/vc_column][\/vc_row][vc_row full_width=\u00a0\u00bbstretch_row_content\u00a0\u00bb css_animation=\u00a0\u00bbleft-to-right\u00a0\u00bb][vc_column width=\u00a0\u00bb1\/3&Prime;][vc_column_text]<\/p>\n<h6 style=\"text-align: center\"><strong><span class=\"JsGRdQ\">Association ASRY<\/span><\/strong><\/h6>\n<p class=\"_04xlpA direction-ltr align-center para-style-body\" style=\"text-align: center\"><strong><span class=\"JsGRdQ\">Atelier Remue-m\u00e9ninges<\/span><\/strong><\/p>\n<p class=\"_04xlpA direction-ltr align-center para-style-body\" style=\"text-align: center\"><em><span class=\"JsGRdQ\">S\u00e9nior adh\u00e9rent<\/span><\/em><\/p>\n<p class=\"_04xlpA direction-ltr align-center para-style-body\" style=\"text-align: center\"><span class=\"JsGRdQ\">Contact :<\/span><\/p>\n<p class=\"_04xlpA direction-ltr align-center para-style-body\" style=\"text-align: center\"><strong><span class=\"JsGRdQ\">Jean Bidaud (pr\u00e9sident)<\/span><\/strong><\/p>\n<p class=\"_04xlpA direction-ltr align-center para-style-body\" style=\"text-align: center\"><span class=\"JsGRdQ\">06 35 90 44 53<\/span><\/p>\n<p>[\/vc_column_text][vc_btn title=\u00a0\u00bbSite de l&rsquo;association ASRY\u00a0\u00bb style=\u00a0\u00bboutline\u00a0\u00bb color=\u00a0\u00bbmulled-wine\u00a0\u00bb align=\u00a0\u00bbcenter\u00a0\u00bb css_animation=\u00a0\u00bbbottom-to-top\u00a0\u00bb link=\u00a0\u00bburl:http%3A%2F%2Fwww.asry.fr%2F||target:%20_blank|\u00a0\u00bb][\/vc_column][vc_column width=\u00a0\u00bb1\/3&Prime;][vc_column_text]<\/p>\n<h6 style=\"text-align: center;\"><strong><span class=\"JsGRdQ\">Association Hispano 85<\/span><\/strong><\/h6>\n<p class=\"_04xlpA direction-ltr align-center para-style-body\" style=\"text-align: center;\"><strong><span class=\"JsGRdQ\">Cours d&rsquo;espagnol<\/span><\/strong><\/p>\n<p class=\"_04xlpA direction-ltr align-center para-style-body\" style=\"text-align: center;\"><em><span class=\"JsGRdQ\">Tout public &#8211; Apprentissage de la langue en lien avec la culture hispano latino am\u00e9ricaine<\/span><\/em><\/p>\n<p class=\"_04xlpA direction-ltr align-center para-style-body\" style=\"text-align: center;\"><span class=\"JsGRdQ\">Contact :<\/span><\/p>\n<p style=\"text-align: center;\">Claudie TRICOIRE<\/p>\n<p style=\"text-align: center;\">Secr\u00e9tariat : 07 88 84 14 72<\/p>\n<p>[\/vc_column_text][\/vc_column][vc_column width=\u00a0\u00bb1\/3&Prime;][vc_column_text]<\/p>\n<h6 style=\"text-align: center;\"><strong><span class=\"JsGRdQ\">ANR85<\/span><\/strong><\/h6>\n<p class=\"_04xlpA direction-ltr align-center para-style-body\" style=\"text-align: center;\"><strong><span class=\"JsGRdQ\">Cours d&rsquo;esp\u00e9ranto<\/span><\/strong><\/p>\n<p class=\"_04xlpA direction-ltr align-center para-style-body\" style=\"text-align: center;\"><span class=\"JsGRdQ\">Contact :<\/span><\/p>\n<p class=\"_04xlpA direction-ltr align-center para-style-body\" style=\"text-align: center;\"><strong><span class=\"JsGRdQ\">Louis Charrier<\/span><\/strong><\/p>\n<p class=\"_04xlpA direction-ltr align-center para-style-body\" style=\"text-align: center;\"><span class=\"OYPEnA font-feature-liga-off font-feature-clig-off font-feature-calt-off text-decoration-none text-strikethrough-none\">06. 66. 33. 64. 90.<\/span><\/p>\n<p>[\/vc_column_text][vc_btn title=\u00a0\u00bbSite de l&rsquo;ANR85&Prime; style=\u00a0\u00bboutline\u00a0\u00bb color=\u00a0\u00bbmulled-wine\u00a0\u00bb align=\u00a0\u00bbcenter\u00a0\u00bb css_animation=\u00a0\u00bbbottom-to-top\u00a0\u00bb link=\u00a0\u00bburl:https%3A%2F%2Fwww.anrvendee.org%2F||target:%20_blank|\u00a0\u00bb][\/vc_column][\/vc_row][vc_row full_width=\u00a0\u00bbstretch_row_content\u00a0\u00bb css_animation=\u00a0\u00bbleft-to-right\u00a0\u00bb][vc_column][vc_btn title=\u00a0\u00bbActivit\u00e9s des associations adh\u00e9rentes\u00a0\u00bb style=\u00a0\u00bboutline\u00a0\u00bb color=\u00a0\u00bbmulled-wine\u00a0\u00bb align=\u00a0\u00bbright\u00a0\u00bb i_icon_fontawesome=\u00a0\u00bbfa fa-arrow-left\u00a0\u00bb css_animation=\u00a0\u00bbbottom-to-top\u00a0\u00bb add_icon=\u00a0\u00bbtrue\u00a0\u00bb link=\u00a0\u00bburl:http%3A%2F%2Famaqy.fr%2FBourg%2Factivites-des-associations-adherentes|title:Activit%C3%A9s%20des%20associations%20adh%C3%A9rentes||\u00a0\u00bb css=\u00a0\u00bb.vc_custom_1623421986181{padding-right: 50px !important;}\u00a0\u00bb][\/vc_column][\/vc_row]<\/p>\n<\/div>","protected":false},"excerpt":{"rendered":"<p>[vc_row full_width=\u00a0\u00bbstretch_row_content\u00a0\u00bb css_animation=\u00a0\u00bbleft-to-right\u00a0\u00bb][vc_column][vc_single_image image=\u00a0\u00bb2401&Prime; img_size=\u00a0\u00bbfull\u00a0\u00bb alignment=\u00a0\u00bbcenter\u00a0\u00bb][\/vc_column][\/vc_row][vc_row full_width=\u00a0\u00bbstretch_row_content\u00a0\u00bb css_animation=\u00a0\u00bbleft-to-right\u00a0\u00bb][vc_column width=\u00a0\u00bb1\/3&Prime;][vc_column_text] Association ASRY Atelier Remue-m\u00e9ninges S\u00e9nior adh\u00e9rent Contact : Jean Bidaud (pr\u00e9sident)<\/p>\n","protected":false},"author":47,"featured_media":0,"parent":0,"menu_order":0,"comment_status":"closed","ping_status":"closed","template":"","meta":{"colormag_page_container_layout":"default_layout","colormag_page_sidebar_layout":"default_layout","footnotes":""},"class_list":["post-2221","page","type-page","status-publish","hentry"],"_links":{"self":[{"href":"https:\/\/amaqy.fr\/Bourg\/wp-json\/wp\/v2\/pages\/2221","targetHints":{"allow":["GET"]}}],"collection":[{"href":"https:\/\/amaqy.fr\/Bourg\/wp-json\/wp\/v2\/pages"}],"about":[{"href":"https:\/\/amaqy.fr\/Bourg\/wp-json\/wp\/v2\/types\/page"}],"author":[{"embeddable":true,"href":"https:\/\/amaqy.fr\/Bourg\/wp-json\/wp\/v2\/users\/47"}],"replies":[{"embeddable":true,"href":"https:\/\/amaqy.fr\/Bourg\/wp-json\/wp\/v2\/comments?post=2221"}],"version-history":[{"count":5,"href":"https:\/\/amaqy.fr\/Bourg\/wp-json\/wp\/v2\/pages\/2221\/revisions"}],"predecessor-version":[{"id":3331,"href":"https:\/\/amaqy.fr\/Bourg\/wp-json\/wp\/v2\/pages\/2221\/revisions\/3331"}],"wp:attachment":[{"href":"https:\/\/amaqy.fr\/Bourg\/wp-json\/wp\/v2\/media?parent=2221"}],"curies":[{"name":"wp","href":"https:\/\/api.w.org\/{rel}","templated":true}]}}