{"id":2198,"date":"2021-05-06T09:53:17","date_gmt":"2021-05-06T08:53:17","guid":{"rendered":"http:\/\/amaqy.fr\/Bourg\/?page_id=2198"},"modified":"2021-06-14T15:13:22","modified_gmt":"2021-06-14T14:13:22","slug":"activites-des-associations-adherentes","status":"publish","type":"page","link":"https:\/\/amaqy.fr\/Bourg\/activites-des-associations-adherentes","title":{"rendered":"Activit\u00e9s des associations adh\u00e9rentes"},"content":{"rendered":"<div class=\"wpb-content-wrapper\"><p>[vc_row full_width=\u00a0\u00bbstretch_row_content\u00a0\u00bb css_animation=\u00a0\u00bbleft-to-right\u00a0\u00bb][vc_column][vc_column_text]<\/p>\n<h5><\/h5>\n<h5 style=\"text-align: center\"><strong>D\u00e9couvrez les activit\u00e9s de nos associations adh\u00e9rentes :<\/strong><\/h5>\n<h5 style=\"text-align: center\"><strong>Activit\u00e9s manuelles, bien-\u00eatre, chant, cours, danse, jeux, rencontres, petite enfance et sport<\/strong><\/h5>\n<h6 style=\"text-align: center\">Certaines des associations adh\u00e9rentes \u00e0 la Maison de Quartier ont des activit\u00e9s dans d&rsquo;autres lieux, n&rsquo;h\u00e9sitez pas \u00e0 les contacter pour conna\u00eetre leurs propositions.<\/h6>\n<p>[\/vc_column_text][vc_single_image image=\u00a0\u00bb2532&Prime; img_size=\u00a0\u00bbfull\u00a0\u00bb alignment=\u00a0\u00bbcenter\u00a0\u00bb css_animation=\u00a0\u00bbleft-to-right\u00a0\u00bb][\/vc_column][\/vc_row][vc_row full_width=\u00a0\u00bbstretch_row_content\u00a0\u00bb css_animation=\u00a0\u00bbleft-to-right\u00a0\u00bb][vc_column width=\u00a0\u00bb1\/3&Prime;][vc_btn title=\u00a0\u00bbChant\u00a0\u00bb style=\u00a0\u00bboutline\u00a0\u00bb color=\u00a0\u00bbpeacoc\u00a0\u00bb align=\u00a0\u00bbcenter\u00a0\u00bb button_block=\u00a0\u00bbtrue\u00a0\u00bb link=\u00a0\u00bburl:http%3A%2F%2Famaqy.fr%2FBourg%2Fchant|title:Chant||\u00a0\u00bb][vc_single_image image=\u00a0\u00bb2278&Prime; img_size=\u00a0\u00bbmedium\u00a0\u00bb alignment=\u00a0\u00bbcenter\u00a0\u00bb][vc_btn title=\u00a0\u00bbSport\u00a0\u00bb style=\u00a0\u00bboutline\u00a0\u00bb color=\u00a0\u00bbjuicy-pink\u00a0\u00bb align=\u00a0\u00bbcenter\u00a0\u00bb button_block=\u00a0\u00bbtrue\u00a0\u00bb link=\u00a0\u00bburl:http%3A%2F%2Famaqy.fr%2FBourg%2Fsport|title:Sport||\u00a0\u00bb][vc_single_image image=\u00a0\u00bb2276&Prime; img_size=\u00a0\u00bbmedium\u00a0\u00bb alignment=\u00a0\u00bbcenter\u00a0\u00bb][vc_btn title=\u00a0\u00bbDanse\u00a0\u00bb style=\u00a0\u00bboutline\u00a0\u00bb color=\u00a0\u00bbwarning\u00a0\u00bb align=\u00a0\u00bbcenter\u00a0\u00bb button_block=\u00a0\u00bbtrue\u00a0\u00bb link=\u00a0\u00bburl:http%3A%2F%2Famaqy.fr%2FBourg%2Fdanse|title:Danse||\u00a0\u00bb][vc_single_image image=\u00a0\u00bb2205&Prime; img_size=\u00a0\u00bbmedium\u00a0\u00bb alignment=\u00a0\u00bbcenter\u00a0\u00bb][\/vc_column][vc_column width=\u00a0\u00bb1\/3&Prime;][vc_btn title=\u00a0\u00bbCours\u00a0\u00bb style=\u00a0\u00bboutline\u00a0\u00bb color=\u00a0\u00bbmulled-wine\u00a0\u00bb align=\u00a0\u00bbcenter\u00a0\u00bb button_block=\u00a0\u00bbtrue\u00a0\u00bb link=\u00a0\u00bburl:http%3A%2F%2Famaqy.fr%2FBourg%2Fcours|title:Cours||\u00a0\u00bb][vc_single_image image=\u00a0\u00bb2204&Prime; img_size=\u00a0\u00bbmedium\u00a0\u00bb alignment=\u00a0\u00bbcenter\u00a0\u00bb][vc_btn title=\u00a0\u00bbBien-\u00eatre\u00a0\u00bb style=\u00a0\u00bboutline\u00a0\u00bb color=\u00a0\u00bbvista-blue\u00a0\u00bb align=\u00a0\u00bbcenter\u00a0\u00bb button_block=\u00a0\u00bbtrue\u00a0\u00bb link=\u00a0\u00bburl:http%3A%2F%2Famaqy.fr%2FBourg%2Fbien-etre|title:Bien-%C3%AAtre||\u00a0\u00bb][vc_single_image image=\u00a0\u00bb2202&Prime; img_size=\u00a0\u00bbmedium\u00a0\u00bb alignment=\u00a0\u00bbcenter\u00a0\u00bb][vc_btn title=\u00a0\u00bbPetite Enfance\u00a0\u00bb style=\u00a0\u00bboutline\u00a0\u00bb color=\u00a0\u00bbpink\u00a0\u00bb align=\u00a0\u00bbcenter\u00a0\u00bb button_block=\u00a0\u00bbtrue\u00a0\u00bb link=\u00a0\u00bburl:http%3A%2F%2Famaqy.fr%2FBourg%2Fpetite-enfance|title:Petite%20enfance||\u00a0\u00bb][vc_single_image image=\u00a0\u00bb2280&Prime; img_size=\u00a0\u00bbmedium\u00a0\u00bb alignment=\u00a0\u00bbcenter\u00a0\u00bb][\/vc_column][vc_column width=\u00a0\u00bb1\/3&Prime;][vc_btn title=\u00a0\u00bbRencontres\u00a0\u00bb style=\u00a0\u00bboutline\u00a0\u00bb color=\u00a0\u00bbviolet\u00a0\u00bb align=\u00a0\u00bbcenter\u00a0\u00bb button_block=\u00a0\u00bbtrue\u00a0\u00bb link=\u00a0\u00bburl:http%3A%2F%2Famaqy.fr%2FBourg%2Frencontres|title:Rencontres||\u00a0\u00bb][vc_single_image image=\u00a0\u00bb2208&Prime; img_size=\u00a0\u00bbmedium\u00a0\u00bb alignment=\u00a0\u00bbcenter\u00a0\u00bb][vc_btn title=\u00a0\u00bbActivit\u00e9s Manuelles\u00a0\u00bb style=\u00a0\u00bboutline\u00a0\u00bb color=\u00a0\u00bbsuccess\u00a0\u00bb align=\u00a0\u00bbcenter\u00a0\u00bb button_block=\u00a0\u00bbtrue\u00a0\u00bb link=\u00a0\u00bburl:http%3A%2F%2Famaqy.fr%2FBourg%2Factivites-manuelles|title:Activit%C3%A9s%20manuelles||\u00a0\u00bb][vc_single_image image=\u00a0\u00bb2277&Prime; img_size=\u00a0\u00bbmedium\u00a0\u00bb alignment=\u00a0\u00bbcenter\u00a0\u00bb][vc_btn title=\u00a0\u00bbJeux\u00a0\u00bb style=\u00a0\u00bboutline\u00a0\u00bb color=\u00a0\u00bbpurple\u00a0\u00bb align=\u00a0\u00bbcenter\u00a0\u00bb button_block=\u00a0\u00bbtrue\u00a0\u00bb link=\u00a0\u00bburl:http%3A%2F%2Famaqy.fr%2FBourg%2Fjeux|title:Jeux||\u00a0\u00bb][vc_single_image image=\u00a0\u00bb2279&Prime; img_size=\u00a0\u00bbmedium\u00a0\u00bb alignment=\u00a0\u00bbcenter\u00a0\u00bb][\/vc_column][\/vc_row][vc_row full_width=\u00a0\u00bbstretch_row_content\u00a0\u00bb][vc_column][vc_btn title=\u00a0\u00bbRetour \u00e0 l&rsquo;accueil\u00a0\u00bb style=\u00a0\u00bb3d\u00a0\u00bb color=\u00a0\u00bbsky\u00a0\u00bb align=\u00a0\u00bbright\u00a0\u00bb i_icon_fontawesome=\u00a0\u00bbfa fa-arrow-left\u00a0\u00bb css_animation=\u00a0\u00bbbottom-to-top\u00a0\u00bb add_icon=\u00a0\u00bbtrue\u00a0\u00bb link=\u00a0\u00bburl:http%3A%2F%2Famaqy.fr%2FBourg%2F|title:Accueil||\u00a0\u00bb css=\u00a0\u00bb.vc_custom_1623664711697{padding-right: 50px !important;}\u00a0\u00bb][\/vc_column][\/vc_row]<\/p>\n<\/div>","protected":false},"excerpt":{"rendered":"<p>[vc_row full_width=\u00a0\u00bbstretch_row_content\u00a0\u00bb css_animation=\u00a0\u00bbleft-to-right\u00a0\u00bb][vc_column][vc_column_text] D\u00e9couvrez les activit\u00e9s de nos associations adh\u00e9rentes : Activit\u00e9s manuelles, bien-\u00eatre, chant, cours, danse, jeux, rencontres, petite<\/p>\n","protected":false},"author":47,"featured_media":0,"parent":0,"menu_order":0,"comment_status":"closed","ping_status":"closed","template":"","meta":{"colormag_page_container_layout":"default_layout","colormag_page_sidebar_layout":"default_layout","footnotes":""},"class_list":["post-2198","page","type-page","status-publish","hentry"],"_links":{"self":[{"href":"https:\/\/amaqy.fr\/Bourg\/wp-json\/wp\/v2\/pages\/2198","targetHints":{"allow":["GET"]}}],"collection":[{"href":"https:\/\/amaqy.fr\/Bourg\/wp-json\/wp\/v2\/pages"}],"about":[{"href":"https:\/\/amaqy.fr\/Bourg\/wp-json\/wp\/v2\/types\/page"}],"author":[{"embeddable":true,"href":"https:\/\/amaqy.fr\/Bourg\/wp-json\/wp\/v2\/users\/47"}],"replies":[{"embeddable":true,"href":"https:\/\/amaqy.fr\/Bourg\/wp-json\/wp\/v2\/comments?post=2198"}],"version-history":[{"count":5,"href":"https:\/\/amaqy.fr\/Bourg\/wp-json\/wp\/v2\/pages\/2198\/revisions"}],"predecessor-version":[{"id":2533,"href":"https:\/\/amaqy.fr\/Bourg\/wp-json\/wp\/v2\/pages\/2198\/revisions\/2533"}],"wp:attachment":[{"href":"https:\/\/amaqy.fr\/Bourg\/wp-json\/wp\/v2\/media?parent=2198"}],"curies":[{"name":"wp","href":"https:\/\/api.w.org\/{rel}","templated":true}]}}