{"id":901,"date":"2017-03-29T13:35:49","date_gmt":"2017-03-29T12:35:49","guid":{"rendered":"http:\/\/amaqy.fr\/Morineau\/?page_id=901"},"modified":"2024-08-02T16:23:35","modified_gmt":"2024-08-02T15:23:35","slug":"accompagnement-apres-lecole-enfance","status":"publish","type":"page","link":"http:\/\/amaqy.fr\/Morineau\/accompagnement-apres-lecole-enfance\/","title":{"rendered":"Accompagnement apr\u00e8s l\u2019\u00e9cole Enfance"},"content":{"rendered":"<div class=\"wpb-content-wrapper\"><p>[vc_row][vc_column][vc_column_text]L\u2019accompagnement \u00e0 la scolarit\u00e9 est r\u00e9alis\u00e9 par Carole Alaitru, responsable du secteur familles et des b\u00e9n\u00e9voles, il permet aux enfants hors temps scolaire d\u2019acqu\u00e9rir des m\u00e9thodes et des approches facilitant l\u2019acc\u00e8s au savoir.<br \/>\nCe dispositif participe \u00e0 :<\/p>\n<ul>\n<li>\u00c9largir les centres d\u2019int\u00e9r\u00eat des enfants, promouvoir leur apprentissage \u00e0 la citoyennet\u00e9 par une ouverture sur les ressources culturelles, sociales et \u00e9conomiques de la ville ou de son environnement proche<\/li>\n<li>Valoriser les acquis pour renforcer l\u2019autonomie personnelle et leur capacit\u00e9 \u00e0 la vie collective<\/li>\n<li>Accompagner les parents dans le suivi de la scolarit\u00e9 des enfants et faciliter leur relation avec l\u2019\u00e9cole.<\/li>\n<\/ul>\n<p><strong>Les mardis et vendredis scolaires de 16h30 \u00e0 18h\u00a0<\/strong><\/p>\n<p><strong>Reprise : <span style=\"color: #993300\">mardi 08 octobre 2024<\/span><\/strong><\/p>\n<p>&nbsp;[\/vc_column_text][\/vc_column][\/vc_row]<\/p>\n<\/div>","protected":false},"excerpt":{"rendered":"<p>[vc_row][vc_column][vc_column_text]L\u2019accompagnement \u00e0 la scolarit\u00e9 est r\u00e9alis\u00e9 par Carole Alaitru, responsable du secteur familles et des b\u00e9n\u00e9voles, il permet aux enfants<\/p>\n","protected":false},"author":1,"featured_media":0,"parent":0,"menu_order":0,"comment_status":"closed","ping_status":"closed","template":"","meta":{"colormag_page_container_layout":"default_layout","colormag_page_sidebar_layout":"default_layout","footnotes":""},"class_list":["post-901","page","type-page","status-publish","hentry"],"_links":{"self":[{"href":"http:\/\/amaqy.fr\/Morineau\/wp-json\/wp\/v2\/pages\/901","targetHints":{"allow":["GET"]}}],"collection":[{"href":"http:\/\/amaqy.fr\/Morineau\/wp-json\/wp\/v2\/pages"}],"about":[{"href":"http:\/\/amaqy.fr\/Morineau\/wp-json\/wp\/v2\/types\/page"}],"author":[{"embeddable":true,"href":"http:\/\/amaqy.fr\/Morineau\/wp-json\/wp\/v2\/users\/1"}],"replies":[{"embeddable":true,"href":"http:\/\/amaqy.fr\/Morineau\/wp-json\/wp\/v2\/comments?post=901"}],"version-history":[{"count":5,"href":"http:\/\/amaqy.fr\/Morineau\/wp-json\/wp\/v2\/pages\/901\/revisions"}],"predecessor-version":[{"id":2823,"href":"http:\/\/amaqy.fr\/Morineau\/wp-json\/wp\/v2\/pages\/901\/revisions\/2823"}],"wp:attachment":[{"href":"http:\/\/amaqy.fr\/Morineau\/wp-json\/wp\/v2\/media?parent=901"}],"curies":[{"name":"wp","href":"https:\/\/api.w.org\/{rel}","templated":true}]}}