{"id":883,"date":"2017-03-08T17:18:22","date_gmt":"2017-03-08T16:18:22","guid":{"rendered":"http:\/\/amaqy.fr\/Morineau\/?page_id=883"},"modified":"2026-02-02T16:29:28","modified_gmt":"2026-02-02T15:29:28","slug":"club-de-jeunes","status":"publish","type":"page","link":"http:\/\/amaqy.fr\/Morineau\/club-de-jeunes\/","title":{"rendered":"Club de jeunes"},"content":{"rendered":"<div class=\"wpb-content-wrapper\"><p>[vc_row][vc_column width=\u00a0\u00bb2\/3&Prime;][vc_column_text]Bonjour,<\/p>\n<p>Tu as entre 11 et 17 ans, alors viens rencontrer les animateurs du club jeune des maisons de quartier Centre ville Pont Morineau \/Libert\u00e9.<\/p>\n<p>Des plannings d&rsquo;activit\u00e9s te sont propos\u00e9s les mercredis et samedis apr\u00e8s-midi\u00a0 de 14h \u00e0 17h30.<\/p>\n<p>Pendant les vacances scolaires tu pourras participer aux activit\u00e9s du lundi au vendredi ( horaires en fonction des activit\u00e9s).<\/p>\n<p>N&rsquo;h\u00e9site pas \u00e0 nous contacter et d&rsquo;inscrire sur notre page facebook et instagram pour suivre nos actualit\u00e9s.<\/p>\n<p>A bient\u00f4t.<\/p>\n<p>Nicolas, Lisa[\/vc_column_text][\/vc_column][vc_column width=\u00a0\u00bb1\/3&Prime;][vc_column_text css_animation=\u00a0\u00bbrotateIn\u00a0\u00bb css=\u00a0\u00bb\u00a0\u00bb]<\/p>\n<h5 style=\"text-align: center;\"><em><span style=\"color: #0000ff;\"><strong>Planning vacances de f\u00e9vrier 2026<\/strong><\/span><\/em><\/h5>\n<h5 style=\"text-align: center;\"><em><span style=\"color: #0000ff;\">Clique sur l&rsquo;image pour ouvrir le programme<\/span><\/em><\/h5>\n<p>[\/vc_column_text][vc_single_image image=\u00a0\u00bb3238&Prime; alignment=\u00a0\u00bbcenter\u00a0\u00bb style=\u00a0\u00bbvc_box_border_circle\u00a0\u00bb border_color=\u00a0\u00bbvista_blue\u00a0\u00bb onclick=\u00a0\u00bbcustom_link\u00a0\u00bb css_animation=\u00a0\u00bbrotateIn\u00a0\u00bb css=\u00a0\u00bb\u00a0\u00bb link=\u00a0\u00bbhttps:\/\/drive.google.com\/file\/d\/1MBYbnZUJPB4V0hJGUSnAwMvnAqZZIOkk\/view?usp=drive_link\u00a0\u00bb][vc_single_image image=\u00a0\u00bb1755&Prime; alignment=\u00a0\u00bbcenter\u00a0\u00bb style=\u00a0\u00bbvc_box_border_circle\u00a0\u00bb border_color=\u00a0\u00bbturquoise\u00a0\u00bb onclick=\u00a0\u00bbcustom_link\u00a0\u00bb css_animation=\u00a0\u00bbrotateIn\u00a0\u00bb link=\u00a0\u00bbhttp:\/\/amaqy.fr\/Morineau\/wp-content\/uploads\/sites\/6\/2022\/02\/planete-ado-site-compresse.pdf\u00a0\u00bb][vc_column_text]<\/p>\n<p style=\"text-align: center\"><span style=\"color: #0000ff\">Tu as entre 10 et 13 ans alors viens rejoindre la \u00ab\u00a0Planet&rsquo;Ados\u00a0\u00bb<\/span><\/p>\n<p style=\"text-align: center\"><span style=\"color: #0000ff\">Clique sur l&rsquo;affiche pour acc\u00e9der au programme<\/span><\/p>\n<p>[\/vc_column_text][\/vc_column][\/vc_row]<\/p>\n<\/div>","protected":false},"excerpt":{"rendered":"<p>[vc_row][vc_column width=\u00a0\u00bb2\/3&Prime;][vc_column_text]Bonjour, Tu as entre 11 et 17 ans, alors viens rencontrer les animateurs du club jeune des maisons de<\/p>\n","protected":false},"author":1,"featured_media":0,"parent":0,"menu_order":0,"comment_status":"closed","ping_status":"closed","template":"","meta":{"colormag_page_container_layout":"default_layout","colormag_page_sidebar_layout":"default_layout","footnotes":""},"class_list":["post-883","page","type-page","status-publish","hentry"],"_links":{"self":[{"href":"http:\/\/amaqy.fr\/Morineau\/wp-json\/wp\/v2\/pages\/883","targetHints":{"allow":["GET"]}}],"collection":[{"href":"http:\/\/amaqy.fr\/Morineau\/wp-json\/wp\/v2\/pages"}],"about":[{"href":"http:\/\/amaqy.fr\/Morineau\/wp-json\/wp\/v2\/types\/page"}],"author":[{"embeddable":true,"href":"http:\/\/amaqy.fr\/Morineau\/wp-json\/wp\/v2\/users\/1"}],"replies":[{"embeddable":true,"href":"http:\/\/amaqy.fr\/Morineau\/wp-json\/wp\/v2\/comments?post=883"}],"version-history":[{"count":5,"href":"http:\/\/amaqy.fr\/Morineau\/wp-json\/wp\/v2\/pages\/883\/revisions"}],"predecessor-version":[{"id":3243,"href":"http:\/\/amaqy.fr\/Morineau\/wp-json\/wp\/v2\/pages\/883\/revisions\/3243"}],"wp:attachment":[{"href":"http:\/\/amaqy.fr\/Morineau\/wp-json\/wp\/v2\/media?parent=883"}],"curies":[{"name":"wp","href":"https:\/\/api.w.org\/{rel}","templated":true}]}}