{"id":2297,"date":"2023-08-24T15:19:10","date_gmt":"2023-08-24T14:19:10","guid":{"rendered":"http:\/\/amaqy.fr\/Morineau\/?page_id=2297"},"modified":"2023-08-24T15:19:10","modified_gmt":"2023-08-24T14:19:10","slug":"compagnie-les-tulipes","status":"publish","type":"page","link":"http:\/\/amaqy.fr\/Morineau\/compagnie-les-tulipes\/","title":{"rendered":"Compagnie Les Tulipes"},"content":{"rendered":"<div class=\"wpb-content-wrapper\"><p>[vc_row 0=\u00a0\u00bb\u00a0\u00bb][vc_column 0=\u00a0\u00bb\u00a0\u00bb][vc_column_text 0=\u00a0\u00bb\u00a0\u00bb]<\/p>\n<p><em><strong>Th\u00e9\u00e2tre amateur<\/strong><\/em><\/p>\n<p>La joyeuse troupe \u00ab\u00a0Les Tulipes\u00a0\u00bb est une association de th\u00e9\u00e2tre amateur, actuellement compos\u00e9e de 9 personnes.<\/p>\n<p>Son r\u00e9pertoire est vari\u00e9 avec une tendance pour une mise en sc\u00e8ne un peu \u00ab\u00a0d\u00e9brid\u00e9e\u00a0\u00bb.<\/p>\n<p>Les r\u00e9p\u00e9titions ont lieu \u00e0 la Maison de Quartier Pont Morineau o\u00f9 se d\u00e9roulent aussi les premi\u00e8res s\u00e9ances de chaque nouveau spectacle.<\/p>\n<p>Les Tulipes jouent \u00e9galement, \u00e0 la demande, en Vend\u00e9e (\u00e9ventuellement plus loin).<\/p>\n<p><strong>Mail : <\/strong>compagnielestulipes@gmail.com<\/p>\n<p>[\/vc_column_text][\/vc_column][\/vc_row]<\/p>\n\n<\/div>","protected":false},"excerpt":{"rendered":"<p>[vc_row 0=\u00a0\u00bb\u00a0\u00bb][vc_column 0=\u00a0\u00bb\u00a0\u00bb][vc_column_text 0=\u00a0\u00bb\u00a0\u00bb] Th\u00e9\u00e2tre amateur La joyeuse troupe \u00ab\u00a0Les Tulipes\u00a0\u00bb est une association de th\u00e9\u00e2tre amateur, actuellement compos\u00e9e de<\/p>\n","protected":false},"author":12,"featured_media":0,"parent":0,"menu_order":0,"comment_status":"closed","ping_status":"closed","template":"","meta":{"colormag_page_container_layout":"default_layout","colormag_page_sidebar_layout":"default_layout","footnotes":""},"class_list":["post-2297","page","type-page","status-publish","hentry"],"_links":{"self":[{"href":"http:\/\/amaqy.fr\/Morineau\/wp-json\/wp\/v2\/pages\/2297","targetHints":{"allow":["GET"]}}],"collection":[{"href":"http:\/\/amaqy.fr\/Morineau\/wp-json\/wp\/v2\/pages"}],"about":[{"href":"http:\/\/amaqy.fr\/Morineau\/wp-json\/wp\/v2\/types\/page"}],"author":[{"embeddable":true,"href":"http:\/\/amaqy.fr\/Morineau\/wp-json\/wp\/v2\/users\/12"}],"replies":[{"embeddable":true,"href":"http:\/\/amaqy.fr\/Morineau\/wp-json\/wp\/v2\/comments?post=2297"}],"version-history":[{"count":1,"href":"http:\/\/amaqy.fr\/Morineau\/wp-json\/wp\/v2\/pages\/2297\/revisions"}],"predecessor-version":[{"id":2298,"href":"http:\/\/amaqy.fr\/Morineau\/wp-json\/wp\/v2\/pages\/2297\/revisions\/2298"}],"wp:attachment":[{"href":"http:\/\/amaqy.fr\/Morineau\/wp-json\/wp\/v2\/media?parent=2297"}],"curies":[{"name":"wp","href":"https:\/\/api.w.org\/{rel}","templated":true}]}}