{"id":2274,"date":"2023-08-24T12:53:04","date_gmt":"2023-08-24T11:53:04","guid":{"rendered":"http:\/\/amaqy.fr\/Morineau\/?page_id=2274"},"modified":"2024-08-02T15:41:12","modified_gmt":"2024-08-02T14:41:12","slug":"club-epgv","status":"publish","type":"page","link":"http:\/\/amaqy.fr\/Morineau\/club-epgv\/","title":{"rendered":"Club EPGV"},"content":{"rendered":"<div class=\"wpb-content-wrapper\"><p>[vc_row][vc_column][vc_column_text]<em><strong>Cours de Gymnastique \u00ab\u00a0Adultes\u00a0\u00bb &amp; \u00ab\u00a0Seniors\u00a0\u00bb<\/strong><\/em><\/p>\n<p>Dispens\u00e9s par des animateurs dipl\u00f4m\u00e9s d&rsquo;Etat.<\/p>\n<ul style=\"list-style-type: disc\">\n<li>coordination de mouvements<\/li>\n<li>renforcement musculaire<\/li>\n<li>\u00e9tirements<\/li>\n<li>assouplissements<\/li>\n<li>abdo-fessiers<\/li>\n<li>gym douce<\/li>\n<li>pilate<\/li>\n<li>yoga<\/li>\n<\/ul>\n<p><strong>Horaires : <\/strong>9h30 \u00e0 10h30 les mardis scolaires \u00e0 la Maison de Quartier Centre-Ville Pont Morineau<\/p>\n<p><strong>Reprise : <span style=\"color: #993300\">mardi 5 septembre 2024<\/span><\/strong><\/p>\n<p><em><strong>Contact :<\/strong> Mme VALOT 02 51 47 82 46<\/em><\/p>\n<p><strong>Mail : <\/strong>gymvolontaire-085032@epgv.fr[\/vc_column_text][\/vc_column][\/vc_row]<\/p>\n<\/div>","protected":false},"excerpt":{"rendered":"<p>[vc_row][vc_column][vc_column_text]Cours de Gymnastique \u00ab\u00a0Adultes\u00a0\u00bb &amp; \u00ab\u00a0Seniors\u00a0\u00bb Dispens\u00e9s par des animateurs dipl\u00f4m\u00e9s d&rsquo;Etat. coordination de mouvements renforcement musculaire \u00e9tirements assouplissements abdo-fessiers<\/p>\n","protected":false},"author":12,"featured_media":0,"parent":0,"menu_order":0,"comment_status":"closed","ping_status":"closed","template":"","meta":{"colormag_page_container_layout":"default_layout","colormag_page_sidebar_layout":"default_layout","footnotes":""},"class_list":["post-2274","page","type-page","status-publish","hentry"],"_links":{"self":[{"href":"http:\/\/amaqy.fr\/Morineau\/wp-json\/wp\/v2\/pages\/2274","targetHints":{"allow":["GET"]}}],"collection":[{"href":"http:\/\/amaqy.fr\/Morineau\/wp-json\/wp\/v2\/pages"}],"about":[{"href":"http:\/\/amaqy.fr\/Morineau\/wp-json\/wp\/v2\/types\/page"}],"author":[{"embeddable":true,"href":"http:\/\/amaqy.fr\/Morineau\/wp-json\/wp\/v2\/users\/12"}],"replies":[{"embeddable":true,"href":"http:\/\/amaqy.fr\/Morineau\/wp-json\/wp\/v2\/comments?post=2274"}],"version-history":[{"count":2,"href":"http:\/\/amaqy.fr\/Morineau\/wp-json\/wp\/v2\/pages\/2274\/revisions"}],"predecessor-version":[{"id":2810,"href":"http:\/\/amaqy.fr\/Morineau\/wp-json\/wp\/v2\/pages\/2274\/revisions\/2810"}],"wp:attachment":[{"href":"http:\/\/amaqy.fr\/Morineau\/wp-json\/wp\/v2\/media?parent=2274"}],"curies":[{"name":"wp","href":"https:\/\/api.w.org\/{rel}","templated":true}]}}