{"id":2270,"date":"2023-08-24T10:58:58","date_gmt":"2023-08-24T09:58:58","guid":{"rendered":"http:\/\/amaqy.fr\/Morineau\/?page_id=2270"},"modified":"2024-08-02T15:40:17","modified_gmt":"2024-08-02T14:40:17","slug":"a-s-r-y-la-roche-sur-yon","status":"publish","type":"page","link":"http:\/\/amaqy.fr\/Morineau\/a-s-r-y-la-roche-sur-yon\/","title":{"rendered":"A.S.R.Y La Roche sur Yon"},"content":{"rendered":"<div class=\"wpb-content-wrapper\"><p>[vc_row][vc_column][vc_column_text]L&rsquo;Amicale Sportive des Retrait\u00e9s Yonnais ou ASRY est une association multisports pour s\u00e9niors, ayant le label Sport-sant\u00e9, qui offre \u00e0 ses adh\u00e9rents 32 activit\u00e9s par semaine et 2 d&rsquo;entre elles se d\u00e9roulent \u00e0 la Maison de Quartier du Pont Morineau.<\/p>\n<p><strong>Horaires : <\/strong>Activit\u00e9 dans\u00e9e de 11h \u00e0 12h et chant de 15h \u00e0 16h30<\/p>\n<p><strong>P\u00e9riode : <\/strong>du mardi 10 septembre 2024 au mardi 24 juin 2025<\/p>\n<p><strong>Reprise : <span style=\"color: #993300\">mardi 10 septembre 2024<\/span><\/strong><\/p>\n<p><em><strong>Contact :<\/strong> actintass@outlook.fr<\/em><\/p>\n<p><strong>Site : <\/strong>www.asry.fr[\/vc_column_text][\/vc_column][\/vc_row]<\/p>\n<\/div>","protected":false},"excerpt":{"rendered":"<p>[vc_row][vc_column][vc_column_text]L&rsquo;Amicale Sportive des Retrait\u00e9s Yonnais ou ASRY est une association multisports pour s\u00e9niors, ayant le label Sport-sant\u00e9, qui offre \u00e0<\/p>\n","protected":false},"author":12,"featured_media":0,"parent":0,"menu_order":0,"comment_status":"closed","ping_status":"closed","template":"","meta":{"colormag_page_container_layout":"default_layout","colormag_page_sidebar_layout":"default_layout","footnotes":""},"class_list":["post-2270","page","type-page","status-publish","hentry"],"_links":{"self":[{"href":"http:\/\/amaqy.fr\/Morineau\/wp-json\/wp\/v2\/pages\/2270","targetHints":{"allow":["GET"]}}],"collection":[{"href":"http:\/\/amaqy.fr\/Morineau\/wp-json\/wp\/v2\/pages"}],"about":[{"href":"http:\/\/amaqy.fr\/Morineau\/wp-json\/wp\/v2\/types\/page"}],"author":[{"embeddable":true,"href":"http:\/\/amaqy.fr\/Morineau\/wp-json\/wp\/v2\/users\/12"}],"replies":[{"embeddable":true,"href":"http:\/\/amaqy.fr\/Morineau\/wp-json\/wp\/v2\/comments?post=2270"}],"version-history":[{"count":3,"href":"http:\/\/amaqy.fr\/Morineau\/wp-json\/wp\/v2\/pages\/2270\/revisions"}],"predecessor-version":[{"id":2809,"href":"http:\/\/amaqy.fr\/Morineau\/wp-json\/wp\/v2\/pages\/2270\/revisions\/2809"}],"wp:attachment":[{"href":"http:\/\/amaqy.fr\/Morineau\/wp-json\/wp\/v2\/media?parent=2270"}],"curies":[{"name":"wp","href":"https:\/\/api.w.org\/{rel}","templated":true}]}}