{"id":2258,"date":"2023-08-24T10:13:21","date_gmt":"2023-08-24T09:13:21","guid":{"rendered":"http:\/\/amaqy.fr\/Morineau\/?page_id=2258"},"modified":"2024-08-02T15:39:03","modified_gmt":"2024-08-02T14:39:03","slug":"defi","status":"publish","type":"page","link":"http:\/\/amaqy.fr\/Morineau\/defi\/","title":{"rendered":"D\u00e9fi"},"content":{"rendered":"<div class=\"wpb-content-wrapper\"><p>[vc_row 0=\u00a0\u00bb\u00a0\u00bb][vc_column 0=\u00a0\u00bb\u00a0\u00bb][vc_column_text 0=\u00a0\u00bb\u00a0\u00bb]<em><strong>D\u00e9couvrir Echanger en Fran\u00e7ais en situation Interculturelle<\/strong><\/em><\/p>\n<p>A la Maison de Quartier Centre-Ville Pont Morineau : les mardis, mercredis, jeudis et vendredis de 9h \u00e0 12h.<\/p>\n<p>DEFI est une association qui a pour objet l&rsquo;accompagnement des personnes exil\u00e9es qui ma\u00eetrisent peu la langue fran\u00e7aise. A travers des Ateliers Sociaux Linguistiques (ASL) les personnes pourront appr\u00e9hender l&rsquo;environnement dans lequel elles \u00e9voluent, comprendre et se faire comprendre dans les situations de vie quotidienne pour gagner en autonomie.<\/p>\n<p>Les ateliers sont collectifs, th\u00e9matiques, contextualis\u00e9s et r\u00e9pondent aux besoins des participants.<\/p>\n<p>Pour int\u00e9grer le groupe de participants, il faut s&rsquo;inscrire aupr\u00e8s de l&rsquo;association et une \u00e9valuation du niveau initial, de la motivation et de la disponibilit\u00e9 sera faite.<\/p>\n<p><em><strong>Mail :<\/strong> associationdefi85@gmail.com<\/em>[\/vc_column_text][\/vc_column][\/vc_row]<\/p>\n<\/div>","protected":false},"excerpt":{"rendered":"<p>[vc_row 0=\u00a0\u00bb\u00a0\u00bb][vc_column 0=\u00a0\u00bb\u00a0\u00bb][vc_column_text 0=\u00a0\u00bb\u00a0\u00bb]D\u00e9couvrir Echanger en Fran\u00e7ais en situation Interculturelle A la Maison de Quartier Centre-Ville Pont Morineau : les<\/p>\n","protected":false},"author":12,"featured_media":0,"parent":0,"menu_order":0,"comment_status":"closed","ping_status":"closed","template":"","meta":{"colormag_page_container_layout":"default_layout","colormag_page_sidebar_layout":"default_layout","footnotes":""},"class_list":["post-2258","page","type-page","status-publish","hentry"],"_links":{"self":[{"href":"http:\/\/amaqy.fr\/Morineau\/wp-json\/wp\/v2\/pages\/2258","targetHints":{"allow":["GET"]}}],"collection":[{"href":"http:\/\/amaqy.fr\/Morineau\/wp-json\/wp\/v2\/pages"}],"about":[{"href":"http:\/\/amaqy.fr\/Morineau\/wp-json\/wp\/v2\/types\/page"}],"author":[{"embeddable":true,"href":"http:\/\/amaqy.fr\/Morineau\/wp-json\/wp\/v2\/users\/12"}],"replies":[{"embeddable":true,"href":"http:\/\/amaqy.fr\/Morineau\/wp-json\/wp\/v2\/comments?post=2258"}],"version-history":[{"count":2,"href":"http:\/\/amaqy.fr\/Morineau\/wp-json\/wp\/v2\/pages\/2258\/revisions"}],"predecessor-version":[{"id":2808,"href":"http:\/\/amaqy.fr\/Morineau\/wp-json\/wp\/v2\/pages\/2258\/revisions\/2808"}],"wp:attachment":[{"href":"http:\/\/amaqy.fr\/Morineau\/wp-json\/wp\/v2\/media?parent=2258"}],"curies":[{"name":"wp","href":"https:\/\/api.w.org\/{rel}","templated":true}]}}