{"id":2255,"date":"2023-08-24T09:24:06","date_gmt":"2023-08-24T08:24:06","guid":{"rendered":"http:\/\/amaqy.fr\/Morineau\/?page_id=2255"},"modified":"2023-08-24T09:24:06","modified_gmt":"2023-08-24T08:24:06","slug":"la-cimade","status":"publish","type":"page","link":"http:\/\/amaqy.fr\/Morineau\/la-cimade\/","title":{"rendered":"La Cimade"},"content":{"rendered":"<div class=\"wpb-content-wrapper\"><p>[vc_row][vc_column][vc_column_text]<\/p>\n<p><em><strong>Cours d&rsquo;apprentissage du fran\u00e7ais<\/strong><\/em><\/p>\n<p>A la Maison de Quartier Centre-Ville Pont Morineau : tous les lundis et jeudis scolaires de 14h \u00e0 16h<\/p>\n<p>Autres actions de la Cimade :<\/p>\n<ul style=\"list-style-type: disc\">\n<li>Permanences d&rsquo;accueil pour informer de leurs droits les personnes \u00e9trang\u00e8res et les accompagner si besoin dans certaines d\u00e9marches juridiques et administratives (sur rendez-vous)<\/li>\n<li>Actions de sensibilisation, dans les \u00e9tablissements scolaires ou para-scolaires, ou apr\u00e8s de tout public demandeur<\/li>\n<li>Combattre les pr\u00e9jug\u00e9s, informer, par des expositions \u00e0 th\u00e8me, des jeux, des vid\u00e9os suivis de d\u00e9bats&#8230;<\/li>\n<\/ul>\n<p><em><strong>Mail :<\/strong> vendee@lacimade.org<\/em><\/p>\n<p><em><strong>Contact : <\/strong>07 57 48 08 32<\/em><\/p>\n<p>[\/vc_column_text][\/vc_column][\/vc_row]<\/p>\n<\/div>","protected":false},"excerpt":{"rendered":"<p>[vc_row][vc_column][vc_column_text] Cours d&rsquo;apprentissage du fran\u00e7ais A la Maison de Quartier Centre-Ville Pont Morineau : tous les lundis et jeudis scolaires<\/p>\n","protected":false},"author":12,"featured_media":0,"parent":0,"menu_order":0,"comment_status":"closed","ping_status":"closed","template":"","meta":{"colormag_page_container_layout":"default_layout","colormag_page_sidebar_layout":"default_layout","footnotes":""},"class_list":["post-2255","page","type-page","status-publish","hentry"],"_links":{"self":[{"href":"http:\/\/amaqy.fr\/Morineau\/wp-json\/wp\/v2\/pages\/2255","targetHints":{"allow":["GET"]}}],"collection":[{"href":"http:\/\/amaqy.fr\/Morineau\/wp-json\/wp\/v2\/pages"}],"about":[{"href":"http:\/\/amaqy.fr\/Morineau\/wp-json\/wp\/v2\/types\/page"}],"author":[{"embeddable":true,"href":"http:\/\/amaqy.fr\/Morineau\/wp-json\/wp\/v2\/users\/12"}],"replies":[{"embeddable":true,"href":"http:\/\/amaqy.fr\/Morineau\/wp-json\/wp\/v2\/comments?post=2255"}],"version-history":[{"count":1,"href":"http:\/\/amaqy.fr\/Morineau\/wp-json\/wp\/v2\/pages\/2255\/revisions"}],"predecessor-version":[{"id":2256,"href":"http:\/\/amaqy.fr\/Morineau\/wp-json\/wp\/v2\/pages\/2255\/revisions\/2256"}],"wp:attachment":[{"href":"http:\/\/amaqy.fr\/Morineau\/wp-json\/wp\/v2\/media?parent=2255"}],"curies":[{"name":"wp","href":"https:\/\/api.w.org\/{rel}","templated":true}]}}