{"id":2209,"date":"2023-08-23T12:43:46","date_gmt":"2023-08-23T11:43:46","guid":{"rendered":"http:\/\/amaqy.fr\/Morineau\/?page_id=2209"},"modified":"2023-08-23T12:43:46","modified_gmt":"2023-08-23T11:43:46","slug":"le-forum-robert-pineau-un-lieu-convivial-pour-se-retrouver","status":"publish","type":"page","link":"http:\/\/amaqy.fr\/Morineau\/le-forum-robert-pineau-un-lieu-convivial-pour-se-retrouver\/","title":{"rendered":"Le Forum Robert Pineau &#8211; Un lieu convivial pour se retrouver !"},"content":{"rendered":"<div class=\"wpb-content-wrapper\"><p>[vc_row][vc_column][vc_column_text]<strong>Descriptifs<\/strong> : Rompre l&rsquo;isolement, rencontrer de nouvelles personnes, d\u00e9guster une boisson chaude ou froide, profiter d&rsquo;un moment de calme ou de convivialit\u00e9 au coin presse.<\/p>\n<p><strong>P\u00e9riode : <\/strong>Toute l&rsquo;ann\u00e9e<\/p>\n<p><strong>Jours et Heures :\u00a0<\/strong>Mardi et vendredi matin de 10h \u00e0 12h, permanence assur\u00e9e par des b\u00e9n\u00e9voles<\/p>\n<p><strong><span style=\"color: #993300\">Tous les vendredis de 10h \u00e0 12h : Une question ? Un souci avec votre smartphone ou\u00a0 tablette ? Installation d&rsquo;applications, param\u00e9trages de votre appareil, transfert de photos etc&#8230; Jacques, b\u00e9n\u00e9vole \u00e0 la Maison de Quartier, sera l\u00e0 pour vous aider.<\/span><\/strong><\/p>\n<p><strong>Publics : <\/strong>Tout public<\/p>\n<p><strong>Tarifs :<\/strong> Acc\u00e8s libre et gratuit<\/p>\n<p><strong>Activit\u00e9 sur place :\u00a0<\/strong>Oui<\/p>\n<p>[\/vc_column_text][\/vc_column][\/vc_row]<\/p>\n<\/div>","protected":false},"excerpt":{"rendered":"<p>[vc_row][vc_column][vc_column_text]Descriptifs : Rompre l&rsquo;isolement, rencontrer de nouvelles personnes, d\u00e9guster une boisson chaude ou froide, profiter d&rsquo;un moment de calme ou<\/p>\n","protected":false},"author":12,"featured_media":0,"parent":0,"menu_order":0,"comment_status":"closed","ping_status":"closed","template":"","meta":{"colormag_page_container_layout":"default_layout","colormag_page_sidebar_layout":"default_layout","footnotes":""},"class_list":["post-2209","page","type-page","status-publish","hentry"],"_links":{"self":[{"href":"http:\/\/amaqy.fr\/Morineau\/wp-json\/wp\/v2\/pages\/2209","targetHints":{"allow":["GET"]}}],"collection":[{"href":"http:\/\/amaqy.fr\/Morineau\/wp-json\/wp\/v2\/pages"}],"about":[{"href":"http:\/\/amaqy.fr\/Morineau\/wp-json\/wp\/v2\/types\/page"}],"author":[{"embeddable":true,"href":"http:\/\/amaqy.fr\/Morineau\/wp-json\/wp\/v2\/users\/12"}],"replies":[{"embeddable":true,"href":"http:\/\/amaqy.fr\/Morineau\/wp-json\/wp\/v2\/comments?post=2209"}],"version-history":[{"count":1,"href":"http:\/\/amaqy.fr\/Morineau\/wp-json\/wp\/v2\/pages\/2209\/revisions"}],"predecessor-version":[{"id":2210,"href":"http:\/\/amaqy.fr\/Morineau\/wp-json\/wp\/v2\/pages\/2209\/revisions\/2210"}],"wp:attachment":[{"href":"http:\/\/amaqy.fr\/Morineau\/wp-json\/wp\/v2\/media?parent=2209"}],"curies":[{"name":"wp","href":"https:\/\/api.w.org\/{rel}","templated":true}]}}