{"id":1185,"date":"2020-04-29T14:27:18","date_gmt":"2020-04-29T13:27:18","guid":{"rendered":"http:\/\/amaqy.fr\/Morineau\/?page_id=1185"},"modified":"2025-09-01T15:21:16","modified_gmt":"2025-09-01T14:21:16","slug":"yoga","status":"publish","type":"page","link":"http:\/\/amaqy.fr\/Morineau\/yoga\/","title":{"rendered":"YOGA"},"content":{"rendered":"<div class=\"wpb-content-wrapper\"><p>[vc_row][vc_column][vc_column_text css=\u00a0\u00bb\u00a0\u00bb]<b>Descriptifs :&nbsp;<\/b>Paix mentale et ma\u00eetriser son corps<\/p>\n<p><strong>Genres :&nbsp;<\/strong>D\u00e9tente relaxation<\/p>\n<p><strong>P\u00e9riode : <\/strong>Septembre \u00e0 Juin<\/p>\n<p><strong>Reprise : <span style=\"color: #993300;\">Mercredi 17 septembre 2025<\/span><\/strong><\/p>\n<p><strong>Intervenante b\u00e9n\u00e9vole : <\/strong>Sonia POUZET<\/p>\n<p><strong>Jours et Heures :&nbsp;<\/strong>Mercredi scolaire de 18h30 \u00e0 19h45<\/p>\n<p><strong>Publics : <\/strong>Tout public<\/p>\n<p><strong>Tarifs 2025-2026 :&nbsp;<\/strong><\/p>\n<p><em><strong><span style=\"color: #800000;\">Yonnais<\/span><\/strong><\/em><br \/>\nQF &gt; 700 : 145\u20ac<br \/>\nQF &lt; 700 : 105\u20ac<\/p>\n<p><span style=\"color: #800000;\"><em><strong>Non yonnais<\/strong><\/em><\/span><br \/>\nQF &gt; 700 : 165\u20ac<br \/>\nQF &lt; 700 : 125\u20ac<\/p>\n<p><strong>Activit\u00e9 sur place :&nbsp;<\/strong>Oui[\/vc_column_text][\/vc_column][\/vc_row]<\/p>\n<\/div>","protected":false},"excerpt":{"rendered":"<p>[vc_row][vc_column][vc_column_text css=\u00a0\u00bb\u00a0\u00bb]Descriptifs :&nbsp;Paix mentale et ma\u00eetriser son corps Genres :&nbsp;D\u00e9tente relaxation P\u00e9riode : Septembre \u00e0 Juin Reprise : Mercredi 17<\/p>\n","protected":false},"author":12,"featured_media":0,"parent":0,"menu_order":0,"comment_status":"closed","ping_status":"closed","template":"","meta":{"colormag_page_container_layout":"default_layout","colormag_page_sidebar_layout":"default_layout","footnotes":""},"class_list":["post-1185","page","type-page","status-publish","hentry"],"_links":{"self":[{"href":"http:\/\/amaqy.fr\/Morineau\/wp-json\/wp\/v2\/pages\/1185","targetHints":{"allow":["GET"]}}],"collection":[{"href":"http:\/\/amaqy.fr\/Morineau\/wp-json\/wp\/v2\/pages"}],"about":[{"href":"http:\/\/amaqy.fr\/Morineau\/wp-json\/wp\/v2\/types\/page"}],"author":[{"embeddable":true,"href":"http:\/\/amaqy.fr\/Morineau\/wp-json\/wp\/v2\/users\/12"}],"replies":[{"embeddable":true,"href":"http:\/\/amaqy.fr\/Morineau\/wp-json\/wp\/v2\/comments?post=1185"}],"version-history":[{"count":5,"href":"http:\/\/amaqy.fr\/Morineau\/wp-json\/wp\/v2\/pages\/1185\/revisions"}],"predecessor-version":[{"id":3035,"href":"http:\/\/amaqy.fr\/Morineau\/wp-json\/wp\/v2\/pages\/1185\/revisions\/3035"}],"wp:attachment":[{"href":"http:\/\/amaqy.fr\/Morineau\/wp-json\/wp\/v2\/media?parent=1185"}],"curies":[{"name":"wp","href":"https:\/\/api.w.org\/{rel}","templated":true}]}}