{"id":1163,"date":"2020-04-29T11:00:37","date_gmt":"2020-04-29T10:00:37","guid":{"rendered":"http:\/\/amaqy.fr\/Morineau\/?page_id=1163"},"modified":"2025-09-04T15:31:35","modified_gmt":"2025-09-04T14:31:35","slug":"descriptif-des-activites-permanentes","status":"publish","type":"page","link":"http:\/\/amaqy.fr\/Morineau\/descriptif-des-activites-permanentes\/","title":{"rendered":"MEMOIRE"},"content":{"rendered":"<div class=\"wpb-content-wrapper\"><p>[vc_row][vc_column][vc_column_text css=\u00a0\u00bb\u00a0\u00bb]<b>Descriptifs : <\/b>Convivialit\u00e9, loisirs, se retrouver pour faire travailler la m\u00e9moire de fa\u00e7on ludique sous forme de jeux et d&rsquo;exercices.<\/p>\n<p><strong>Genres :\u00a0<\/strong>Loisirs<\/p>\n<p><strong>P\u00e9riode : <\/strong>Septembre \u00e0 Juin<\/p>\n<p><strong>Reprise<\/strong> : <span style=\"color: #993300\"><strong>lundi 15 septembre 2025<\/strong><\/span><\/p>\n<p><span style=\"color: #000000\"><strong>Jours et Heures<\/strong> <strong>:<\/strong> Lundi scolaire tous les 15 jours de 14h30 \u00e0 16h30<\/span><\/p>\n<p><strong>Publics :\u00a0<\/strong>Adultes<\/p>\n<p><strong>Tarifs 2025-2026 :\u00a0<\/strong><\/p>\n<p><em><strong><span style=\"color: #800000\">Yonnais<\/span><\/strong><\/em><br \/>\nQF &gt; 700 : 13\u20ac<br \/>\nQF &lt; 700 : 9\u20ac<\/p>\n<p><span style=\"color: #800000\"><em><strong>Non yonnais<\/strong><\/em><\/span><br \/>\nQF &gt; 700 : 15\u20ac<br \/>\nQF &lt; 700 : 11\u20ac<\/p>\n<p><strong>Activit\u00e9 sur place : <\/strong>Oui[\/vc_column_text][\/vc_column][\/vc_row]<\/p>\n<\/div>","protected":false},"excerpt":{"rendered":"<p>[vc_row][vc_column][vc_column_text css=\u00a0\u00bb\u00a0\u00bb]Descriptifs : Convivialit\u00e9, loisirs, se retrouver pour faire travailler la m\u00e9moire de fa\u00e7on ludique sous forme de jeux et<\/p>\n","protected":false},"author":12,"featured_media":0,"parent":0,"menu_order":0,"comment_status":"closed","ping_status":"closed","template":"","meta":{"colormag_page_container_layout":"default_layout","colormag_page_sidebar_layout":"default_layout","footnotes":""},"class_list":["post-1163","page","type-page","status-publish","hentry"],"_links":{"self":[{"href":"http:\/\/amaqy.fr\/Morineau\/wp-json\/wp\/v2\/pages\/1163","targetHints":{"allow":["GET"]}}],"collection":[{"href":"http:\/\/amaqy.fr\/Morineau\/wp-json\/wp\/v2\/pages"}],"about":[{"href":"http:\/\/amaqy.fr\/Morineau\/wp-json\/wp\/v2\/types\/page"}],"author":[{"embeddable":true,"href":"http:\/\/amaqy.fr\/Morineau\/wp-json\/wp\/v2\/users\/12"}],"replies":[{"embeddable":true,"href":"http:\/\/amaqy.fr\/Morineau\/wp-json\/wp\/v2\/comments?post=1163"}],"version-history":[{"count":5,"href":"http:\/\/amaqy.fr\/Morineau\/wp-json\/wp\/v2\/pages\/1163\/revisions"}],"predecessor-version":[{"id":3101,"href":"http:\/\/amaqy.fr\/Morineau\/wp-json\/wp\/v2\/pages\/1163\/revisions\/3101"}],"wp:attachment":[{"href":"http:\/\/amaqy.fr\/Morineau\/wp-json\/wp\/v2\/media?parent=1163"}],"curies":[{"name":"wp","href":"https:\/\/api.w.org\/{rel}","templated":true}]}}