{"id":418,"date":"2014-06-11T11:12:01","date_gmt":"2014-06-11T10:12:01","guid":{"rendered":"http:\/\/amaqy.fr\/Liberte\/?page_id=418"},"modified":"2026-04-03T15:01:35","modified_gmt":"2026-04-03T14:01:35","slug":"accueil-de-loisirs","status":"publish","type":"page","link":"http:\/\/amaqy.fr\/Liberte\/enfance\/accueil-de-loisirs\/","title":{"rendered":"Accueil de loisirs"},"content":{"rendered":"<div class=\"wpb-content-wrapper\"><p>[vc_row][vc_column][vc_custom_heading text=\u00a0\u00bbAccueil de loisirs de la Libert\u00e9\u00a0\u00bb font_container=\u00a0\u00bbtag:h2|text_align:center|color:%23ea00e6&Prime; use_theme_fonts=\u00a0\u00bbyes\u00a0\u00bb][vc_btn title=\u00a0\u00bbPlanning des mercredis de Mars et Avril 2026&Prime; style=\u00a0\u00bboutline\u00a0\u00bb color=\u00a0\u00bbsandy-brown\u00a0\u00bb align=\u00a0\u00bbcenter\u00a0\u00bb css_animation=\u00a0\u00bbbounceInLeft\u00a0\u00bb css=\u00a0\u00bb\u00a0\u00bb button_block=\u00a0\u00bbtrue\u00a0\u00bb link=\u00a0\u00bburl:https%3A%2F%2Fdrive.google.com%2Ffile%2Fd%2F1wkuGMxR7LOohqZFPPfB8ys1Da_IpJVZC%2Fview%3Fusp%3Dsharing\u00a0\u00bb el_id=\u00a0\u00bbhttps:\/\/drive.google.com\/file\/d\/1hzCgd-ToAOeNi1I_VWDuNq_330QeYW5_\/view?usp=sharing\u00a0\u00bb][vc_btn title=\u00a0\u00bbPlanning des vacances d&rsquo;avril 2026&Prime; style=\u00a0\u00bboutline\u00a0\u00bb color=\u00a0\u00bbjuicy-pink\u00a0\u00bb align=\u00a0\u00bbcenter\u00a0\u00bb css_animation=\u00a0\u00bbbounceInLeft\u00a0\u00bb css=\u00a0\u00bb\u00a0\u00bb button_block=\u00a0\u00bbtrue\u00a0\u00bb link=\u00a0\u00bburl:https%3A%2F%2Fdrive.google.com%2Ffile%2Fd%2F1Y0xmJxMekkJFM509isidpc6Ht11J40bx%2Fview%3Fusp%3Dsharing\u00a0\u00bb][\/vc_column][\/vc_row][vc_row][vc_column width=\u00a0\u00bb1\/3&Prime;][\/vc_column][vc_column width=\u00a0\u00bb1\/3&Prime;][vc_single_image image=\u00a0\u00bb1152&Prime; img_size=\u00a0\u00bbmedium\u00a0\u00bb alignment=\u00a0\u00bbcenter\u00a0\u00bb onclick=\u00a0\u00bbcustom_link\u00a0\u00bb img_link_target=\u00a0\u00bb_blank\u00a0\u00bb css=\u00a0\u00bb\u00a0\u00bb link=\u00a0\u00bbhttps:\/\/drive.google.com\/file\/d\/193owc7I2h5y_U4W8bnRjMl23WdZtvVi_\/view?usp=sharing\u00a0\u00bb][\/vc_column][\/vc_row][vc_row][vc_column][vc_column_text css=\u00a0\u00bb\u00a0\u00bb]<u>L\u2019Accueil de Loisirs<\/u> est un lieu de temps libre et de vacances.<\/p>\n<p>Ainsi, l\u2019Accueil de Loisirs de la Libert\u00e9 a pour volont\u00e9 d\u2019accueillir toute l\u2019ann\u00e9e les enfants que nous consid\u00e9rons tous comme des individus \u00ab&nbsp;<strong>qui d\u00e9couvrent, qui s\u2019expriment, qui cr\u00e9ent, qui exp\u00e9rimentent et qui jouent&nbsp;!!! \u00bb.<\/strong><\/p>\n<p>Les enfants vont \u00eatre \u00ab&nbsp;transport\u00e9s&nbsp;\u00bb, s\u2019amuser, vivre ensemble selon certaines histoires, ou selon certains mondes imagin\u00e9s par l\u2019\u00e9quipe.<\/p>\n<p>Les animateurs proposeront des activit\u00e9s de nature diff\u00e9rente, les incontournables et indispensables activit\u00e9s arts plastiques, d&rsquo;expression, et les jeux inter-centres adapt\u00e9es aux enfants.<\/p>\n<p>Des activit\u00e9s comme les grands jeux resteront tout aussi importantes, et ancr\u00e9es \u00e0 la fois dans le cadre qui nous entoure afin de \u00ab&nbsp;red\u00e9couvrir&nbsp;\u00bb le quartier et la ville autrement, mais aussi avec des sorties \u00e0 la journ\u00e9e une fois par semaine (pendant les vacances scolaires), pour renforcer la notion \u00ab&nbsp;d\u2019\u00eatre en vacances&nbsp;\u00bb.<\/p>\n<p>Il y aura \u00e9galement des activit\u00e9s sp\u00e9cifiques propos\u00e9es dans le cadre d\u2019actions coordonn\u00e9es avec les services municipaux (ex. : sports vacances, b\u00e9b\u00e9 gym), ou des partenaires culturels (ex. : cin\u00e9ma Le Concorde).<\/p>\n<ul>\n<li><span style=\"color: #ff00ff;\"><strong><u>Le public <\/u><\/strong><\/span><\/li>\n<\/ul>\n<p><em>Les groupes sont construits par tranches d\u2019\u00e2ges&nbsp;:<\/em><\/p>\n<ul>\n<li><em>2-3 ans<\/em><\/li>\n<li><em>4-6 ans<\/em><\/li>\n<li><em>7-9 ans<\/em><\/li>\n<li><em>10 ans et plus (le mercredi Planet &lsquo;Ados)<\/em><\/li>\n<\/ul>\n<p><span style=\"color: #ff00ff;\"><strong><u>Les horaires d\u2019ouverture et l\u2019inscription<\/u><\/strong><\/span><\/p>\n<p style=\"font-weight: 400;\"><em>Tous <strong>les mercredis<\/strong> \u00e0 partir de 12h00 (si repas) ou \u00e0 partir de 13h30 (si pas de repas inclus) jusqu&rsquo;\u00e0 17h15&nbsp; =&gt; Possibilit\u00e9 d\u2019Accueil du Soir jusqu\u2019\u00e0 18h45.<\/em><\/p>\n<p style=\"font-weight: 400;\"><em>Les <strong>vacances scolaires<\/strong> du <strong>lundi au vendredi<\/strong> de 8h45 \u00e0 17h15 =&gt; L\u2019Accueil Matin est \u00e0 partir de 7h30 et l&rsquo;accueil soir jusqu&rsquo;\u00e0 18h45.<\/em><\/p>\n<p><em>La r\u00e9servation est possible en journ\u00e9e (avec ou sans repas) ou en \u00bd journ\u00e9e (sans ou avec repas).<\/em><\/p>\n<p style=\"font-weight: 400;\"><em>Les inscriptions doivent \u00eatre faites gr\u00e2ce \u00e0 votre portail famille (via votre espace personnel <a href=\"https:\/\/www.espace-citoyens.net\/amaqy\/espace-citoyens\/Home\/AccueilPublic\">Amaqy en ligne&nbsp;<\/a>) :&nbsp;<\/em><strong>TUTORIEL VID\u00c9O CI-DESSOUS<br \/>\n<\/strong><em>S&rsquo;il s&rsquo;agit d&rsquo;une <span style=\"color: #ff0000;\">1\u00e8re inscription et que vous n&rsquo;avez pas de dossier et d&rsquo;adh\u00e9sion<\/span>, merci de contacter la maison de quartier par t\u00e9l\u00e9phone au 02 51 36 05 22 ou par mail : liberte@amaqy.fr<\/em><strong><br \/>\n<\/strong><\/p>\n<p>&nbsp;<\/p>\n<p><span style=\"text-decoration: underline;\"><strong>Dates de r\u00e9servation sur le portail citoyen 2026<\/p>\n<p><\/strong><\/span>A partir du <span style=\"color: #ff00ff;\">Lundi 08 d\u00e9cembre 2025 \u00e0 19h<\/span>, vous pourrez <strong>r\u00e9server les dates pour le centre de loisirs pour la p\u00e9riode de Janvier \u00e0 Juin 2026 pour les mercredis et\/ou les vacances de f\u00e9vrier et avril 2026<\/strong>;<br \/>\n<em>Pour la p\u00e9riode estivale et de septembre \u00e0 d\u00e9cembre 2026, courant f\u00e9vrier\/mars\/avril 2026, nous vous donnerons la nouvelle date pour les r\u00e9servations du 2nd semestre de l&rsquo;ann\u00e9e 2026.<\/em><\/p>\n<p><em>&nbsp; &nbsp; &nbsp; &nbsp; &nbsp; &nbsp; &nbsp; &nbsp; &nbsp; &nbsp; &nbsp; &nbsp; &nbsp; &nbsp; &nbsp; &nbsp; &nbsp; &nbsp; &nbsp; &nbsp; &nbsp; &nbsp; &nbsp; &nbsp; &nbsp; &nbsp; &nbsp; &nbsp; &nbsp; &nbsp; &nbsp; &nbsp; &nbsp; &nbsp; &nbsp; &nbsp; &nbsp; &nbsp; &nbsp; &nbsp; &nbsp; &nbsp;<\/em>[\/vc_column_text][\/vc_column][\/vc_row][vc_row][vc_column width=\u00a0\u00bb1\/2&Prime;][vc_btn title=\u00a0\u00bbINSCRIPTION EN LIGNE\u00a0\u00bb style=\u00a0\u00bb3d\u00a0\u00bb color=\u00a0\u00bbjuicy-pink\u00a0\u00bb align=\u00a0\u00bbcenter\u00a0\u00bb button_block=\u00a0\u00bbtrue\u00a0\u00bb link=\u00a0\u00bburl:https%3A%2F%2Fwww.espace-citoyens.net%2Famaqy%2Fespace-citoyens%2FHome%2FAccueilPublic|||\u00a0\u00bb][\/vc_column][vc_column width=\u00a0\u00bb1\/2&Prime;][vc_btn title=\u00a0\u00bbR\u00e8glement int\u00e9rieur\u00a0\u00bb style=\u00a0\u00bb3d\u00a0\u00bb color=\u00a0\u00bbblack\u00a0\u00bb align=\u00a0\u00bbcenter\u00a0\u00bb css=\u00a0\u00bb\u00a0\u00bb button_block=\u00a0\u00bbtrue\u00a0\u00bb link=\u00a0\u00bburl:https%3A%2F%2Fdrive.google.com%2Ffile%2Fd%2F1T4VZbs5cJ-6POtr30ZrZmCCFjJQ3VXQb%2Fview%3Fusp%3Dsharing\u00a0\u00bb el_id=\u00a0\u00bbhttps:\/\/drive.google.com\/file\/d\/1T4VZbs5cJ-6POtr30ZrZmCCFjJQ3VXQb\/view?usp=sharing\u00a0\u00bb][\/vc_column][\/vc_row][vc_row][vc_column][vc_btn title=\u00a0\u00bbProjet p\u00e9dagogique pour les vacances de F\u00e9vrier 2026&Prime; style=\u00a0\u00bb3d\u00a0\u00bb color=\u00a0\u00bborange\u00a0\u00bb align=\u00a0\u00bbcenter\u00a0\u00bb css=\u00a0\u00bb\u00a0\u00bb button_block=\u00a0\u00bbtrue\u00a0\u00bb link=\u00a0\u00bburl:https%3A%2F%2Fdrive.google.com%2Ffile%2Fd%2F1VmfKvBo1LlEtzZ73pJju4z22v9oeOpBd%2Fview%3Fusp%3Dsharing\u00a0\u00bb][\/vc_column][\/vc_row][vc_row][vc_column width=\u00a0\u00bb1\/4&Prime;][vc_single_image image=\u00a0\u00bb2271&Prime; img_size=\u00a0\u00bblarge\u00a0\u00bb alignment=\u00a0\u00bbcenter\u00a0\u00bb style=\u00a0\u00bbvc_box_outline\u00a0\u00bb border_color=\u00a0\u00bbblack\u00a0\u00bb][\/vc_column][vc_column width=\u00a0\u00bb3\/4&Prime;][vc_video link=\u00a0\u00bbhttps:\/\/youtu.be\/EC_gGg7DJFQ\u00a0\u00bb][\/vc_column][\/vc_row]<\/p>\n<\/div>","protected":false},"excerpt":{"rendered":"<p>[vc_row][vc_column][vc_custom_heading text=\u00a0\u00bbAccueil de loisirs de la Libert\u00e9\u00a0\u00bb font_container=\u00a0\u00bbtag:h2|text_align:center|color:%23ea00e6&Prime; use_theme_fonts=\u00a0\u00bbyes\u00a0\u00bb][vc_btn title=\u00a0\u00bbPlanning des mercredis de Mars et Avril 2026&Prime; style=\u00a0\u00bboutline\u00a0\u00bb color=\u00a0\u00bbsandy-brown\u00a0\u00bb align=\u00a0\u00bbcenter\u00a0\u00bb<\/p>\n","protected":false},"author":1,"featured_media":0,"parent":14,"menu_order":1,"comment_status":"closed","ping_status":"closed","template":"","meta":{"colormag_page_container_layout":"default_layout","colormag_page_sidebar_layout":"default_layout","footnotes":""},"class_list":["post-418","page","type-page","status-publish","hentry"],"_links":{"self":[{"href":"http:\/\/amaqy.fr\/Liberte\/wp-json\/wp\/v2\/pages\/418","targetHints":{"allow":["GET"]}}],"collection":[{"href":"http:\/\/amaqy.fr\/Liberte\/wp-json\/wp\/v2\/pages"}],"about":[{"href":"http:\/\/amaqy.fr\/Liberte\/wp-json\/wp\/v2\/types\/page"}],"author":[{"embeddable":true,"href":"http:\/\/amaqy.fr\/Liberte\/wp-json\/wp\/v2\/users\/1"}],"replies":[{"embeddable":true,"href":"http:\/\/amaqy.fr\/Liberte\/wp-json\/wp\/v2\/comments?post=418"}],"version-history":[{"count":5,"href":"http:\/\/amaqy.fr\/Liberte\/wp-json\/wp\/v2\/pages\/418\/revisions"}],"predecessor-version":[{"id":3291,"href":"http:\/\/amaqy.fr\/Liberte\/wp-json\/wp\/v2\/pages\/418\/revisions\/3291"}],"up":[{"embeddable":true,"href":"http:\/\/amaqy.fr\/Liberte\/wp-json\/wp\/v2\/pages\/14"}],"wp:attachment":[{"href":"http:\/\/amaqy.fr\/Liberte\/wp-json\/wp\/v2\/media?parent=418"}],"curies":[{"name":"wp","href":"https:\/\/api.w.org\/{rel}","templated":true}]}}