{"id":1158,"date":"2017-03-08T16:54:34","date_gmt":"2017-03-08T15:54:34","guid":{"rendered":"http:\/\/amaqy.fr\/Liberte\/?page_id=1158"},"modified":"2026-02-19T10:40:12","modified_gmt":"2026-02-19T09:40:12","slug":"club-de-jeunes","status":"publish","type":"page","link":"http:\/\/amaqy.fr\/Liberte\/jeunesse\/club-de-jeunes\/","title":{"rendered":"Club de jeunes"},"content":{"rendered":"<div class=\"wpb-content-wrapper\"><p>[vc_row][vc_column][vc_column_text]<span style=\"color: #000000\">Le secteur jeunesse de la Maison de quartier Libert\u00e9 est rattach\u00e9 aussi \u00e0 la maison de quartier du Pont Morineau<\/span><\/p>\n<p><span style=\"color: #000000\"> Voici les activit\u00e9s de propos\u00e9es en cliquant sur le(s) lien(s) suivant(s) :\u00a0<\/span>[\/vc_column_text][\/vc_column][\/vc_row][vc_row][vc_column][vc_btn title=\u00a0\u00bbPlanning Club 2 Jeunes des vendredis et samedis de Mars et avril 2026&Prime; style=\u00a0\u00bboutline\u00a0\u00bb shape=\u00a0\u00bbsquare\u00a0\u00bb color=\u00a0\u00bbwarning\u00a0\u00bb align=\u00a0\u00bbcenter\u00a0\u00bb css_animation=\u00a0\u00bbbounceInRight\u00a0\u00bb css=\u00a0\u00bb\u00a0\u00bb button_block=\u00a0\u00bbtrue\u00a0\u00bb link=\u00a0\u00bburl:https%3A%2F%2Fdrive.google.com%2Ffile%2Fd%2F19g9b3qKQJqoUFN336bStjHAbd8wQfkng%2Fview%3Fusp%3Dsharing\u00a0\u00bb][\/vc_column][\/vc_row][vc_row][vc_column][vc_column_text]<\/p>\n<p align=\"JUSTIFY\"><span style=\"color: #ff0000\">\u00a0<span style=\"font-size: medium\"><span style=\"text-decoration: underline\"><b>L\u2019accueil<\/b><\/span><\/span><span style=\"font-size: medium\">\u00a0<\/span>:<\/span><\/p>\n<p align=\"JUSTIFY\"><span style=\"color: #000000\">\u00a0Pour tous les jeunes de 11 \u00e0 25 ans.<\/span><\/p>\n<ul>\n<li style=\"list-style-type: none\">\n<ul>\n<li>\n<p align=\"JUSTIFY\"><span style=\"color: #000000\">11-18 ans pour des temps de loisirs, de rencontres (formelles et informelles), d\u2019activit\u00e9s.<\/span><\/p>\n<\/li>\n<li>\n<p align=\"JUSTIFY\"><span style=\"color: #000000\">Des projets se construisent toute au long de l\u2019ann\u00e9e, les jeunes s\u2019y impliquent activement.<\/span><\/p>\n<\/li>\n<\/ul>\n<\/li>\n<\/ul>\n<p align=\"JUSTIFY\"><span style=\"color: #ff0000\">\u00a0<span style=\"font-size: medium\"><span style=\"text-decoration: underline\"><b>L\u2019accompagnement<\/b><\/span><\/span>\u00a0:<\/span><\/p>\n<p align=\"JUSTIFY\"><span style=\"color: #000000\">Globalement, \u00e0 partir de 11 ans, d\u00e8s lors qu\u2019un jeune a besoin d\u2019un accompagnement (pour un projet personnel, un accompagnement scolaire\u2026), nous l\u2019aidons dans la d\u00e9marche, et nous trouvons les interlocuteurs privil\u00e9gi\u00e9s dans nos r\u00e9seaux, si besoin.<\/span><\/p>\n<ul>\n<li style=\"list-style-type: none\">\n<ul>\n<li>\n<p align=\"JUSTIFY\"><span style=\"color: #000000\">Pour les jeunes de 18-25 ans, autour des questions li\u00e9es \u00e0 la formation, l\u2019emploi, l\u2019acc\u00e8s au logement\u2026 Ces jeunes sont accueillis, \u00e9cout\u00e9s, aid\u00e9s et\/ou orient\u00e9s.<\/span><\/p>\n<\/li>\n<\/ul>\n<\/li>\n<\/ul>\n<p align=\"JUSTIFY\"><span style=\"color: #000000\">\u00a0<span style=\"color: #ff0000\"><span style=\"font-size: medium\"><span style=\"text-decoration: underline\"><b>La pr\u00e9vention<\/b><\/span><\/span><span style=\"font-size: medium\">\u00a0<\/span>:<\/span><\/span><\/p>\n<ul>\n<li style=\"list-style-type: none\">\n<ul>\n<li>\n<p align=\"JUSTIFY\"><span style=\"color: #000000\">La pr\u00e9vention est pens\u00e9e dans grand nombre d\u2019activit\u00e9s, de projets. Elle est transversale \u00e0 ces derniers et implique un partenariat solide avec le r\u00e9seau d\u2019acteurs en place de la Maison de Quartier. C\u2019est en ce sens o\u00f9 les jeunes apprennent, en plus du loisir, \u00e0 devenir citoyen.<\/span><\/p>\n<\/li>\n<\/ul>\n<\/li>\n<\/ul>\n<p align=\"JUSTIFY\"><span style=\"color: #000000\">Les valeurs de la Maison de Quartier, port\u00e9es par ses adh\u00e9rents, mais aussi par les habitants du quartier sont les suivantes. Elles sont mises en place et appliqu\u00e9es au sein du club jeune.<\/span><\/p>\n<ul>\n<li>\n<p align=\"JUSTIFY\"><span style=\"color: #339966\">Le respect (de soi et des autres)<\/span><\/p>\n<\/li>\n<li>\n<p align=\"JUSTIFY\"><span style=\"color: #339966\">La mixit\u00e9 (parce que les diff\u00e9rences sont sources d\u2019enrichissement)<\/span><\/p>\n<\/li>\n<li>\n<p align=\"JUSTIFY\"><span style=\"color: #339966\">Les apprentissages (nous avons tous \u00e0 apprendre des autres)<\/span><\/p>\n<\/li>\n<li>\n<p align=\"JUSTIFY\"><span style=\"color: #339966\">La la\u00efcit\u00e9.<\/span><\/p>\n<\/li>\n<\/ul>\n<p align=\"JUSTIFY\"><span style=\"color: #000000\">A chaque p\u00e9riode des vacances scolaires, un programme d\u2019animations jeunesse est propos\u00e9. Des s\u00e9jours de vacances (courts et longs) sont \u00e9galement mis en place et ouverts \u00e0 tous.<\/span><\/p>\n<p align=\"JUSTIFY\"><span style=\"color: #000000\">Connaitre et rencontrer les parents des jeunes est une priorit\u00e9 pour nous\u00a0; afin qu\u2019ils puissent voir dans quel cadre leur jeune \u00e9volue, mais aussi pour mettre un visage sur les animateurs jeunesse et enfin travailler ensemble.<\/span><\/p>\n<p align=\"JUSTIFY\"><span style=\"color: #ff0000\"><span style=\"text-decoration: underline\"><b>Informations pratiques<\/b><\/span>\u00a0:<\/span><\/p>\n<p align=\"JUSTIFY\"><span style=\"color: #000000\"><em>Ouvertures du club jeunes<\/em>\u00a0:<\/span><\/p>\n<ul>\n<li>\n<p align=\"JUSTIFY\"><span style=\"color: #000000\"><strong>En p\u00e9riode scolaire<\/strong>\u00a0:<\/span><\/p>\n<\/li>\n<\/ul>\n<ul>\n<li style=\"list-style-type: none\">\n<ul>\n<li>\n<p align=\"JUSTIFY\"><span style=\"color: #000000\">Mardi avec l&rsquo;accompagnement scolaire coll\u00e9giens : 17h30-19h00<\/span><\/p>\n<\/li>\n<li>\n<p align=\"JUSTIFY\"><span style=\"color: #000000\">Mercredi 14h-18h30<\/span><\/p>\n<\/li>\n<li>\n<p align=\"JUSTIFY\"><span style=\"color: #000000\">Jeudi avec l&rsquo;accompagnement scolaire coll\u00e9giens : 17h30-19h00<\/span><\/p>\n<\/li>\n<li>\n<p align=\"JUSTIFY\"><span style=\"color: #000000\">Samedi 14h-18h30<\/span><\/p>\n<\/li>\n<\/ul>\n<\/li>\n<\/ul>\n<ul>\n<li style=\"list-style-type: none\"><\/li>\n<\/ul>\n<ul>\n<li>\n<p align=\"JUSTIFY\"><span style=\"color: #000000\"><strong>En vacances scolaires<\/strong> :<\/span><\/p>\n<\/li>\n<\/ul>\n<ul>\n<li style=\"list-style-type: none\">\n<ul>\n<li>\n<p align=\"JUSTIFY\"><span style=\"color: #000000\">Du Lundi au Vendredi, tout d\u00e9pend des activit\u00e9s propos\u00e9es (les informations sur les horaires se trouvent sur les plannings d&rsquo;activit\u00e9s du Club jeunes du mois concern\u00e9)<\/span><\/p>\n<\/li>\n<\/ul>\n<\/li>\n<\/ul>\n<ul>\n<li style=\"list-style-type: none\"><\/li>\n<\/ul>\n<p>[\/vc_column_text][\/vc_column][\/vc_row]<\/p>\n<\/div>","protected":false},"excerpt":{"rendered":"<p>[vc_row][vc_column][vc_column_text]Le secteur jeunesse de la Maison de quartier Libert\u00e9 est rattach\u00e9 aussi \u00e0 la maison de quartier du Pont Morineau<\/p>\n","protected":false},"author":1,"featured_media":0,"parent":16,"menu_order":0,"comment_status":"closed","ping_status":"closed","template":"","meta":{"colormag_page_container_layout":"default_layout","colormag_page_sidebar_layout":"default_layout","footnotes":""},"class_list":["post-1158","page","type-page","status-publish","hentry"],"_links":{"self":[{"href":"http:\/\/amaqy.fr\/Liberte\/wp-json\/wp\/v2\/pages\/1158","targetHints":{"allow":["GET"]}}],"collection":[{"href":"http:\/\/amaqy.fr\/Liberte\/wp-json\/wp\/v2\/pages"}],"about":[{"href":"http:\/\/amaqy.fr\/Liberte\/wp-json\/wp\/v2\/types\/page"}],"author":[{"embeddable":true,"href":"http:\/\/amaqy.fr\/Liberte\/wp-json\/wp\/v2\/users\/1"}],"replies":[{"embeddable":true,"href":"http:\/\/amaqy.fr\/Liberte\/wp-json\/wp\/v2\/comments?post=1158"}],"version-history":[{"count":5,"href":"http:\/\/amaqy.fr\/Liberte\/wp-json\/wp\/v2\/pages\/1158\/revisions"}],"predecessor-version":[{"id":3237,"href":"http:\/\/amaqy.fr\/Liberte\/wp-json\/wp\/v2\/pages\/1158\/revisions\/3237"}],"up":[{"embeddable":true,"href":"http:\/\/amaqy.fr\/Liberte\/wp-json\/wp\/v2\/pages\/16"}],"wp:attachment":[{"href":"http:\/\/amaqy.fr\/Liberte\/wp-json\/wp\/v2\/media?parent=1158"}],"curies":[{"name":"wp","href":"https:\/\/api.w.org\/{rel}","templated":true}]}}